{"id":10849,"date":"2021-10-25T15:10:29","date_gmt":"2021-10-25T12:10:29","guid":{"rendered":"https:\/\/onlinezooshop.md\/?post_type=product&#038;p=10849"},"modified":"2022-10-11T10:12:55","modified_gmt":"2022-10-11T07:12:55","slug":"fruit-kurica-s-ananasom-12-sht80-gr","status":"publish","type":"product","link":"https:\/\/onlinezooshop.md\/ro\/magazin\/fruit-kurica-s-ananasom-12-sht80-gr\/","title":{"rendered":"Monge FRUIT \u041a\u0443\u0440\u0438\u0446\u0430 \u0441 \u0430\u043d\u0430\u043d\u0430\u0441\u043e\u043c 12 \u0448\u0442*80 \u0433\u0440"},"content":{"rendered":"<p dir=\"ltr\" data-placeholder=\"\u041f\u0435\u0440\u0435\u0432\u043e\u0434\">Con\u021binut:<\/p>\n<p dir=\"ltr\" data-placeholder=\"\u041f\u0435\u0440\u0435\u0432\u043e\u0434\">Pui 55%, Ananas 5%, orez, FOS (fructo-oligozaharide) 400 mg\/kg.<\/p>\n<p dir=\"ltr\" data-placeholder=\"\u041f\u0435\u0440\u0435\u0432\u043e\u0434\">Componente analitice<\/p>\n<p dir=\"ltr\" data-placeholder=\"\u041f\u0435\u0440\u0435\u0432\u043e\u0434\">Umiditate 82%, proteine \u200b\u200b13%, uleiuri \u0219i gr\u0103simi 0,5%, fibre 1%, cenu\u0219\u0103 2%.<\/p>\n<p dir=\"ltr\" data-placeholder=\"\u041f\u0435\u0440\u0435\u0432\u043e\u0434\">Adaosuri:<\/p>\n<p dir=\"ltr\" data-placeholder=\"\u041f\u0435\u0440\u0435\u0432\u043e\u0434\">Vitamina E (alfa-tocoferol) 50 mg\/kg.<\/p>\n<p dir=\"ltr\" data-placeholder=\"\u041f\u0435\u0440\u0435\u0432\u043e\u0434\">Instructiuni de utilizare<\/p>\n<p dir=\"ltr\" data-placeholder=\"\u041f\u0435\u0440\u0435\u0432\u043e\u0434\">2-3 conserve pe zi pentru pisici de greutate medie. Se serveste la temperatura camerei sau la rece. Odat\u0103 deschis, recipientul trebuie p\u0103strat la frigider, avertiz\u00e2nd c\u0103 produsul nu trebuie s\u0103 fie prea rece. L\u0103sa\u021bi \u00eentotdeauna ap\u0103 proasp\u0103t\u0103 \u0219i curat\u0103 la dispozi\u021bia animalului.<\/p>","protected":false},"excerpt":{"rendered":"<p>Monge Fruits Pui cu ananas este o hran\u0103 complementar\u0103 pentru cele mai sofisticate \u0219i preten\u021bioase pisici, \u0219i completeaz\u0103 linia Monge Natural Superpremium, o linie dedicat\u0103 \u00een \u00eentregime hr\u0103nirii naturale.<\/p>\n<p>Reteta se bazeaza pe un piept de pui delicios fortificat cu ananas pentru a oferi un aport echilibrat de vitamine naturale si FOS (oligozaharide din fructe).<\/p>\n<p>Toate materiile prime si ingredientele folosite sunt selectate si strict controlate in timpul procesului de productie, fructele nu sunt prelucrate chimic si nu se folosesc conservanti sau coloranti.<\/p>\n<p>Aburirea o face \u0219i mai gustoas\u0103, mai gustoas\u0103 \u0219i mai gustoas\u0103.<\/p>","protected":false},"featured_media":10850,"template":"","meta":[],"product_cat":[127],"product_tag":[],"_links":{"self":[{"href":"https:\/\/onlinezooshop.md\/ro\/wp-json\/wp\/v2\/product\/10849"}],"collection":[{"href":"https:\/\/onlinezooshop.md\/ro\/wp-json\/wp\/v2\/product"}],"about":[{"href":"https:\/\/onlinezooshop.md\/ro\/wp-json\/wp\/v2\/types\/product"}],"wp:featuredmedia":[{"embeddable":true,"href":"https:\/\/onlinezooshop.md\/ro\/wp-json\/wp\/v2\/media\/10850"}],"wp:attachment":[{"href":"https:\/\/onlinezooshop.md\/ro\/wp-json\/wp\/v2\/media?parent=10849"}],"wp:term":[{"taxonomy":"product_cat","embeddable":true,"href":"https:\/\/onlinezooshop.md\/ro\/wp-json\/wp\/v2\/product_cat?post=10849"},{"taxonomy":"product_tag","embeddable":true,"href":"https:\/\/onlinezooshop.md\/ro\/wp-json\/wp\/v2\/product_tag?post=10849"}],"curies":[{"name":"wp","href":"https:\/\/api.w.org\/{rel}","templated":true}]}}