{"id":10853,"date":"2021-10-25T15:17:06","date_gmt":"2021-10-25T12:17:06","guid":{"rendered":"https:\/\/onlinezooshop.md\/?post_type=product&#038;p=10853"},"modified":"2022-10-11T10:12:25","modified_gmt":"2022-10-11T07:12:25","slug":"fruit-tunec-s-ananasom-12-sht80-gr","status":"publish","type":"product","link":"https:\/\/onlinezooshop.md\/ro\/magazin\/fruit-tunec-s-ananasom-12-sht80-gr\/","title":{"rendered":"Monge FRUIT \u0422\u0443\u043d\u0435\u0446 \u0441 \u0430\u043d\u0430\u043d\u0430\u0441\u043e\u043c 12 \u0448\u0442*80 \u0433\u0440"},"content":{"rendered":"<p class=\"tw-data-text tw-ta tw-text-small\" dir=\"ltr\" data-placeholder=\"\u041f\u0435\u0440\u0435\u0432\u043e\u0434\"><span lang=\"ru\" tabindex=\"0\">Ingrediente: Ton (Katsuwonus pelamis) 55%, ananas 5, orez, F.O.S. (Fructooligozaharide) 400 mg\/kg. Analiza alimentelor Umiditate 82%, proteine \u200b\u200bbrute 13%, gr\u0103simi brute 0,5%, fibre brute 1%,<\/span><\/p>\n<p class=\"tw-data-text tw-ta tw-text-small\" dir=\"ltr\" data-placeholder=\"\u041f\u0435\u0440\u0435\u0432\u043e\u0434\"><span lang=\"ru\" tabindex=\"0\">vitamina E (alfa-tocoferol) 50 mg\/kg.<\/span><\/p>\n<p class=\"tw-data-text tw-ta tw-text-small\" dir=\"ltr\" data-placeholder=\"\u041f\u0435\u0440\u0435\u0432\u043e\u0434\">2-3 conserve pe zi pentru pisici de greutate medie. Se serveste la temperatura camerei sau la rece. Odat\u0103 deschis, recipientul trebuie p\u0103strat la frigider, avertiz\u00e2nd c\u0103 produsul nu trebuie s\u0103 fie prea rece. L\u0103sa\u021bi \u00eentotdeauna ap\u0103 proasp\u0103t\u0103 \u0219i curat\u0103 la dispozi\u021bia animalului.<\/p>","protected":false},"excerpt":{"rendered":"<p>Monge Fruits Ton cu ananas este o hran\u0103 complementar\u0103 pentru cele mai sofisticate \u0219i preten\u021bioase pisici, \u0219i completeaz\u0103 linia Monge Natural Superpremium, o linie dedicat\u0103 \u00een \u00eentregime hr\u0103nirii naturale.<\/p>\n<p>Re\u021beta se bazeaz\u0103 pe ton delicios fortificat cu ananas pentru a oferi un aport echilibrat de vitamine naturale \u0219i FOS (Oligozaharide din fructe).<\/p>\n<p>Toate materiile prime si ingredientele folosite sunt selectate si strict controlate in timpul procesului de productie, fructele nu sunt prelucrate chimic si nu se folosesc conservanti sau coloranti.<\/p>\n<p>Aburirea o face \u0219i mai gustoas\u0103, mai gustoas\u0103 \u0219i mai gustoas\u0103.<\/p>","protected":false},"featured_media":10854,"template":"","meta":[],"product_cat":[127],"product_tag":[],"_links":{"self":[{"href":"https:\/\/onlinezooshop.md\/ro\/wp-json\/wp\/v2\/product\/10853"}],"collection":[{"href":"https:\/\/onlinezooshop.md\/ro\/wp-json\/wp\/v2\/product"}],"about":[{"href":"https:\/\/onlinezooshop.md\/ro\/wp-json\/wp\/v2\/types\/product"}],"wp:featuredmedia":[{"embeddable":true,"href":"https:\/\/onlinezooshop.md\/ro\/wp-json\/wp\/v2\/media\/10854"}],"wp:attachment":[{"href":"https:\/\/onlinezooshop.md\/ro\/wp-json\/wp\/v2\/media?parent=10853"}],"wp:term":[{"taxonomy":"product_cat","embeddable":true,"href":"https:\/\/onlinezooshop.md\/ro\/wp-json\/wp\/v2\/product_cat?post=10853"},{"taxonomy":"product_tag","embeddable":true,"href":"https:\/\/onlinezooshop.md\/ro\/wp-json\/wp\/v2\/product_tag?post=10853"}],"curies":[{"name":"wp","href":"https:\/\/api.w.org\/{rel}","templated":true}]}}