{"id":10864,"date":"2021-10-25T15:33:36","date_gmt":"2021-10-25T12:33:36","guid":{"rendered":"https:\/\/onlinezooshop.md\/?post_type=product&#038;p=10864"},"modified":"2025-12-15T14:15:05","modified_gmt":"2025-12-15T11:15:05","slug":"jelly-can-yellowfin-s-tuncom-i-surimi-12-sht80-gr","status":"publish","type":"product","link":"https:\/\/onlinezooshop.md\/ro\/magazin\/jelly-can-yellowfin-s-tuncom-i-surimi-12-sht80-gr\/","title":{"rendered":"Monge JELLY Can Yellowfin \u0441 \u0442\u0443\u043d\u0446\u043e\u043c \u0438 \u0441\u0443\u0440\u0438\u043c\u0438 12 \u0448\u0442*80 \u0433\u0440"},"content":{"rendered":"<div class=\"website-wrapper\">\n<div class=\"main-page-wrapper\">\n<div class=\"container-fluid\">\n<div class=\"row content-layout-wrapper\">\n<div class=\"site-content shop-content-area col-12 breadcrumbs-location-summary content-with-products\" role=\"main\">\n<div id=\"product-4682\" class=\"single-product-page single-product-content product-design-default tabs-location-standard tabs-type-tabs meta-location-add_to_cart reviews-location-tabs product-no-bg product type-product post-4682 status-publish first instock product_cat-monge-monge---- product_cat-375 product_cat-60 product_cat-369 has-post-thumbnail shipping-taxable purchasable product-type-simple\">\n<div class=\"product-tabs-wrapper\">\n<div class=\"container\">\n<div class=\"row\">\n<div class=\"col-12 poduct-tabs-inner\">\n<div class=\"woocommerce-tabs wc-tabs-wrapper tabs-layout-tabs\">\n<div class=\"woodmart-tab-wrapper\">\n<div id=\"tab-description\" class=\"woocommerce-Tabs-panel woocommerce-Tabs-panel--description panel entry-content wc-tab\">\n<div class=\"wc-tab-inner\">\n<div class=\"\">\n<p id=\"tw-target-text\" class=\"tw-data-text tw-ta tw-text-small\" dir=\"ltr\" data-placeholder=\"\u041f\u0435\u0440\u0435\u0432\u043e\u0434\"><span lang=\"ru\" tabindex=\"0\">Monge \u2013 \u044d\u0442\u043e \u043b\u0438\u043d\u0438\u044f, \u043f\u043e\u043b\u043d\u043e\u0441\u0442\u044c\u044e \u043f\u043e\u0441\u0432\u044f\u0449\u0435\u043d\u043d\u0430\u044f \u043d\u0430\u0442\u0443\u0440\u0430\u043b\u044c\u043d\u043e\u043c\u0443 \u043a\u043e\u0440\u043c\u043b\u0435\u043d\u0438\u044e, \u0442\u043e\u043b\u044c\u043a\u043e \u043d\u0430\u0442\u0443\u0440\u0430\u043b\u044c\u043d\u044b\u0435 \u0438\u043d\u0433\u0440\u0435\u0434\u0438\u0435\u043d\u0442\u044b, \u0442\u0449\u0430\u0442\u0435\u043b\u044c\u043d\u043e \u043e\u0442\u043e\u0431\u0440\u0430\u043d\u043d\u044b\u0435, \u043e\u0447\u0435\u043d\u044c \u043a\u0430\u0447\u0435\u0441\u0442\u0432\u0435\u043d\u043d\u044b\u0435, \u0434\u043e\u043f\u043e\u043b\u043d\u044f\u044e\u0449\u0438\u0435 \u043a\u043e\u0440\u043c\u0430 \u0434\u043b\u044f \u043a\u043e\u0448\u0435\u043a\u00a0 , \u0441\u043e \u0432\u0441\u0435\u043c\u0438 \u0442\u0438\u043f\u0438\u0447\u043d\u044b\u043c\u0438 \u0445\u0430\u0440\u0430\u043a\u0442\u0435\u0440\u0438\u0441\u0442\u0438\u043a\u0430\u043c\u0438 \u043f\u0440\u043e\u0434\u0443\u043a\u0442\u043e\u0432 \u0432\u044b\u0441\u043e\u043a\u043e\u0433\u043e \u043a\u0430\u0447\u0435\u0441\u0442\u0432\u0430. \u041a\u0430\u0447\u0435\u0441\u0442\u0432\u0435\u043d\u043d\u044b\u0435 \u0438\u043d\u0433\u0440\u0435\u0434\u0438\u0435\u043d\u0442\u044b, \u0441 \u0432\u044b\u0441\u043e\u043a\u0438\u043c \u0441\u043e\u0434\u0435\u0440\u0436\u0430\u043d\u0438\u0435\u043c \u043f\u0438\u0442\u0430\u0442\u0435\u043b\u044c\u043d\u044b\u0445 \u0432\u0435\u0449\u0435\u0441\u0442\u0432, \u0431\u043e\u0433\u0430\u0442\u044b\u0435 \u043e\u043c\u0435\u0433\u0430-3, \u0431\u043e\u0433\u0430\u0442\u044b\u0435 \u0431\u0435\u043b\u043a\u0430\u043c\u0438, \u0441 \u043d\u0438\u0437\u043a\u0438\u043c \u0441\u043e\u0434\u0435\u0440\u0436\u0430\u043d\u0438\u0435\u043c \u0436\u0438\u0440\u0430. \u042d\u0442\u0438 \u043f\u0440\u043e\u0434\u0443\u043a\u0442\u044b \u043f\u043e\u043b\u043d\u043e\u0441\u0442\u044c\u044e \u043d\u0430\u0442\u0443\u0440\u0430\u043b\u044c\u043d\u044b\u0435, \u0431\u0435\u0437 \u043a\u043e\u043d\u0441\u0435\u0440\u0432\u0430\u043d\u0442\u043e\u0432 \u0438 \u043a\u0440\u0430\u0441\u0438\u0442\u0435\u043b\u0435\u0439, \u0431\u0435\u0437 \u0433\u043b\u044e\u0442\u0435\u043d\u0430. \u0425\u043e\u0440\u043e\u0448\u043e \u043f\u043e\u043c\u043e\u0433\u0430\u0435\u0442 \u043a\u043e\u0448\u043a\u0435 \u0441\u043e\u0445\u0440\u0430\u043d\u044f\u0442\u044c \u0443\u043c\u043d\u0443\u044e, \u0437\u0434\u043e\u0440\u043e\u0432\u0443\u044e \u0444\u043e\u0440\u043c\u0443, \u044d\u043d\u0435\u0440\u0433\u0438\u0447\u043d\u0443\u044e, \u0441\u0432\u0435\u0436\u0443\u044e \u0432\u0441\u0435 \u0432\u0440\u0435\u043c\u044f.<\/span><\/p>\n<p id=\"tw-target-text\" class=\"tw-data-text tw-ta tw-text-small\" dir=\"ltr\" data-placeholder=\"\u041f\u0435\u0440\u0435\u0432\u043e\u0434\"><span lang=\"ru\" tabindex=\"0\">\u0418\u043d\u0433\u0440\u0435\u0434\u0438\u0435\u043d\u0442\u044b: \u0422\u0443\u043d\u0435\u0446, \u0441\u0443\u0440\u0438\u043c\u0438, F.O.S, \u0432\u0438\u0442\u0430\u043c\u0438\u043d \u0415, \u0436\u0435\u043b\u0438\u0440\u0443\u044e\u0449\u0438\u0435 \u0432\u0435\u0449\u0435\u0441\u0442\u0432\u0430.<\/span><\/p>\n<p class=\"fusion-tab-heading\" data-fontsize=\"16\" data-lineheight=\"20\">Con\u021binut:<\/p>\n<p data-fontsize=\"16\" data-lineheight=\"20\">\u0422\u0443\u043d\u0435\u0446 46,25%, \u0441\u0443\u0440\u0438\u043c\u0438 6,25%, \u0440\u0438\u0441, \u0444\u0440\u0443\u043a\u0442\u044b-\u043e\u043b\u0438\u0433\u043e\u0441\u0430\u0445\u0430\u0440\u0438\u0434\u044b.<\/p>\n<p class=\"fusion-tab-heading\" data-fontsize=\"16\" data-lineheight=\"20\">Componente analitice<\/p>\n<p data-fontsize=\"16\" data-lineheight=\"20\">Umiditate 82%, proteine \u200b\u200b13%, uleiuri \u0219i gr\u0103simi 1%, fibre 1%, cenu\u0219\u0103 2%.<\/p>\n<p class=\"fusion-tab-heading\" data-fontsize=\"16\" data-lineheight=\"20\">Adaosuri:<\/p>\n<p data-fontsize=\"16\" data-lineheight=\"20\">Aditivi tehnologici: Agenti de ingrosare si gelificanti.<\/p>\n<p class=\"fusion-tab-heading\" data-fontsize=\"16\" data-lineheight=\"20\">Instructiuni de utilizare<\/p>\n<div id=\"content\" class=\"portfolio-one-sidebar\">\n<div id=\"post-2335\" class=\"post post-2335 product type-product status-publish has-post-thumbnail hentry categoria-prodotto-superpremium brand-prodotto-monge-superpremium-jelly brand-prodotto-monge-superpremium animale-gatto confezione-prodotto-lattina tipo-alimento-sfilaccetti tipo-alimento-umido eta-animale-adulto caratteristica-prodotto-cruelty-free\">\n<div class=\"post-content\">\n<div class=\"row info_product\">\n<div class=\"fusion-tabs fusion-tabs-1 classic horizontal-tabs\">\n<div class=\"tab-content\">\n<div id=\"tab-ceb6ae8e2b74cb75df1\" class=\"tab-pane fade active in\">\n<p>\u0414\u043b\u044f \u043a\u043e\u0448\u043a\u0438 \u0441\u0440\u0435\u0434\u043d\u0435\u0433\u043e \u0440\u0430\u0437\u043c\u0435\u0440\u0430 80 \u0433\u0440\u0430\u043c\u043c \u043f\u0440\u043e\u0434\u0443\u043a\u0442\u0430, 4\/5 \u0440\u0430\u0437 \u0432 \u0434\u0435\u043d\u044c. \u041f\u043e\u0434\u0430\u0432\u0430\u0442\u044c \u043f\u0440\u0438 \u043a\u043e\u043c\u043d\u0430\u0442\u043d\u043e\u0439 \u0442\u0435\u043c\u043f\u0435\u0440\u0430\u0442\u0443\u0440\u0435 \u0438\u043b\u0438 \u0432 \u043f\u0440\u043e\u0445\u043b\u0430\u0434\u043d\u043e\u043c \u043c\u0435\u0441\u0442\u0435. \u041f\u043e\u0441\u043b\u0435 \u0432\u0441\u043a\u0440\u044b\u0442\u0438\u044f \u043a\u043e\u043d\u0441\u0435\u0440\u0432\u043d\u0443\u044e \u0431\u0430\u043d\u043a\u0443 \u043d\u0435\u043e\u0431\u0445\u043e\u0434\u0438\u043c\u043e \u0445\u0440\u0430\u043d\u0438\u0442\u044c \u0432 \u0445\u043e\u043b\u043e\u0434\u0438\u043b\u044c\u043d\u0438\u043a\u0435, \u043f\u0440\u0435\u0434\u0443\u043f\u0440\u0435\u0436\u0434\u0430\u044f, \u0447\u0442\u043e \u043f\u0440\u043e\u0434\u0443\u043a\u0442 \u043d\u0435 \u0434\u043e\u043b\u0436\u0435\u043d \u0431\u044b\u0442\u044c \u0441\u043b\u0438\u0448\u043a\u043e\u043c \u0445\u043e\u043b\u043e\u0434\u043d\u044b\u043c. \u0412\u0441\u0435\u0433\u0434\u0430 \u043e\u0441\u0442\u0430\u0432\u043b\u044f\u0439\u0442\u0435 \u0441\u0432\u0435\u0436\u0443\u044e \u0438 \u0447\u0438\u0441\u0442\u0443\u044e \u0432\u043e\u0434\u0443 \u0434\u043e\u0441\u0442\u0443\u043f\u043d\u043e\u0439 \u0434\u043b\u044f \u0436\u0438\u0432\u043e\u0442\u043d\u043e\u0433\u043e.<\/p>\n<\/div>\n<\/div>\n<\/div>\n<\/div>\n<\/div>\n<\/div>\n<\/div>\n<\/div>\n<\/div>\n<\/div>\n<\/div>\n<\/div>\n<\/div>\n<\/div>\n<\/div>\n<\/div>\n<\/div>\n<\/div>\n<\/div>\n<\/div>\n<\/div>\n<\/div>","protected":false},"excerpt":{"rendered":"<p>File de ton Pacific cu surimi fraged \u00een jeleu<\/p>\n<p>Hran\u0103 complementar\u0103 pentru pisici adulte cu ton delicios din Pacific \u0219i surimi fraged, produs\u0103 \u00een Thailanda, cu caracteristicile tipice unui produs pe baz\u0103 de pe\u0219te de \u00eenalt\u0103 calitate: gust excelent datorit\u0103 utiliz\u0103rii de ingrediente proaspete \u0219i valoare nutritiv\u0103 bun\u0103. Este bogat in omega-3, bogat in proteine \u200b\u200bsi sarac in grasimi, fara coloranti sau conservanti. Acest lucru ajut\u0103 pisica s\u0103 se men\u021bin\u0103 \u00een form\u0103 bun\u0103 \u0219i cu niveluri bune de energie.<\/p>","protected":false},"featured_media":12502,"template":"","meta":[],"product_cat":[127],"product_tag":[],"_links":{"self":[{"href":"https:\/\/onlinezooshop.md\/ro\/wp-json\/wp\/v2\/product\/10864"}],"collection":[{"href":"https:\/\/onlinezooshop.md\/ro\/wp-json\/wp\/v2\/product"}],"about":[{"href":"https:\/\/onlinezooshop.md\/ro\/wp-json\/wp\/v2\/types\/product"}],"wp:featuredmedia":[{"embeddable":true,"href":"https:\/\/onlinezooshop.md\/ro\/wp-json\/wp\/v2\/media\/12502"}],"wp:attachment":[{"href":"https:\/\/onlinezooshop.md\/ro\/wp-json\/wp\/v2\/media?parent=10864"}],"wp:term":[{"taxonomy":"product_cat","embeddable":true,"href":"https:\/\/onlinezooshop.md\/ro\/wp-json\/wp\/v2\/product_cat?post=10864"},{"taxonomy":"product_tag","embeddable":true,"href":"https:\/\/onlinezooshop.md\/ro\/wp-json\/wp\/v2\/product_tag?post=10864"}],"curies":[{"name":"wp","href":"https:\/\/api.w.org\/{rel}","templated":true}]}}