{"id":10866,"date":"2021-10-25T15:36:20","date_gmt":"2021-10-25T12:36:20","guid":{"rendered":"https:\/\/onlinezooshop.md\/?post_type=product&#038;p=10866"},"modified":"2025-12-15T14:14:29","modified_gmt":"2025-12-15T11:14:29","slug":"jelly-can-yellowfin-s-tuncom-i-krevetkami-12-sht80-gr","status":"publish","type":"product","link":"https:\/\/onlinezooshop.md\/ro\/magazin\/jelly-can-yellowfin-s-tuncom-i-krevetkami-12-sht80-gr\/","title":{"rendered":"Monge JELLY Can Yellowfin \u0441 \u0442\u0443\u043d\u0446\u043e\u043c \u0438 \u043a\u0440\u0435\u0432\u0435\u0442\u043a\u0430\u043c\u0438 12 \u0448\u0442*80 \u0433\u0440"},"content":{"rendered":"<p id=\"tw-target-text\" class=\"tw-data-text tw-ta tw-text-small\" dir=\"ltr\" data-placeholder=\"\u041f\u0435\u0440\u0435\u0432\u043e\u0434\"><span lang=\"ru\" tabindex=\"0\">H<\/span>rana complementara pentru pisici adulte, cu ton gustos in jeleu de creveti, cu toate caracteristicile tipice produselor de inalta calitate: palatabilitate ridicata din ingrediente proaspete si de calitate, bogata in nutrienti, bogata in omega-3, bogata in proteine \u200b\u200bsi saraca in grasimi. Fara conservanti sau coloranti. Bun pentru a ajuta pisica s\u0103 r\u0103m\u00e2n\u0103 s\u0103n\u0103toas\u0103 \u0219i energic\u0103.<\/p>\n<p id=\"tw-target-text\" class=\"tw-data-text tw-ta tw-text-small\" dir=\"ltr\" data-placeholder=\"\u041f\u0435\u0440\u0435\u0432\u043e\u0434\">Con\u021binut:<\/p>\n<p class=\"tw-data-text tw-ta tw-text-small\" dir=\"ltr\" data-placeholder=\"\u041f\u0435\u0440\u0435\u0432\u043e\u0434\">Ton 47,5%, creve\u021bi 5%, orez, fructe oligozaharide.<\/p>\n<p class=\"tw-data-text tw-ta tw-text-small\" dir=\"ltr\" data-placeholder=\"\u041f\u0435\u0440\u0435\u0432\u043e\u0434\">Componente analitice<\/p>\n<p class=\"tw-data-text tw-ta tw-text-small\" dir=\"ltr\" data-placeholder=\"\u041f\u0435\u0440\u0435\u0432\u043e\u0434\">Umiditate 82%, proteine \u200b\u200b13%, uleiuri \u0219i gr\u0103simi 1%, fibre 1%, cenu\u0219\u0103 2%.<\/p>\n<p class=\"tw-data-text tw-ta tw-text-small\" dir=\"ltr\" data-placeholder=\"\u041f\u0435\u0440\u0435\u0432\u043e\u0434\">Adaosuri:<\/p>\n<p class=\"tw-data-text tw-ta tw-text-small\" dir=\"ltr\" data-placeholder=\"\u041f\u0435\u0440\u0435\u0432\u043e\u0434\">Aditivi tehnologici: Agenti de ingrosare si gelificanti.<\/p>\n<p class=\"tw-data-text tw-ta tw-text-small\" dir=\"ltr\" data-placeholder=\"\u041f\u0435\u0440\u0435\u0432\u043e\u0434\">Instructiuni de utilizare<\/p>\n<p dir=\"ltr\" data-placeholder=\"\u041f\u0435\u0440\u0435\u0432\u043e\u0434\">Pentru o pisica de talie medie, 80 de grame de produs, de 4\/5 ori pe zi. Se serveste la temperatura camerei sau la rece. Dup\u0103 deschidere, recipientul trebuie p\u0103strat la frigider, avertiz\u00e2nd c\u0103 produsul nu trebuie s\u0103 fie prea rece. L\u0103sa\u021bi \u00eentotdeauna ap\u0103 proasp\u0103t\u0103 \u0219i curat\u0103 la dispozi\u021bia animalului.<\/p>","protected":false},"excerpt":{"rendered":"<p>Ton Pacific feliat cu Creve\u021bi Jeleu Gourmet<br \/>\nHran\u0103 complementar\u0103 pentru pisici adulte cu ton delicios din Pacific \u0219i creve\u021bi gourmet produse \u00een Thailanda, cu caracteristicile tipice unui produs pe baz\u0103 de pe\u0219te de \u00eenalt\u0103 calitate: gust excelent datorit\u0103 utiliz\u0103rii ingredientelor proaspete \u0219i valoare nutritiv\u0103 bun\u0103. Este bogat in omega-3, bogat in proteine \u200b\u200bsi sarac in grasimi, fara coloranti sau conservanti. Acest lucru ajut\u0103 pisica s\u0103 se men\u021bin\u0103 \u00een form\u0103 bun\u0103 \u0219i cu niveluri bune de energie.<\/p>","protected":false},"featured_media":12500,"template":"","meta":[],"product_cat":[127],"product_tag":[],"_links":{"self":[{"href":"https:\/\/onlinezooshop.md\/ro\/wp-json\/wp\/v2\/product\/10866"}],"collection":[{"href":"https:\/\/onlinezooshop.md\/ro\/wp-json\/wp\/v2\/product"}],"about":[{"href":"https:\/\/onlinezooshop.md\/ro\/wp-json\/wp\/v2\/types\/product"}],"wp:featuredmedia":[{"embeddable":true,"href":"https:\/\/onlinezooshop.md\/ro\/wp-json\/wp\/v2\/media\/12500"}],"wp:attachment":[{"href":"https:\/\/onlinezooshop.md\/ro\/wp-json\/wp\/v2\/media?parent=10866"}],"wp:term":[{"taxonomy":"product_cat","embeddable":true,"href":"https:\/\/onlinezooshop.md\/ro\/wp-json\/wp\/v2\/product_cat?post=10866"},{"taxonomy":"product_tag","embeddable":true,"href":"https:\/\/onlinezooshop.md\/ro\/wp-json\/wp\/v2\/product_tag?post=10866"}],"curies":[{"name":"wp","href":"https:\/\/api.w.org\/{rel}","templated":true}]}}