{"id":10870,"date":"2021-10-25T15:41:50","date_gmt":"2021-10-25T12:41:50","guid":{"rendered":"https:\/\/onlinezooshop.md\/?post_type=product&#038;p=10870"},"modified":"2025-12-15T14:13:58","modified_gmt":"2025-12-15T11:13:58","slug":"jelly-can-yellowfin-s-tuncom-i-anchousy-12-sht80-gr","status":"publish","type":"product","link":"https:\/\/onlinezooshop.md\/ro\/magazin\/jelly-can-yellowfin-s-tuncom-i-anchousy-12-sht80-gr\/","title":{"rendered":"Monge JELLY Can Yellowfin \u0441 \u0442\u0443\u043d\u0446\u043e\u043c \u0438 \u0430\u043d\u0447\u043e\u0443\u0441\u044b 12 \u0448\u0442*80 \u0433\u0440"},"content":{"rendered":"<p class=\"fusion-tab-heading\" data-fontsize=\"16\" data-lineheight=\"20\">Con\u021binut:<\/p>\n<div class=\"post-content\">\n<div class=\"row info_product\">\n<div class=\"fusion-tabs fusion-tabs-1 classic horizontal-tabs\">\n<div class=\"tab-content\">\n<div id=\"tab-aa55bd87bc7bb62eaf2\" class=\"tab-pane fade in active\">\n<p>Ton 48,13%, hamsii 2,5%, orez, fructe oligozaharide.<\/p>\n<\/div>\n<\/div>\n<\/div>\n<\/div>\n<\/div>\n<p class=\"fusion-tab-heading\" data-fontsize=\"16\" data-lineheight=\"20\">Componente analitice<\/p>\n<div class=\"post-content\">\n<div class=\"row info_product\">\n<div class=\"fusion-tabs fusion-tabs-1 classic horizontal-tabs\">\n<div class=\"tab-content\">\n<div id=\"tab-ff16d126168a465233c\" class=\"tab-pane fade active in\">\n<p>Umiditate 82%, proteine \u200b\u200b13%, uleiuri \u0219i gr\u0103simi 1%, fibre 1%, cenu\u0219\u0103 2%.<\/p>\n<\/div>\n<\/div>\n<\/div>\n<\/div>\n<\/div>\n<p class=\"fusion-tab-heading\" data-fontsize=\"16\" data-lineheight=\"20\">Adaosuri:<\/p>\n<div class=\"post-content\">\n<div class=\"row info_product\">\n<div class=\"fusion-tabs fusion-tabs-1 classic horizontal-tabs\">\n<div class=\"tab-content\">\n<div id=\"tab-846bb2a3a25e00a827c\" class=\"tab-pane fade active in\">\n<p>Aditivi tehnologici: Agenti de ingrosare si gelificanti.<\/p>\n<\/div>\n<\/div>\n<\/div>\n<\/div>\n<\/div>\n<p class=\"fusion-tab-heading\" data-fontsize=\"16\" data-lineheight=\"20\">Instructiuni de utilizare<\/p>\n<p>Pentru o pisica de talie medie, 80 de grame de produs, de 4\/5 ori pe zi. Se serveste la temperatura camerei sau la rece. Dup\u0103 deschidere, recipientul trebuie p\u0103strat la frigider, avertiz\u00e2nd c\u0103 produsul nu trebuie s\u0103 fie prea rece. L\u0103sa\u021bi \u00eentotdeauna ap\u0103 proasp\u0103t\u0103 \u0219i curat\u0103 la dispozi\u021bia animalului.<\/p>","protected":false},"excerpt":{"rendered":"<p>Hrana complementara pentru pisici adulte cu ton gustos cu hamsie produsa in Thailanda, cu caracteristicile tipice unui produs din peste de inalta calitate: gust excelent datorita folosirii ingredientelor proaspete si valoare nutritiva buna. Este bogat in omega-3, bogat in proteine \u200b\u200bsi sarac in grasimi, fara coloranti sau conservanti. Acest lucru ajut\u0103 pisica s\u0103 se men\u021bin\u0103 \u00een form\u0103 bun\u0103 \u0219i cu niveluri bune de energie.<\/p>","protected":false},"featured_media":12501,"template":"","meta":[],"product_cat":[127],"product_tag":[],"_links":{"self":[{"href":"https:\/\/onlinezooshop.md\/ro\/wp-json\/wp\/v2\/product\/10870"}],"collection":[{"href":"https:\/\/onlinezooshop.md\/ro\/wp-json\/wp\/v2\/product"}],"about":[{"href":"https:\/\/onlinezooshop.md\/ro\/wp-json\/wp\/v2\/types\/product"}],"wp:featuredmedia":[{"embeddable":true,"href":"https:\/\/onlinezooshop.md\/ro\/wp-json\/wp\/v2\/media\/12501"}],"wp:attachment":[{"href":"https:\/\/onlinezooshop.md\/ro\/wp-json\/wp\/v2\/media?parent=10870"}],"wp:term":[{"taxonomy":"product_cat","embeddable":true,"href":"https:\/\/onlinezooshop.md\/ro\/wp-json\/wp\/v2\/product_cat?post=10870"},{"taxonomy":"product_tag","embeddable":true,"href":"https:\/\/onlinezooshop.md\/ro\/wp-json\/wp\/v2\/product_tag?post=10870"}],"curies":[{"name":"wp","href":"https:\/\/api.w.org\/{rel}","templated":true}]}}