{"id":10883,"date":"2021-10-26T13:08:38","date_gmt":"2021-10-26T10:08:38","guid":{"rendered":"https:\/\/onlinezooshop.md\/?post_type=product&#038;p=10883"},"modified":"2025-12-15T15:11:48","modified_gmt":"2025-12-15T12:11:48","slug":"natural-can-tunec-kurica-kukuruza-12-sht80-gr","status":"publish","type":"product","link":"https:\/\/onlinezooshop.md\/ro\/magazin\/natural-can-tunec-kurica-kukuruza-12-sht80-gr\/","title":{"rendered":"Monge NATURAL Can \u0442\u0443\u043d\u0435\u0446, \u043a\u0443\u0440\u0438\u0446\u0430, \u043a\u0443\u043a\u0443\u0440\u0443\u0437\u0430 12 \u0448\u0442*80 \u0433\u0440"},"content":{"rendered":"<p>Fara gluten<br \/>\nBogat \u00een omega-3 \u0219i omega-6<br \/>\nBogat \u00een nutrien\u021bi \u0219i proteine, dar s\u0103rac \u00een gr\u0103simi<br \/>\nPreparat la aburi<br \/>\nNu este testat pe animale.<\/p>","protected":false},"excerpt":{"rendered":"<div class=\"product-tabs-wrapper\">\n<div class=\"container\">\n<div class=\"row\">\n<div class=\"col-12 poduct-tabs-inner\">\n<div class=\"woocommerce-tabs wc-tabs-wrapper tabs-layout-tabs\">\n<div class=\"woodmart-tab-wrapper\">\n<div id=\"tab-description\" class=\"woocommerce-Tabs-panel woocommerce-Tabs-panel--description panel entry-content wc-tab\">\n<div class=\"wc-tab-inner\">\n<div class=\"\">\n<p id=\"tw-target-text\" class=\"tw-data-text tw-ta tw-text-small\" dir=\"ltr\" data-placeholder=\"\u041f\u0435\u0440\u0435\u0432\u043e\u0434\"><span lang=\"ru\" tabindex=\"0\">\u0412\u043a\u0443\u0441 \u0442\u0443\u043d\u0435\u0446, \u043a\u0443\u0440\u0438\u0446\u0430, \u043a\u0443\u043a\u0443\u0440\u0443\u0437\u0430\u00a0<\/span><\/p>\n<\/div>\n<\/div>\n<\/div>\n<\/div>\n<\/div>\n<\/div>\n<\/div>\n<\/div>\n<\/div>","protected":false},"featured_media":12519,"template":"","meta":[],"product_cat":[127],"product_tag":[],"_links":{"self":[{"href":"https:\/\/onlinezooshop.md\/ro\/wp-json\/wp\/v2\/product\/10883"}],"collection":[{"href":"https:\/\/onlinezooshop.md\/ro\/wp-json\/wp\/v2\/product"}],"about":[{"href":"https:\/\/onlinezooshop.md\/ro\/wp-json\/wp\/v2\/types\/product"}],"wp:featuredmedia":[{"embeddable":true,"href":"https:\/\/onlinezooshop.md\/ro\/wp-json\/wp\/v2\/media\/12519"}],"wp:attachment":[{"href":"https:\/\/onlinezooshop.md\/ro\/wp-json\/wp\/v2\/media?parent=10883"}],"wp:term":[{"taxonomy":"product_cat","embeddable":true,"href":"https:\/\/onlinezooshop.md\/ro\/wp-json\/wp\/v2\/product_cat?post=10883"},{"taxonomy":"product_tag","embeddable":true,"href":"https:\/\/onlinezooshop.md\/ro\/wp-json\/wp\/v2\/product_tag?post=10883"}],"curies":[{"name":"wp","href":"https:\/\/api.w.org\/{rel}","templated":true}]}}