{"id":10885,"date":"2021-10-26T13:11:27","date_gmt":"2021-10-26T10:11:27","guid":{"rendered":"https:\/\/onlinezooshop.md\/?post_type=product&#038;p=10885"},"modified":"2025-12-15T15:09:45","modified_gmt":"2025-12-15T12:09:45","slug":"natural-can-tunec-kuricakrevetki-12-sht80-gr","status":"publish","type":"product","link":"https:\/\/onlinezooshop.md\/ro\/magazin\/natural-can-tunec-kuricakrevetki-12-sht80-gr\/","title":{"rendered":"Monge NATURAL Can \u0442\u0443\u043d\u0435\u0446, \u043a\u0443\u0440\u0438\u0446\u0430, \u043a\u0440\u0435\u0432\u0435\u0442\u043a\u0438 12 \u0448\u0442*80 \u0433\u0440"},"content":{"rendered":"<p class=\"tw-data-text tw-ta tw-text-small\" dir=\"ltr\" data-placeholder=\"\u041f\u0435\u0440\u0435\u0432\u043e\u0434\"><span lang=\"ru\" tabindex=\"0\">Fara aditivi, coloranti sau conservanti.Bogat in omega-3 pentru a proteja impotriva inflamatiei. Hrana complementara pentru pisici cu ton gustos cu pui si creveti, cu toate caracteristicile tipice produselor de inalta calitate: palatabilitate ridicata din ingrediente proaspete si de calitate, bogata in nutrienti, bogata in omega-3, bogata in proteine, saraca in grasimi. Fara conservanti, fara coloranti si fara gluten. Bun pentru a ajuta pisica s\u0103 r\u0103m\u00e2n\u0103 s\u0103n\u0103toas\u0103 \u0219i energic\u0103.<\/span><\/p>\n<p class=\"tw-data-text tw-ta tw-text-small\" dir=\"ltr\" data-placeholder=\"\u041f\u0435\u0440\u0435\u0432\u043e\u0434\"><span lang=\"ru\" tabindex=\"0\">Ingrediente: Ton 45%, Pui 26%, Creve\u021bi 5%, Orez 1%.<\/span><\/p>","protected":false},"excerpt":{"rendered":"<p id=\"tw-target-text\" class=\"tw-data-text tw-ta tw-text-small\" dir=\"ltr\" data-placeholder=\"\u041f\u0435\u0440\u0435\u0432\u043e\u0434\"><span lang=\"ru\" tabindex=\"0\">100 % re\u021bet\u0103 natural\u0103<\/span><\/p>\n<p class=\"tw-data-text tw-ta tw-text-small\" dir=\"ltr\" data-placeholder=\"\u041f\u0435\u0440\u0435\u0432\u043e\u0434\"><span lang=\"ru\" tabindex=\"0\">Ingrediente de calitate superioara cu adaos de vitamine si minerale.<\/span><\/p>","protected":false},"featured_media":12520,"template":"","meta":[],"product_cat":[127],"product_tag":[],"_links":{"self":[{"href":"https:\/\/onlinezooshop.md\/ro\/wp-json\/wp\/v2\/product\/10885"}],"collection":[{"href":"https:\/\/onlinezooshop.md\/ro\/wp-json\/wp\/v2\/product"}],"about":[{"href":"https:\/\/onlinezooshop.md\/ro\/wp-json\/wp\/v2\/types\/product"}],"wp:featuredmedia":[{"embeddable":true,"href":"https:\/\/onlinezooshop.md\/ro\/wp-json\/wp\/v2\/media\/12520"}],"wp:attachment":[{"href":"https:\/\/onlinezooshop.md\/ro\/wp-json\/wp\/v2\/media?parent=10885"}],"wp:term":[{"taxonomy":"product_cat","embeddable":true,"href":"https:\/\/onlinezooshop.md\/ro\/wp-json\/wp\/v2\/product_cat?post=10885"},{"taxonomy":"product_tag","embeddable":true,"href":"https:\/\/onlinezooshop.md\/ro\/wp-json\/wp\/v2\/product_tag?post=10885"}],"curies":[{"name":"wp","href":"https:\/\/api.w.org\/{rel}","templated":true}]}}