{"id":10889,"date":"2021-10-26T13:26:38","date_gmt":"2021-10-26T10:26:38","guid":{"rendered":"https:\/\/onlinezooshop.md\/?post_type=product&#038;p=10889"},"modified":"2026-02-04T13:56:04","modified_gmt":"2026-02-04T10:56:04","slug":"natural-can-yellowfin-tunec-losos-12-sht80-gr","status":"publish","type":"product","link":"https:\/\/onlinezooshop.md\/ro\/magazin\/natural-can-yellowfin-tunec-losos-12-sht80-gr\/","title":{"rendered":"Monge NATURAL Can Yellowfin \u0422\u0443\u043d\u0435\u0446, \u043b\u043e\u0441\u043e\u0441\u044c 12 \u0448\u0442*80 \u0433\u0440"},"content":{"rendered":"<p>Sunt folosite doar ingrediente naturale selectate \u0219i calitatea acestora este asigurat\u0103 cu toate caracteristicile tipice produselor de \u00eenalt\u0103 calitate: Palatabilitate ridicat\u0103 din prospe\u021bimea ingredientelor de calitate Con\u021binut ridicat de nutrien\u021bi Bogat \u00een omega-3 \u0219i proteine \u200b\u200bS\u0103rac \u00een gr\u0103simi. Hrana pentru pisici Monge este complet naturala, fara conservanti si coloranti, fara gluten. Perfect pentru a-\u021bi ajuta prietenii feline s\u0103 r\u0103m\u00e2n\u0103 s\u0103n\u0103to\u0219i, energiza\u021bi \u0219i \u00eemprosp\u0103ta\u021bi tot timpul! Compozi\u021biile Monge sunt delicioase, pline cu carne sau pe\u0219te proasp\u0103t \u0219i atent selectate de exper\u021bii no\u0219tri. Digestia este asistat\u0103 de elemente echilibrate \u00een mod natural, cu adaos de vitamine \u0219i s\u0103ruri minerale, care sunt necesare pentru cre\u0219terea adecvat\u0103 \u0219i men\u021binerea s\u0103n\u0103t\u0103\u021bii.<\/p>","protected":false},"excerpt":{"rendered":"<div class=\"product-tabs-wrapper\">\n<div class=\"container\">\n<div class=\"row\">\n<div class=\"col-12 poduct-tabs-inner\">\n<div class=\"woocommerce-tabs wc-tabs-wrapper tabs-layout-tabs\">\n<div class=\"woodmart-tab-wrapper\">\n<div id=\"tab-description\" class=\"woocommerce-Tabs-panel woocommerce-Tabs-panel--description panel entry-content wc-tab\">\n<div class=\"wc-tab-inner\">\n<div class=\"\">\n<p id=\"tw-target-text\" class=\"tw-data-text tw-ta tw-text-medium\" dir=\"ltr\" data-placeholder=\"\u041f\u0435\u0440\u0435\u0432\u043e\u0434\"><span lang=\"ru\" tabindex=\"0\">\u0422\u0443\u043d\u0435\u0446, \u043b\u043e\u0441\u043e\u0441\u044c, \u0440\u0438\u0441, \u0424\u041e\u0421, \u0432\u0438\u0442\u0430\u043c\u0438\u043d \u0415.<\/span><\/p>\n<\/div>\n<\/div>\n<\/div>\n<\/div>\n<\/div>\n<\/div>\n<\/div>\n<\/div>\n<\/div>\n<div class=\"container related-and-upsells\">\n<div class=\"related-products\">Monge \u2013linie dedicat\u0103 \u00een \u00eentregime hr\u0103nirii naturale.<\/div>\n<\/div>","protected":false},"featured_media":12704,"template":"","meta":[],"product_cat":[127],"product_tag":[],"_links":{"self":[{"href":"https:\/\/onlinezooshop.md\/ro\/wp-json\/wp\/v2\/product\/10889"}],"collection":[{"href":"https:\/\/onlinezooshop.md\/ro\/wp-json\/wp\/v2\/product"}],"about":[{"href":"https:\/\/onlinezooshop.md\/ro\/wp-json\/wp\/v2\/types\/product"}],"wp:featuredmedia":[{"embeddable":true,"href":"https:\/\/onlinezooshop.md\/ro\/wp-json\/wp\/v2\/media\/12704"}],"wp:attachment":[{"href":"https:\/\/onlinezooshop.md\/ro\/wp-json\/wp\/v2\/media?parent=10889"}],"wp:term":[{"taxonomy":"product_cat","embeddable":true,"href":"https:\/\/onlinezooshop.md\/ro\/wp-json\/wp\/v2\/product_cat?post=10889"},{"taxonomy":"product_tag","embeddable":true,"href":"https:\/\/onlinezooshop.md\/ro\/wp-json\/wp\/v2\/product_tag?post=10889"}],"curies":[{"name":"wp","href":"https:\/\/api.w.org\/{rel}","templated":true}]}}