{"id":11318,"date":"2022-10-18T10:39:02","date_gmt":"2022-10-18T07:39:02","guid":{"rendered":"https:\/\/onlinezooshop.md\/?post_type=product&#038;p=11318"},"modified":"2022-10-18T10:39:02","modified_gmt":"2022-10-18T07:39:02","slug":"beeztees-catmate-poilka-dlya-zhivotnyh-335-white","status":"publish","type":"product","link":"https:\/\/onlinezooshop.md\/ro\/magazin\/beeztees-catmate-poilka-dlya-zhivotnyh-335-white\/","title":{"rendered":"Beeztees CATMATE ad\u0103p\u0103tor f\u00e2nt\u00een\u0103 pentru pisici 335 alb"},"content":{"rendered":"<p>Cat Mate Drinker 335 este o modalitate excelent\u0103 de a oferi pisicii tale nevoile de b\u0103ut. Pentru a asigura o s\u0103n\u0103tate bun\u0103 pentru pisica dvs., aceasta trebuie s\u0103 bea suficient\u0103 ap\u0103. Aceast\u0103 f\u00e2nt\u00e2n\u0103 este foarte u\u0219or de folosit. Tot ce trebuie s\u0103 face\u021bi este s\u0103 conecta\u021bi adaptorul \u0219i s\u0103 umple\u021bi f\u00e2nt\u00e2na cu ap\u0103. Aceast\u0103 f\u00e2nt\u00e2n\u0103 de b\u0103ut are trei puncte la \u00een\u0103l\u021bimi diferite de unde poate bea pisica ta. Din aceasta pute\u021bi determina ce \u00een\u0103l\u021bime este potrivit\u0103 pentru pisica dvs. Apa care circul\u0103 constant atrage animalele de companie, \u00eembog\u0103\u021be\u0219te apa cu oxigen. Setul include o pomp\u0103 de 12 vol\u021bi practic silen\u021bioas\u0103 \u0219i un filtru de carbon.<\/p>\n<p>Volum: 2 L<\/p>","protected":false},"excerpt":{"rendered":"<p>Cat Mate \u043f\u043e\u0438\u043b\u043a\u0430 335 \u2014 \u044d\u0442\u043e \u043e\u0442\u043b\u0438\u0447\u043d\u044b\u0439 \u0441\u043f\u043e\u0441\u043e\u0431 \u043e\u0431\u0435\u0441\u043f\u0435\u0447\u0438\u0442\u044c \u0432\u0430\u0448\u0443 \u043a\u043e\u0448\u043a\u0443 \u0435\u0435 \u043f\u043e\u0442\u0440\u0435\u0431\u043d\u043e\u0441\u0442\u044f\u043c\u0438 \u0432 \u043f\u0438\u0442\u044c\u0435. \u0427\u0442\u043e\u0431\u044b \u043e\u0431\u0435\u0441\u043f\u0435\u0447\u0438\u0442\u044c \u0445\u043e\u0440\u043e\u0448\u0435\u0435 \u0437\u0434\u043e\u0440\u043e\u0432\u044c\u0435 \u0432\u0430\u0448\u0435\u0439<\/p>","protected":false},"featured_media":11319,"template":"","meta":[],"product_cat":[136],"product_tag":[],"_links":{"self":[{"href":"https:\/\/onlinezooshop.md\/ro\/wp-json\/wp\/v2\/product\/11318"}],"collection":[{"href":"https:\/\/onlinezooshop.md\/ro\/wp-json\/wp\/v2\/product"}],"about":[{"href":"https:\/\/onlinezooshop.md\/ro\/wp-json\/wp\/v2\/types\/product"}],"wp:featuredmedia":[{"embeddable":true,"href":"https:\/\/onlinezooshop.md\/ro\/wp-json\/wp\/v2\/media\/11319"}],"wp:attachment":[{"href":"https:\/\/onlinezooshop.md\/ro\/wp-json\/wp\/v2\/media?parent=11318"}],"wp:term":[{"taxonomy":"product_cat","embeddable":true,"href":"https:\/\/onlinezooshop.md\/ro\/wp-json\/wp\/v2\/product_cat?post=11318"},{"taxonomy":"product_tag","embeddable":true,"href":"https:\/\/onlinezooshop.md\/ro\/wp-json\/wp\/v2\/product_tag?post=11318"}],"curies":[{"name":"wp","href":"https:\/\/api.w.org\/{rel}","templated":true}]}}