{"id":11322,"date":"2022-10-18T10:41:27","date_gmt":"2022-10-18T07:41:27","guid":{"rendered":"https:\/\/onlinezooshop.md\/?post_type=product&#038;p=11322"},"modified":"2022-10-18T10:41:27","modified_gmt":"2022-10-18T07:41:27","slug":"beeztees-avtomaticheskaya-kormushka-cat-mate-c3000","status":"publish","type":"product","link":"https:\/\/onlinezooshop.md\/ro\/magazin\/beeztees-avtomaticheskaya-kormushka-cat-mate-c3000\/","title":{"rendered":"Beeztees Hr\u0103nitor automat pentru hran\u0103 Mate C3000"},"content":{"rendered":"<p>Alimentatorul automat Cat Mate \u04213000 este universal. Pentru pisici, c\u00e2ini \u0219i pe\u0219ti, datorit\u0103 duzelor de alimentare incluse de toate tipurile.<\/p>\n<p>Alimentatorul automat conceput cu grij\u0103 pentru hran\u0103 uscat\u0103 v\u0103 permite s\u0103 programa\u021bi p\u00e2n\u0103 la 3 dimensiuni individuale de mas\u0103 pe parcursul zilei \u0219i v\u0103 permite s\u0103 hr\u0103ni\u021bi \u00eenainte de ora programat\u0103, dac\u0103 este necesar.<\/p>\n<ul>\n<li>U\u0219or de utilizat, afi\u0219ajul LCD programabil ofer\u0103 6 p\u00e2n\u0103 la 9 luni de via\u021b\u0103 continu\u0103 a bateriei (4 baterii, tip C);<\/li>\n<li>Protec\u021bie \u00eempotriva deschiderii de c\u0103tre animalele de companie;<\/li>\n<li>Capacitate container 3 kg hran\u0103 (aproximativ 1 lun\u0103 pentru 1 pisic\u0103);<\/li>\n<li>Mecanismul unic de distribuire asigur\u0103 distribuirea precis\u0103 \u0219i consecvent\u0103 a furajelor de dimensiuni de p\u00e2n\u0103 la 10 g (2 linguri\u021be) pentru toate alimentele uscate populare;<\/li>\n<li>Fabricat \u00een Marea Britanie.<\/li>\n<\/ul>","protected":false},"excerpt":{"rendered":"<p>\u0410\u0432\u0442\u043e\u043c\u0430\u0442\u0438\u0447\u0435\u0441\u043a\u0430\u044f \u043a\u043e\u0440\u043c\u0443\u0448\u043a\u0430 Cat Mate \u04213000 \u0443\u043d\u0438\u0432\u0435\u0440\u0441\u0430\u043b\u044c\u043d\u0430\u044f. \u0414\u043b\u044f \u043a\u043e\u0448\u0435\u043a \u0438 \u0441\u043e\u0431\u0430\u043a, \u0440\u044b\u0431 \u0437\u0430 \u0441\u0447\u0435\u0442 \u0432\u0445\u043e\u0434\u044f\u0449\u0438\u0445 \u0432 \u043a\u043e\u043c\u043f\u043b\u0435\u043a\u0442 \u043d\u043e\u0441\u0438\u043a\u043e\u0432 \u0434\u043b\u044f \u043a\u043e\u0440\u043c\u043b\u0435\u043d\u0438\u044f \u0432\u0441\u0435\u0445<\/p>","protected":false},"featured_media":11323,"template":"","meta":[],"product_cat":[136],"product_tag":[],"_links":{"self":[{"href":"https:\/\/onlinezooshop.md\/ro\/wp-json\/wp\/v2\/product\/11322"}],"collection":[{"href":"https:\/\/onlinezooshop.md\/ro\/wp-json\/wp\/v2\/product"}],"about":[{"href":"https:\/\/onlinezooshop.md\/ro\/wp-json\/wp\/v2\/types\/product"}],"wp:featuredmedia":[{"embeddable":true,"href":"https:\/\/onlinezooshop.md\/ro\/wp-json\/wp\/v2\/media\/11323"}],"wp:attachment":[{"href":"https:\/\/onlinezooshop.md\/ro\/wp-json\/wp\/v2\/media?parent=11322"}],"wp:term":[{"taxonomy":"product_cat","embeddable":true,"href":"https:\/\/onlinezooshop.md\/ro\/wp-json\/wp\/v2\/product_cat?post=11322"},{"taxonomy":"product_tag","embeddable":true,"href":"https:\/\/onlinezooshop.md\/ro\/wp-json\/wp\/v2\/product_tag?post=11322"}],"curies":[{"name":"wp","href":"https:\/\/api.w.org\/{rel}","templated":true}]}}