{"id":11340,"date":"2022-10-18T11:01:21","date_gmt":"2022-10-18T08:01:21","guid":{"rendered":"https:\/\/onlinezooshop.md\/?post_type=product&#038;p=11340"},"modified":"2022-10-18T11:01:21","modified_gmt":"2022-10-18T08:01:21","slug":"miska-s-vesami-optima","status":"publish","type":"product","link":"https:\/\/onlinezooshop.md\/ro\/magazin\/miska-s-vesami-optima\/","title":{"rendered":"Bol cu \u200b\u200bc\u00e2ntare OPTIMA"},"content":{"rendered":"<p>Vas din o\u021bel inoxidabil, \u00eentr-un suport de plastic cu c\u00e2ntar electronic \u00eencorporat. Datorit\u0103 acestui bol, \u00eei po\u021bi oferi prietenului t\u0103u bl\u0103nos cantitatea potrivit\u0103 de m\u00e2ncare u\u0219or \u0219i precis. Bolul Optima este potrivit \u00een special pentru pisici, pisoi \u0219i c\u0103\u021bei \u0219i c\u00e2ini de talie mic\u0103 \u0219i medie. Potrivit \u0219i pentru c\u00e2inii mari \u021bin\u021bi cu o diet\u0103 strict\u0103.<\/p>\n<p>C\u00e2ntarul \u00eencorporat cu afi\u0219aj LCD ajut\u0103 la determinarea cu precizie a greut\u0103\u021bii hranei \u0219i a alimentelor consumate \u0219i la men\u021binerea greut\u0103\u021bii ideale a animalului dvs. de companie. Astfel, se evit\u0103 riscurile \u0219i problemele asociate cu supraalimentarea sistematic\u0103 a animalelor. Bolul poate fi folosit pentru alimente uscate sau umede, pr\u0103jituri sau m\u00e2nc\u0103ruri.<\/p>\n<p>Dimensiune: 20 x 21,3 x h 9,6 cm - 0,85 L<\/p>","protected":false},"excerpt":{"rendered":"<p>\u041c\u0438\u0441\u043a\u0430 \u0438\u0437 \u043d\u0435\u0440\u0436\u0430\u0432\u0435\u044e\u0449\u0435\u0439 \u0441\u0442\u0430\u043b\u0438, \u0432 \u043f\u043b\u0430\u0441\u0442\u0438\u043a\u043e\u0432\u043e\u0439 \u043f\u043e\u0434\u0441\u0442\u0430\u0432\u043a\u0435 \u0441\u043e \u0432\u0441\u0442\u0440\u043e\u0435\u043d\u043d\u044b\u043c\u0438 \u044d\u043b\u0435\u043a\u0442\u0440\u043e\u043d\u043d\u044b\u043c\u0438 \u0432\u0435\u0441\u0430\u043c\u0438. \u0411\u043b\u0430\u0433\u043e\u0434\u0430\u0440\u044f \u0442\u0430\u043a\u043e\u0439 \u043c\u0438\u0441\u043a\u0435 \u0412\u044b \u043c\u043e\u0436\u0435\u0442\u0435 \u043f\u0440\u0435\u0434\u043e\u0441\u0442\u0430\u0432\u0438\u0442\u044c \u0412\u0430\u0448\u0435\u043c\u0443 \u043f\u0443\u0448\u0438\u0441\u0442\u043e\u043c\u0443 \u0434\u0440\u0443\u0433\u0443<\/p>","protected":false},"featured_media":11341,"template":"","meta":[],"product_cat":[136],"product_tag":[],"_links":{"self":[{"href":"https:\/\/onlinezooshop.md\/ro\/wp-json\/wp\/v2\/product\/11340"}],"collection":[{"href":"https:\/\/onlinezooshop.md\/ro\/wp-json\/wp\/v2\/product"}],"about":[{"href":"https:\/\/onlinezooshop.md\/ro\/wp-json\/wp\/v2\/types\/product"}],"wp:featuredmedia":[{"embeddable":true,"href":"https:\/\/onlinezooshop.md\/ro\/wp-json\/wp\/v2\/media\/11341"}],"wp:attachment":[{"href":"https:\/\/onlinezooshop.md\/ro\/wp-json\/wp\/v2\/media?parent=11340"}],"wp:term":[{"taxonomy":"product_cat","embeddable":true,"href":"https:\/\/onlinezooshop.md\/ro\/wp-json\/wp\/v2\/product_cat?post=11340"},{"taxonomy":"product_tag","embeddable":true,"href":"https:\/\/onlinezooshop.md\/ro\/wp-json\/wp\/v2\/product_tag?post=11340"}],"curies":[{"name":"wp","href":"https:\/\/api.w.org\/{rel}","templated":true}]}}