{"id":11348,"date":"2022-10-18T11:12:36","date_gmt":"2022-10-18T08:12:36","guid":{"rendered":"https:\/\/onlinezooshop.md\/?post_type=product&#038;p=11348"},"modified":"2022-10-18T11:12:36","modified_gmt":"2022-10-18T08:12:36","slug":"beeztees-miska-dvojnaya-plastikovaya-antracite-2-0-15l","status":"publish","type":"product","link":"https:\/\/onlinezooshop.md\/ro\/magazin\/beeztees-miska-dvojnaya-plastikovaya-antracite-2-0-15l\/","title":{"rendered":"Bol dublu din plastic Beeztees antracit 2\u00d70,15L"},"content":{"rendered":"<p>Cau\u021bi un castron simplu pentru m\u00e2ncare \u0219i b\u0103utur\u0103 \u00eentr-unul pentru pisica ta? Atunci acest set de pr\u00e2nz Beeztees este pentru tine! Acest set simplu de vesel\u0103 din plastic este u\u0219or de cur\u0103\u021bat \u0219i arat\u0103 grozav \u00een orice cas\u0103 datorit\u0103 culorii sale neutre.<\/p>","protected":false},"excerpt":{"rendered":"<ul>\n<li>La comand\u0103, specifica\u021bi culoarea dorit\u0103 \u00een comentarii:<\/li>\n<li>negru<\/li>\n<li>bej<\/li>\n<\/ul>","protected":false},"featured_media":11349,"template":"","meta":[],"product_cat":[135],"product_tag":[],"_links":{"self":[{"href":"https:\/\/onlinezooshop.md\/ro\/wp-json\/wp\/v2\/product\/11348"}],"collection":[{"href":"https:\/\/onlinezooshop.md\/ro\/wp-json\/wp\/v2\/product"}],"about":[{"href":"https:\/\/onlinezooshop.md\/ro\/wp-json\/wp\/v2\/types\/product"}],"wp:featuredmedia":[{"embeddable":true,"href":"https:\/\/onlinezooshop.md\/ro\/wp-json\/wp\/v2\/media\/11349"}],"wp:attachment":[{"href":"https:\/\/onlinezooshop.md\/ro\/wp-json\/wp\/v2\/media?parent=11348"}],"wp:term":[{"taxonomy":"product_cat","embeddable":true,"href":"https:\/\/onlinezooshop.md\/ro\/wp-json\/wp\/v2\/product_cat?post=11348"},{"taxonomy":"product_tag","embeddable":true,"href":"https:\/\/onlinezooshop.md\/ro\/wp-json\/wp\/v2\/product_tag?post=11348"}],"curies":[{"name":"wp","href":"https:\/\/api.w.org\/{rel}","templated":true}]}}