{"id":11354,"date":"2022-10-18T11:15:07","date_gmt":"2022-10-18T08:15:07","guid":{"rendered":"https:\/\/onlinezooshop.md\/?post_type=product&#038;p=11354"},"modified":"2022-10-18T11:15:45","modified_gmt":"2022-10-18T08:15:45","slug":"beeztees-curver-pohodnyj-nabor-dlya-korma","status":"publish","type":"product","link":"https:\/\/onlinezooshop.md\/ro\/magazin\/beeztees-curver-pohodnyj-nabor-dlya-korma\/","title":{"rendered":"BEEZTEES CURVER Trus\u0103 alimentar\u0103 de c\u0103l\u0103torie"},"content":{"rendered":"<p>Recipientul Curver va p\u0103stra m\u00e2ncarea animalului dvs. de companie proasp\u0103t\u0103 \u0219i parfumat\u0103, va proteja alimentele de consumul \u201eilegal\u201d \u0219i va deveni, de asemenea, un adev\u0103rat decor al buc\u0103t\u0103riei dumneavoastr\u0103!<\/p>\n<p>Unul dintre principalele avantaje ale depozit\u0103rii alimentelor uscate \u00een recipiente de plastic este lipsa umidit\u0103\u021bii.<\/p>\n<p>Se \u0219tie c\u0103 umiditatea favorizeaz\u0103 formarea mucegaiului!<\/p>\n<p>Containerele Curver sunt echipate cu un capac etan\u0219, care \u00eempiedic\u0103 p\u0103trunderea nu numai a umezelii, ci \u0219i a parazi\u021bilor \u0219i roz\u0103toarelor.<\/p>\n<p>Fabricat din plastic alimentar ecologic. Nu con\u021bine impurit\u0103\u021bi nocive. Echipat cu un capac sigilat. Permite p\u0103strarea gustului \u0219i a mirosului de furaj.<\/p>","protected":false},"excerpt":{"rendered":"<p>\u041a\u043e\u043d\u0442\u0435\u0439\u043d\u0435\u0440 Curver \u0441\u043e\u0445\u0440\u0430\u043d\u0438\u0442 \u043a\u043e\u0440\u043c \u0412\u0430\u0448\u0435\u0433\u043e \u043b\u044e\u0431\u0438\u043c\u0446\u0430 \u0441\u0432\u0435\u0436\u0438\u043c \u0438 \u0430\u0440\u043e\u043c\u0430\u0442\u043d\u044b\u043c, \u0437\u0430\u0449\u0438\u0442\u0438\u0442 \u043a\u043e\u0440\u043c \u043e\u0442 \u00ab\u043d\u0435\u043b\u0435\u0433\u0430\u043b\u044c\u043d\u043e\u0433\u043e\u00bb \u043f\u043e\u0435\u0434\u0430\u043d\u0438\u044f, \u0430 \u0442\u0430\u043a\u0436\u0435 \u0441\u0442\u0430\u043d\u0435\u0442 \u043d\u0430\u0441\u0442\u043e\u044f\u0449\u0438\u043c \u0443\u043a\u0440\u0430\u0448\u0435\u043d\u0438\u0435\u043c \u0412\u0430\u0448\u0435\u0439<\/p>","protected":false},"featured_media":11355,"template":"","meta":[],"product_cat":[135],"product_tag":[],"_links":{"self":[{"href":"https:\/\/onlinezooshop.md\/ro\/wp-json\/wp\/v2\/product\/11354"}],"collection":[{"href":"https:\/\/onlinezooshop.md\/ro\/wp-json\/wp\/v2\/product"}],"about":[{"href":"https:\/\/onlinezooshop.md\/ro\/wp-json\/wp\/v2\/types\/product"}],"wp:featuredmedia":[{"embeddable":true,"href":"https:\/\/onlinezooshop.md\/ro\/wp-json\/wp\/v2\/media\/11355"}],"wp:attachment":[{"href":"https:\/\/onlinezooshop.md\/ro\/wp-json\/wp\/v2\/media?parent=11354"}],"wp:term":[{"taxonomy":"product_cat","embeddable":true,"href":"https:\/\/onlinezooshop.md\/ro\/wp-json\/wp\/v2\/product_cat?post=11354"},{"taxonomy":"product_tag","embeddable":true,"href":"https:\/\/onlinezooshop.md\/ro\/wp-json\/wp\/v2\/product_tag?post=11354"}],"curies":[{"name":"wp","href":"https:\/\/api.w.org\/{rel}","templated":true}]}}