{"id":11362,"date":"2022-10-18T11:21:41","date_gmt":"2022-10-18T08:21:41","guid":{"rendered":"https:\/\/onlinezooshop.md\/?post_type=product&#038;p=11362"},"modified":"2022-10-18T11:21:41","modified_gmt":"2022-10-18T08:21:41","slug":"ferplast-poilka-clip-6902-drinker-large","status":"publish","type":"product","link":"https:\/\/onlinezooshop.md\/ro\/magazin\/ferplast-poilka-clip-6902-drinker-large\/","title":{"rendered":"Ferplast Drinker CLIP 6902 DRINKER LARGE"},"content":{"rendered":"<p>Ad\u0103patorul mic din plastic Clip 5708 va fi accesoriul perfect pentru a oferi ap\u0103 sau hran\u0103 animalului t\u0103u de companie cu blan\u0103 \u00een timpul c\u0103l\u0103toriei. Datorita sistemului de prindere convenabil, adapatorul poate fi folosit cu usurinta in transportoare si va permite animalului dumneavoastra sa manance sau sa bea in liniste.<\/p>","protected":false},"excerpt":{"rendered":"<p>\u041f\u043e\u0438\u043b\u043a\u0430 \u043f\u043b\u0430\u0441\u0442\u0438\u043a\u043e\u0432\u0430\u044f Clip 5708 Small\u00a0 \u0441\u0442\u0430\u043d\u0435\u0442 \u0438\u0434\u0435\u0430\u043b\u044c\u043d\u044b\u043c \u0430\u043a\u0441\u0435\u0441\u0441\u0443\u0430\u0440\u043e\u043c \u0434\u043b\u044f \u043e\u0431\u0435\u0441\u043f\u0435\u0447\u0435\u043d\u0438\u044f \u0432\u043e\u0434\u043e\u0439 \u0438\u043b\u0438 \u043f\u0438\u0449\u0435\u0439 \u0432\u0430\u0448\u0435\u0433\u043e \u043f\u0443\u0448\u0438\u0441\u0442\u043e\u0433\u043e \u043f\u0438\u0442\u043e\u043c\u0446\u0430 \u0432\u043e \u0432\u0440\u0435\u043c\u044f \u043f\u043e\u0435\u0437\u0434\u043e\u043a. \u0411\u043b\u0430\u0433\u043e\u0434\u0430\u0440\u044f<\/p>","protected":false},"featured_media":11363,"template":"","meta":[],"product_cat":[135],"product_tag":[],"_links":{"self":[{"href":"https:\/\/onlinezooshop.md\/ro\/wp-json\/wp\/v2\/product\/11362"}],"collection":[{"href":"https:\/\/onlinezooshop.md\/ro\/wp-json\/wp\/v2\/product"}],"about":[{"href":"https:\/\/onlinezooshop.md\/ro\/wp-json\/wp\/v2\/types\/product"}],"wp:featuredmedia":[{"embeddable":true,"href":"https:\/\/onlinezooshop.md\/ro\/wp-json\/wp\/v2\/media\/11363"}],"wp:attachment":[{"href":"https:\/\/onlinezooshop.md\/ro\/wp-json\/wp\/v2\/media?parent=11362"}],"wp:term":[{"taxonomy":"product_cat","embeddable":true,"href":"https:\/\/onlinezooshop.md\/ro\/wp-json\/wp\/v2\/product_cat?post=11362"},{"taxonomy":"product_tag","embeddable":true,"href":"https:\/\/onlinezooshop.md\/ro\/wp-json\/wp\/v2\/product_tag?post=11362"}],"curies":[{"name":"wp","href":"https:\/\/api.w.org\/{rel}","templated":true}]}}