{"id":11372,"date":"2022-10-18T11:42:21","date_gmt":"2022-10-18T08:42:21","guid":{"rendered":"https:\/\/onlinezooshop.md\/?post_type=product&#038;p=11372"},"modified":"2022-10-18T11:42:21","modified_gmt":"2022-10-18T08:42:21","slug":"miska-plastik-glam-medium","status":"publish","type":"product","link":"https:\/\/onlinezooshop.md\/ro\/magazin\/miska-plastik-glam-medium\/","title":{"rendered":"Bol de plastic GLAM Mediu"},"content":{"rendered":"<p>Bol de plastic GLAM Mediu<\/p>\n<ul>\n<li>Bol pentru pisici si caini<\/li>\n<li>Din plastic rezistent, in mai multe culori la moda<\/li>\n<li>Se amestec\u0103 \u0219i se potrive\u0219te cu alte modele folosind conectori (se v\u00e2nd separat)<\/li>\n<li>Pentru m\u00e2ncare sau ap\u0103<\/li>\n<li>Marginea inferioar\u0103 cu elastic anti-alunecare<\/li>\n<li>Dou\u0103 m\u00e2nere laterale pentru o prindere confortabil\u0103<\/li>\n<li>Suprafa\u021ba neted\u0103 este u\u0219or de cur\u0103\u021bat<\/li>\n<\/ul>","protected":false},"excerpt":{"rendered":"<ul>\n<li>La comand\u0103, specifica\u021bi culoarea dorit\u0103 \u00een comentarii:<\/li>\n<li>sur<\/li>\n<li>ro\u0219u<\/li>\n<li>albastru<\/li>\n<li>violet<\/li>\n<\/ul>","protected":false},"featured_media":11373,"template":"","meta":[],"product_cat":[135],"product_tag":[],"_links":{"self":[{"href":"https:\/\/onlinezooshop.md\/ro\/wp-json\/wp\/v2\/product\/11372"}],"collection":[{"href":"https:\/\/onlinezooshop.md\/ro\/wp-json\/wp\/v2\/product"}],"about":[{"href":"https:\/\/onlinezooshop.md\/ro\/wp-json\/wp\/v2\/types\/product"}],"wp:featuredmedia":[{"embeddable":true,"href":"https:\/\/onlinezooshop.md\/ro\/wp-json\/wp\/v2\/media\/11373"}],"wp:attachment":[{"href":"https:\/\/onlinezooshop.md\/ro\/wp-json\/wp\/v2\/media?parent=11372"}],"wp:term":[{"taxonomy":"product_cat","embeddable":true,"href":"https:\/\/onlinezooshop.md\/ro\/wp-json\/wp\/v2\/product_cat?post=11372"},{"taxonomy":"product_tag","embeddable":true,"href":"https:\/\/onlinezooshop.md\/ro\/wp-json\/wp\/v2\/product_tag?post=11372"}],"curies":[{"name":"wp","href":"https:\/\/api.w.org\/{rel}","templated":true}]}}