{"id":11376,"date":"2022-10-18T11:56:49","date_gmt":"2022-10-18T08:56:49","guid":{"rendered":"https:\/\/onlinezooshop.md\/?post_type=product&#038;p=11376"},"modified":"2022-10-18T11:56:49","modified_gmt":"2022-10-18T08:56:49","slug":"podnos-s-tremya-miskami-tris-vassoio-52x41cm","status":"publish","type":"product","link":"https:\/\/onlinezooshop.md\/ro\/magazin\/podnos-s-tremya-miskami-tris-vassoio-52x41cm\/","title":{"rendered":"Tava cu trei boluri TRIS-VASSOIO 52x41cm"},"content":{"rendered":"<p>Folosit pentru ap\u0103, alimente uscate \u0219i umede. Datorit\u0103 dimensiunilor sale compacte, produsul poate fi luat cu tine \u00eentr-o c\u0103l\u0103torie lung\u0103. U\u0219or de cur\u0103\u021bat \u0219i pliat, nu ocup\u0103 mult spa\u021biu. Pentru comoditate, vasul este echipat cu o bucl\u0103 special\u0103 pentru ag\u0103\u021bat. Exist\u0103 un m\u00e2ner \u00een miniatur\u0103 pe o parte, pentru care bolul este u\u0219or de transportat.<\/p>","protected":false},"excerpt":{"rendered":"<p>\u0418\u0441\u043f\u043e\u043b\u044c\u0437\u0443\u0435\u0442\u0441\u044f \u0434\u043b\u044f \u0432\u043e\u0434\u044b, \u0441\u0443\u0445\u043e\u0433\u043e \u0438 \u043c\u043e\u043a\u0440\u043e\u0433\u043e \u043a\u043e\u0440\u043c\u0430. \u0411\u043b\u0430\u0433\u043e\u0434\u0430\u0440\u044f \u043a\u043e\u043c\u043f\u0430\u043a\u0442\u043d\u044b\u043c \u0440\u0430\u0437\u043c\u0435\u0440\u0430\u043c, \u0438\u0437\u0434\u0435\u043b\u0438\u0435 \u043c\u043e\u0436\u043d\u043e \u0431\u0440\u0430\u0442\u044c \u0441 \u0441\u043e\u0431\u043e\u0439 \u0432 \u0434\u0430\u043b\u044c\u043d\u0435\u0435 \u043f\u0443\u0442\u0435\u0448\u0435\u0441\u0442\u0432\u0438\u0435. \u041b\u0435\u0433\u043a\u043e \u0447\u0438\u0441\u0442\u0438\u0442\u0441\u044f<\/p>","protected":false},"featured_media":11377,"template":"","meta":[],"product_cat":[135],"product_tag":[],"_links":{"self":[{"href":"https:\/\/onlinezooshop.md\/ro\/wp-json\/wp\/v2\/product\/11376"}],"collection":[{"href":"https:\/\/onlinezooshop.md\/ro\/wp-json\/wp\/v2\/product"}],"about":[{"href":"https:\/\/onlinezooshop.md\/ro\/wp-json\/wp\/v2\/types\/product"}],"wp:featuredmedia":[{"embeddable":true,"href":"https:\/\/onlinezooshop.md\/ro\/wp-json\/wp\/v2\/media\/11377"}],"wp:attachment":[{"href":"https:\/\/onlinezooshop.md\/ro\/wp-json\/wp\/v2\/media?parent=11376"}],"wp:term":[{"taxonomy":"product_cat","embeddable":true,"href":"https:\/\/onlinezooshop.md\/ro\/wp-json\/wp\/v2\/product_cat?post=11376"},{"taxonomy":"product_tag","embeddable":true,"href":"https:\/\/onlinezooshop.md\/ro\/wp-json\/wp\/v2\/product_tag?post=11376"}],"curies":[{"name":"wp","href":"https:\/\/api.w.org\/{rel}","templated":true}]}}