{"id":11393,"date":"2022-10-20T11:08:38","date_gmt":"2022-10-20T08:08:38","guid":{"rendered":"https:\/\/onlinezooshop.md\/?post_type=product&#038;p=11393"},"modified":"2022-10-20T11:08:38","modified_gmt":"2022-10-20T08:08:38","slug":"beeztees-stojka-s-2-metallicheskimi-miskami-25-seraya","status":"publish","type":"product","link":"https:\/\/onlinezooshop.md\/ro\/magazin\/beeztees-stojka-s-2-metallicheskimi-miskami-25-seraya\/","title":{"rendered":"Suport Beeztees cu 2 boluri metalice 25 gri"},"content":{"rendered":"<p>Suport cu boluri<strong>\u00a0\u2014\u00a0<\/strong>acestea sunt dou\u0103 boluri din o\u021bel inoxidabil de \u00eenalt\u0103 calitate, completate cu un trepied de care sunt ata\u0219ate bolurile.<\/p>\n<p>Bolurile pot fi ata\u0219ate la trepied la diferite \u00een\u0103l\u021bimi, datorit\u0103 capacit\u0103\u021bii de a regla \u00een\u0103l\u021bimea trepiedului. Acest lucru este foarte convenabil, de exemplu, dac\u0103 ave\u021bi c\u00e2ini de diferite rase, dimensiuni sau categorii de v\u00e2rst\u0103.<\/p>\n<p>Dimensiune: 25 cm - 2530 ml<\/p>","protected":false},"excerpt":{"rendered":"<p>\u0421\u0442\u043e\u0439\u043a\u0430 \u0441 \u043c\u0438\u0441\u043a\u0430\u043c\u0438\u00a0\u2014\u00a0\u044d\u0442\u043e\u00a0\u0434\u0432\u0435 \u043c\u0438\u0441\u043a\u0438 \u0438\u0437 \u043a\u0430\u0447\u0435\u0441\u0442\u0432\u0435\u043d\u043d\u043e\u0439 \u043d\u0435\u0440\u0436\u0430\u0432\u0435\u044e\u0449\u0435\u0439 \u0441\u0442\u0430\u043b\u0438, \u0432 \u043a\u043e\u043c\u043f\u043b\u0435\u043a\u0442\u0435 \u0441 \u043f\u043e\u0434\u0441\u0442\u0430\u0432\u043a\u043e\u0439-\u0448\u0442\u0430\u0442\u0438\u0432\u043e\u043c, \u043a \u043a\u043e\u0442\u043e\u0440\u043e\u043c\u0443 \u043a\u0440\u0435\u043f\u044f\u0442\u0441\u044f \u043c\u0438\u0441\u043a\u0438. \u041c\u0438\u0441\u043a\u0438 \u043a \u0448\u0442\u0430\u0442\u0438\u0432\u0443 \u043c\u043e\u0436\u043d\u043e<\/p>","protected":false},"featured_media":11394,"template":"","meta":[],"product_cat":[138],"product_tag":[],"_links":{"self":[{"href":"https:\/\/onlinezooshop.md\/ro\/wp-json\/wp\/v2\/product\/11393"}],"collection":[{"href":"https:\/\/onlinezooshop.md\/ro\/wp-json\/wp\/v2\/product"}],"about":[{"href":"https:\/\/onlinezooshop.md\/ro\/wp-json\/wp\/v2\/types\/product"}],"wp:featuredmedia":[{"embeddable":true,"href":"https:\/\/onlinezooshop.md\/ro\/wp-json\/wp\/v2\/media\/11394"}],"wp:attachment":[{"href":"https:\/\/onlinezooshop.md\/ro\/wp-json\/wp\/v2\/media?parent=11393"}],"wp:term":[{"taxonomy":"product_cat","embeddable":true,"href":"https:\/\/onlinezooshop.md\/ro\/wp-json\/wp\/v2\/product_cat?post=11393"},{"taxonomy":"product_tag","embeddable":true,"href":"https:\/\/onlinezooshop.md\/ro\/wp-json\/wp\/v2\/product_tag?post=11393"}],"curies":[{"name":"wp","href":"https:\/\/api.w.org\/{rel}","templated":true}]}}