{"id":11406,"date":"2022-10-20T11:20:36","date_gmt":"2022-10-20T08:20:36","guid":{"rendered":"https:\/\/onlinezooshop.md\/?post_type=product&#038;p=11406"},"modified":"2022-10-20T11:20:36","modified_gmt":"2022-10-20T08:20:36","slug":"beeztees-dvojnaya-metallicheskaya-miska-tape-dog-korichnevaya-2","status":"publish","type":"product","link":"https:\/\/onlinezooshop.md\/ro\/magazin\/beeztees-dvojnaya-metallicheskaya-miska-tape-dog-korichnevaya-2\/","title":{"rendered":"Bol metalic dublu BEEZTEES Tape Dog maro"},"content":{"rendered":"<p>Un bol dublu va fi foarte convenabil at\u00e2t pentru tine, c\u00e2t \u0219i pentru animalul t\u0103u. Dou\u0103 boluri per set. Unul pentru ap\u0103 \u0219i unul pentru m\u00e2ncare.<br \/>\nDe asemenea, un plus \u00een sp\u0103larea u\u0219oar\u0103 a vaselor. Material sigur.<br \/>\nCuloare maro.<br \/>\nDimensiuni 31 x 17.5 cm<\/p>","protected":false},"excerpt":{"rendered":"<p>\u0414\u0432\u043e\u0439\u043d\u0430\u044f \u043c\u0438\u0441\u043a\u0430 \u0431\u0443\u0434\u0435\u0442 \u043e\u0447\u0435\u043d\u044c \u0443\u0434\u043e\u0431\u043d\u0430 \u0438 \u0434\u043b\u044f \u0432\u0430\u0441 \u0438 \u0434\u043b\u044f \u043f\u0438\u0442\u043e\u043c\u0446\u0430. \u0414\u0432\u0435 \u043c\u0438\u0441\u043a\u0438 \u0432 \u043d\u0430\u0431\u043e\u0440. \u041e\u0434\u043d\u0430 \u0434\u043b\u044f \u0432\u043e\u0434\u044b,\u0430 \u0432\u0442\u043e\u0440\u0430\u044f \u0434\u043b\u044f<\/p>","protected":false},"featured_media":11405,"template":"","meta":[],"product_cat":[138],"product_tag":[],"_links":{"self":[{"href":"https:\/\/onlinezooshop.md\/ro\/wp-json\/wp\/v2\/product\/11406"}],"collection":[{"href":"https:\/\/onlinezooshop.md\/ro\/wp-json\/wp\/v2\/product"}],"about":[{"href":"https:\/\/onlinezooshop.md\/ro\/wp-json\/wp\/v2\/types\/product"}],"wp:featuredmedia":[{"embeddable":true,"href":"https:\/\/onlinezooshop.md\/ro\/wp-json\/wp\/v2\/media\/11405"}],"wp:attachment":[{"href":"https:\/\/onlinezooshop.md\/ro\/wp-json\/wp\/v2\/media?parent=11406"}],"wp:term":[{"taxonomy":"product_cat","embeddable":true,"href":"https:\/\/onlinezooshop.md\/ro\/wp-json\/wp\/v2\/product_cat?post=11406"},{"taxonomy":"product_tag","embeddable":true,"href":"https:\/\/onlinezooshop.md\/ro\/wp-json\/wp\/v2\/product_tag?post=11406"}],"curies":[{"name":"wp","href":"https:\/\/api.w.org\/{rel}","templated":true}]}}