{"id":12689,"date":"2026-01-14T13:07:13","date_gmt":"2026-01-14T10:07:13","guid":{"rendered":"https:\/\/onlinezooshop.md\/?post_type=product&#038;p=12689"},"modified":"2026-01-14T13:11:19","modified_gmt":"2026-01-14T10:11:19","slug":"sanicat-diamonds-lavanda-5l","status":"publish","type":"product","link":"https:\/\/onlinezooshop.md\/ro\/magazin\/sanicat-diamonds-lavanda-5l\/","title":{"rendered":"Sanicat Diamonds Lavender, 5\u043b"},"content":{"rendered":"<p class=\"normal\">A\u0219ternutul Diamonds pentru pisici ofer\u0103 propriet\u0103\u021bi eficiente de absorb\u021bie \u0219i control al mirosurilor.<\/p>\n<p class=\"normal\">Cristalele de silicagel sunt foarte u\u0219oare \u0219i nu formeaz\u0103 praf.<\/p>\n<p class=\"normal\">A\u0219ternutul nu necesit\u0103 \u00eentre\u021binere \u0219i este un gunoi preferat pentru proprietarii de animale de companie ocupa\u021bi, care au pu\u021bin timp liber s\u0103 aib\u0103 grij\u0103 de WC pisicii.<\/p>","protected":false},"excerpt":{"rendered":"<p>Cristale practice de silicagel care necesit\u0103 o \u00eentre\u021binere minim\u0103.<\/p>","protected":false},"featured_media":12691,"template":"","meta":[],"product_cat":[124],"product_tag":[],"_links":{"self":[{"href":"https:\/\/onlinezooshop.md\/ro\/wp-json\/wp\/v2\/product\/12689"}],"collection":[{"href":"https:\/\/onlinezooshop.md\/ro\/wp-json\/wp\/v2\/product"}],"about":[{"href":"https:\/\/onlinezooshop.md\/ro\/wp-json\/wp\/v2\/types\/product"}],"wp:featuredmedia":[{"embeddable":true,"href":"https:\/\/onlinezooshop.md\/ro\/wp-json\/wp\/v2\/media\/12691"}],"wp:attachment":[{"href":"https:\/\/onlinezooshop.md\/ro\/wp-json\/wp\/v2\/media?parent=12689"}],"wp:term":[{"taxonomy":"product_cat","embeddable":true,"href":"https:\/\/onlinezooshop.md\/ro\/wp-json\/wp\/v2\/product_cat?post=12689"},{"taxonomy":"product_tag","embeddable":true,"href":"https:\/\/onlinezooshop.md\/ro\/wp-json\/wp\/v2\/product_tag?post=12689"}],"curies":[{"name":"wp","href":"https:\/\/api.w.org\/{rel}","templated":true}]}}