{"id":9248,"date":"2020-11-11T10:24:01","date_gmt":"2020-11-11T07:24:01","guid":{"rendered":"https:\/\/onlinezooshop.md\/?post_type=product&#038;p=9248"},"modified":"2025-12-15T17:05:33","modified_gmt":"2025-12-15T14:05:33","slug":"royal-canin-vd-hypoallergenic-small-dog-1-kg","status":"publish","type":"product","link":"https:\/\/onlinezooshop.md\/ro\/magazin\/royal-canin-vd-hypoallergenic-small-dog-1-kg\/","title":{"rendered":"Royal Canin VD Hypoallergenic small dog 1kg"},"content":{"rendered":"<p>Ingrediente:<\/p>\n<p>Orez, hidrolizat de izolat de proteine \u200b\u200bdin soia, gr\u0103simi animale, minerale, hidrolizat de ficat de pas\u0103re, ulei de soia, pulp\u0103 de sfecl\u0103, fructooligozaharide, ulei de pe\u0219te, ulei de borage, extract de g\u0103lbenele (surs\u0103 de lutein\u0103).<\/p>\n<p>Adaosuri (la 1kg):<\/p>\n<p>Suplimente nutritive:<br \/>\nVitamina A: 24900 ME, Vitamina D3: 800 ME, Fier: 40 mg, Iod: 2,8 mg, Cupru: 10 mg, Mangan: 54 mg, Zinc: 199 mg - Celen: 0,1 mg<\/p>\n<p>Aditivi tehnologici:<br \/>\nTrifosfat de sodiu cu cinci substan\u021be - 3,5 g, Antioxidan\u021bi.<\/p>\n<p>Con\u021binut nutrient:<\/p>\n<p>Proteine \u200b\u200b24 g, Gr\u0103simi 16 g, Carbohidra\u021bi 36,4 g, Fibre alimentare 4,3 g, Fibre totale 0,7 g, Omega 6 3,8 g, Omega 3 0,79 g, EPA + DHA 0,35 g, Acid linoleic 3,66 g, calciu 1 g, fosfor 0,8 g, sodiu 1 g, energie de schimb (metabolic\u0103) 384 kcal<\/p>\n<p>COMPLEX ANTIOXIDANT SINERGIC:<\/p>\n<p>Vitamina E 60 mg, Vitamina C 20 mg, Taurina 210 mg, Luteina 0,5 mg<\/p>","protected":false},"excerpt":{"rendered":"<p>ROYAL CANIN VD HYPOALLERGENIC SMALL DOG 1 KG \u2014 DIET\u0102 VETERINAR\u0102 PENTRU C\u00c2INI ADUL\u021aI MICI PENTRU ALERGII ALIMENTARE SAU INTOLERAN\u021a\u0102<\/p>\n<p>Indica\u021bii:<\/p>\n<p>Pentru c\u00e2inii adul\u021bi cu o greutate mai mic\u0103 de 10 kg \u00een urm\u0103toarele cazuri:<br \/>\n\u2022 Dieta de eliminare<br \/>\n\u2022 Alergie de natur\u0103 alimentar\u0103, manifestat\u0103 prin tulbur\u0103ri ale pielii \u0219i \/ sau ale tractului digestiv<br \/>\n\u2022 Intoleran\u021b\u0103 la m\u00e2ncare<br \/>\n\u2022 Inflama\u021bia intestinal\u0103 cronic\u0103<br \/>\n\u2022 Insuficien\u021b\u0103 pancreatic\u0103 exocrin\u0103<br \/>\n\u2022 Diaree cronic\u0103<br \/>\n\u2022 Proliferarea bacteriilor \u00een intestinul sub\u021bire<\/p>\n<p>Contraindica\u021bii<\/p>\n<p>Nu sunt<br \/>\nNot\u0103: Dietele veterinare, inclusiv \u0219i hrana  Royal Canin Hypoallergenic Small Dog, sunt concepute pentru a fi administrate sub supravegherea unui medic veterinar. Royal Canin v\u0103 recomand\u0103 s\u0103 solicita\u021bi \u00eentotdeauna sfatul medicului veterinar \u00eenainte de a \u00eencepe sau de a continua cu dieta veterinar\u0103.<\/p>","protected":false},"featured_media":12556,"template":"","meta":[],"product_cat":[80,81,103,105],"product_tag":[],"_links":{"self":[{"href":"https:\/\/onlinezooshop.md\/ro\/wp-json\/wp\/v2\/product\/9248"}],"collection":[{"href":"https:\/\/onlinezooshop.md\/ro\/wp-json\/wp\/v2\/product"}],"about":[{"href":"https:\/\/onlinezooshop.md\/ro\/wp-json\/wp\/v2\/types\/product"}],"wp:featuredmedia":[{"embeddable":true,"href":"https:\/\/onlinezooshop.md\/ro\/wp-json\/wp\/v2\/media\/12556"}],"wp:attachment":[{"href":"https:\/\/onlinezooshop.md\/ro\/wp-json\/wp\/v2\/media?parent=9248"}],"wp:term":[{"taxonomy":"product_cat","embeddable":true,"href":"https:\/\/onlinezooshop.md\/ro\/wp-json\/wp\/v2\/product_cat?post=9248"},{"taxonomy":"product_tag","embeddable":true,"href":"https:\/\/onlinezooshop.md\/ro\/wp-json\/wp\/v2\/product_tag?post=9248"}],"curies":[{"name":"wp","href":"https:\/\/api.w.org\/{rel}","templated":true}]}}