{"id":9259,"date":"2020-11-11T10:39:11","date_gmt":"2020-11-11T07:39:11","guid":{"rendered":"https:\/\/onlinezooshop.md\/?post_type=product&#038;p=9259"},"modified":"2025-12-15T17:03:22","modified_gmt":"2025-12-15T14:03:22","slug":"royal-canin-gastro-intestinal-moderate-calorie-dog-2-kg","status":"publish","type":"product","link":"https:\/\/onlinezooshop.md\/ro\/magazin\/royal-canin-gastro-intestinal-moderate-calorie-dog-2-kg\/","title":{"rendered":"Royal Canin Gastro-intestinal moderate calorie dog 2kg"},"content":{"rendered":"<p>Ingrediente:<\/p>\n<p>Orez, p\u0103s\u0103ri de curte deshidratate, gr\u0103simi animale, porumb, hidrolizat de proteine \u200b\u200banimale, drojdie, praf de ou, pulp\u0103 de sfecl\u0103, ulei de soia, minerale, fibre vegetale, ulei de pe\u0219te, fructooligozaharide, coaj\u0103 \u0219i semin\u021be de psyllium, hidrolizat de drojdie (surs\u0103 de oligozaharide de manan) , extract de g\u0103lbenele (surs\u0103 de lutein\u0103).<\/p>\n<p>ADAOSURI (LA 1KG):<\/p>\n<p>Suplimente nutritive:<br \/>\nVitamina A: 11.400 UI, Vitamina D3: 1.000 UI, Fier: 42 mg, Iod: 3.3 mg, Cupru: 8 mg, Mangan: 55 mg, Zinc: 181 mg, Seleniu: 0.08 mg.<br \/>\nAntioxodan\u021bi.<\/p>\n<p>Con\u021binut nutrient:<\/p>\n<p>Proteine \u200b\u200b23 g, Gr\u0103simi 11 g, Carbohidra\u021bi 44,4 g, Fibre alimentare 7,1 g, Fibre totale 2 g, Omega 6 2,46 g, Omega 0,45 g, EPA + DHA 0,21 g, Calciu 0,99 g, Fosfor 0,89 g , Sodiu 0,4 g, energie de schimb (metabolic\u0103) 3890 kcal<\/p>","protected":false},"excerpt":{"rendered":"<p>ROYAL CANIN GASTRO INTESTINAL MODERATE CALORIE DOG 2 KG \u2014 Diet\u0103 pentru c\u00e2inii cu indigestie<\/p>\n<p>Indica\u021bii:<\/p>\n<ul>\n<li>Diaree acut\u0103 \u0219i cronic\u0103<\/li>\n<li>Inflama\u021bia intestinal\u0103 cronic\u0103<\/li>\n<li>Digestibilitate slab\u0103 \u0219i absorb\u021bie a nutrien\u021bilor<\/li>\n<li>Perioada de reabilitare dup\u0103 boli<\/li>\n<li>Proliferarea bacteriilor \u00een intestinul sub\u021bire<\/li>\n<li>Insuficien\u021b\u0103 pancreatic\u0103 exocrin\u0103<\/li>\n<li>Colita<\/li>\n<li>Gastrit\u0103<\/li>\n<li>Anorexie<\/li>\n<\/ul>\n<p>Contraindica\u021bii<\/p>\n<ul>\n<li>Sarcin\u0103 \u0219i al\u0103ptare<\/li>\n<\/ul>\n<p>Not\u0103: Dietele veterinare, inclusiv Royal Canin Gastro Intestinal Calorie moderat\u0103, sunt concepute pentru a fi administrate sub supravegherea unui medic veterinar. Royal Canin v\u0103 recomand\u0103 s\u0103 solicita\u021bi \u00eentotdeauna sfatul medicului veterinar \u00eenainte de a \u00eencepe sau de a continua cu dieta veterinar\u0103.<\/p>","protected":false},"featured_media":12554,"template":"","meta":[],"product_cat":[80,81,103,105],"product_tag":[],"_links":{"self":[{"href":"https:\/\/onlinezooshop.md\/ro\/wp-json\/wp\/v2\/product\/9259"}],"collection":[{"href":"https:\/\/onlinezooshop.md\/ro\/wp-json\/wp\/v2\/product"}],"about":[{"href":"https:\/\/onlinezooshop.md\/ro\/wp-json\/wp\/v2\/types\/product"}],"wp:featuredmedia":[{"embeddable":true,"href":"https:\/\/onlinezooshop.md\/ro\/wp-json\/wp\/v2\/media\/12554"}],"wp:attachment":[{"href":"https:\/\/onlinezooshop.md\/ro\/wp-json\/wp\/v2\/media?parent=9259"}],"wp:term":[{"taxonomy":"product_cat","embeddable":true,"href":"https:\/\/onlinezooshop.md\/ro\/wp-json\/wp\/v2\/product_cat?post=9259"},{"taxonomy":"product_tag","embeddable":true,"href":"https:\/\/onlinezooshop.md\/ro\/wp-json\/wp\/v2\/product_tag?post=9259"}],"curies":[{"name":"wp","href":"https:\/\/api.w.org\/{rel}","templated":true}]}}