{"id":9261,"date":"2020-11-11T10:40:20","date_gmt":"2020-11-11T07:40:20","guid":{"rendered":"https:\/\/onlinezooshop.md\/?post_type=product&#038;p=9261"},"modified":"2025-12-15T17:02:54","modified_gmt":"2025-12-15T14:02:54","slug":"royal-canin-renal-dog-2kg","status":"publish","type":"product","link":"https:\/\/onlinezooshop.md\/ro\/magazin\/royal-canin-renal-dog-2kg\/","title":{"rendered":"Royal Canin Renal dog 2kg"},"content":{"rendered":"<p>Ingrediente:<\/p>\n<p>Orez, f\u0103in\u0103 de porumb, gr\u0103simi animale, gluten de porumb, porumb, hidrolizat de proteine \u200b\u200banimale, past\u0103 de sfecl\u0103, gluten de gr\u00e2u *, minerale, ulei de pe\u0219te, fibre vegetale, ulei de soia, fructooligozaharide, carcase \u0219i semin\u021be de psyllium, extract de g\u0103lbenele (surs\u0103 de lutein\u0103 ).<\/p>\n<p>Adaosuri (la 1kg):<\/p>\n<p>Suplimente nutritive:<br \/>\nVitamina A: 15.800 UI, Vitamina D3: 1000 UI, E1 (fier): 40 mg, E2 (iod): 4 mg, E4 (cupru): 12 mg, E5 (mangan): 52 mg, E6 (zinc): 154 mg.<br \/>\nAditivi tehnologici:<br \/>\nClinoptilolit de origine sedimentar\u0103 - 5 g<br \/>\nAntioxodan\u021bi.<\/p>\n<p>Con\u021binut nutrient:<\/p>\n<p>la 100gr hran\u0103:<br \/>\nProteine \u200b\u200b14 g, Gr\u0103simi 18 g, Carbohidra\u021bi 47,1 g, Fibre alimentare 7,5 g, Fibre totale 2,4 g, Omega 6 4,23 g, Omega 3 1,07 g, EPA + DHA 0,47 g, Calciu 0,4 g, Fosfor 0,2 g, sodiu 0,35 g, potasiu 0,6 g, vitamina D3 100 UI, energie de schimb (metabolic\u0103) 398,8 kcal<\/p>\n<p>* L. I. P. (Protein\u0103 sc\u0103zut\u0103 indigestibil\u0103): proteine \u200b\u200bde \u00eenalt\u0103 calitate cu digestibilitate maxim\u0103.<\/p>","protected":false},"excerpt":{"rendered":"<p>ROYAL CANIN DIET RENAL DOG 2 KG \u2014Dieta pentru c\u00e2inii adul\u021bi cu insuficien\u021b\u0103 renal\u0103 cronic\u0103<\/p>\n<p>Indica\u021bii:<\/p>\n<ul>\n<li>Insuficien\u021b\u0103 renal\u0103 cronic\u0103 (CRF)<\/li>\n<\/ul>\n<p>Contraindica\u021bii<\/p>\n<ul>\n<li>Sarcin\u0103, al\u0103ptarea, cre\u0219tere<\/li>\n<li>Pancreatit\u0103 (inclusiv cele anterioare)<\/li>\n<li>Hiperlipidemie<\/li>\n<\/ul>\n<p>AVERTISMENT: Dietele veterinare, inclusiv Royal Canin Renal, sunt concepute pentru a fi administrate sub supravegherea unui medic veterinar. Royal Canin v\u0103 recomand\u0103 s\u0103 solicita\u021bi \u00eentotdeauna sfatul medicului veterinar \u00eenainte de a \u00eencepe sau de a continua cu dieta veterinar\u0103.<\/p>","protected":false},"featured_media":12553,"template":"","meta":[],"product_cat":[80,81,103,105],"product_tag":[],"_links":{"self":[{"href":"https:\/\/onlinezooshop.md\/ro\/wp-json\/wp\/v2\/product\/9261"}],"collection":[{"href":"https:\/\/onlinezooshop.md\/ro\/wp-json\/wp\/v2\/product"}],"about":[{"href":"https:\/\/onlinezooshop.md\/ro\/wp-json\/wp\/v2\/types\/product"}],"wp:featuredmedia":[{"embeddable":true,"href":"https:\/\/onlinezooshop.md\/ro\/wp-json\/wp\/v2\/media\/12553"}],"wp:attachment":[{"href":"https:\/\/onlinezooshop.md\/ro\/wp-json\/wp\/v2\/media?parent=9261"}],"wp:term":[{"taxonomy":"product_cat","embeddable":true,"href":"https:\/\/onlinezooshop.md\/ro\/wp-json\/wp\/v2\/product_cat?post=9261"},{"taxonomy":"product_tag","embeddable":true,"href":"https:\/\/onlinezooshop.md\/ro\/wp-json\/wp\/v2\/product_tag?post=9261"}],"curies":[{"name":"wp","href":"https:\/\/api.w.org\/{rel}","templated":true}]}}