{"id":9263,"date":"2020-11-11T10:44:12","date_gmt":"2020-11-11T07:44:12","guid":{"rendered":"https:\/\/onlinezooshop.md\/?post_type=product&#038;p=9263"},"modified":"2025-12-15T17:02:22","modified_gmt":"2025-12-15T14:02:22","slug":"royal-canin-vd-hepatic-dog-15-kg","status":"publish","type":"product","link":"https:\/\/onlinezooshop.md\/ro\/magazin\/royal-canin-vd-hepatic-dog-15-kg\/","title":{"rendered":"Royal Canin VD Hepatic dog 1,5kg"},"content":{"rendered":"<p>Ingrediente:<\/p>\n<p>orez, porumb, gr\u0103simi animale, izolat de proteine \u200b\u200bdin soia *, hidrolizat de proteine \u200b\u200banimale, past\u0103 de sfecl\u0103, minerale, ulei de soia, fibre vegetale, ulei de pe\u0219te, fructooligozaharide, extract de g\u0103lbenele (surs\u0103 de lutein\u0103).<\/p>\n<p>Adaosuri (la 1kg):<\/p>\n<p>Suplimente nutritive:<br \/>\nVitamina A: 11.600 UI, Vitamina D3: 1.000 UI, Fier: 115 mg, Iod: 4,3 mg, Mangan: 53 mg, Zinc: 212 mg, Seleniu: 0,38 mg.<br \/>\nAntioxodan\u021bi.<\/p>\n<p>Con\u021binut nutrient:<\/p>\n<p>la 100gr hran\u0103:<br \/>\nProteine \u200b\u200b16 g, Gr\u0103simi 16 g, Carbohidra\u021bi 46,8 g, Fibre alimentare 7,1 g, Fibre totale 2 g, Omega 6 3,81 g, Omega 3 0,59 g, EPA + DHA 0,2 g, Calciu 0 , 72 g, fosfor 0,51 g, sodiu 0,2 g, cupru 0,4 mg, energie de schimb (metabolic\u0103) 391 kcal.<\/p>\n<p>* L. I. P. (Protein\u0103 sc\u0103zut\u0103 indigestibil\u0103): proteine \u200b\u200bde \u00eenalt\u0103 calitate cu digestibilitate maxim\u0103.<\/p>","protected":false},"excerpt":{"rendered":"<p>ROYAL CANIN VD HEPATIC DOG 1,5 \u041aG \u2014 DIETA VETERINAR\u0102 PENTRU C\u00c2INI CU BOLI ALE FICATULUI<\/p>\n<p>Indica\u021bii:<\/p>\n<ul>\n<li>Boal\u0103 de ficat<\/li>\n<li>Hepatita cronic\u0103<\/li>\n<li>Manevrarea Porto-caval\u0103<\/li>\n<li>Encefalopatie hepatica<\/li>\n<li>Insuficien\u021b\u0103 hepatic\u0103<\/li>\n<li>Tulbur\u0103ri de metabolism al cuprului<\/li>\n<li>Piroplasmoza<\/li>\n<\/ul>\n<p>Contraindica\u021bii<\/p>\n<ul>\n<li>Sarcin\u0103, al\u0103ptarea, cre\u0219tere<\/li>\n<li>Pancreatit\u0103 (inclusiv cele anterioare)<\/li>\n<li>Hiperlipidemie<\/li>\n<\/ul>\n<p>Not\u0103: Dietele veterinare, inclusiv Royal Canin Hepatic, sunt concepute pentru a fi administrate sub supravegherea unui medic veterinar. Royal Canin v\u0103 recomand\u0103 s\u0103 solicita\u021bi \u00eentotdeauna sfatul medicului veterinar \u00eenainte de a \u00eencepe sau de a continua cu dieta veterinar\u0103.<\/p>","protected":false},"featured_media":12552,"template":"","meta":[],"product_cat":[80,81,103,105],"product_tag":[],"_links":{"self":[{"href":"https:\/\/onlinezooshop.md\/ro\/wp-json\/wp\/v2\/product\/9263"}],"collection":[{"href":"https:\/\/onlinezooshop.md\/ro\/wp-json\/wp\/v2\/product"}],"about":[{"href":"https:\/\/onlinezooshop.md\/ro\/wp-json\/wp\/v2\/types\/product"}],"wp:featuredmedia":[{"embeddable":true,"href":"https:\/\/onlinezooshop.md\/ro\/wp-json\/wp\/v2\/media\/12552"}],"wp:attachment":[{"href":"https:\/\/onlinezooshop.md\/ro\/wp-json\/wp\/v2\/media?parent=9263"}],"wp:term":[{"taxonomy":"product_cat","embeddable":true,"href":"https:\/\/onlinezooshop.md\/ro\/wp-json\/wp\/v2\/product_cat?post=9263"},{"taxonomy":"product_tag","embeddable":true,"href":"https:\/\/onlinezooshop.md\/ro\/wp-json\/wp\/v2\/product_tag?post=9263"}],"curies":[{"name":"wp","href":"https:\/\/api.w.org\/{rel}","templated":true}]}}