{"id":9274,"date":"2020-11-11T10:51:17","date_gmt":"2020-11-11T07:51:17","guid":{"rendered":"https:\/\/onlinezooshop.md\/?post_type=product&#038;p=9274"},"modified":"2025-12-15T17:01:27","modified_gmt":"2025-12-15T14:01:27","slug":"royal-canin-vd-urinary-s-o-75kg","status":"publish","type":"product","link":"https:\/\/onlinezooshop.md\/ro\/magazin\/royal-canin-vd-urinary-s-o-75kg\/","title":{"rendered":"Royal Canin VD Urinary S\/O DOG 7,5\u043a\u0433"},"content":{"rendered":"<p>Ingrediente:<\/p>\n<p>F\u0103in\u0103 din cereale, cereale, gr\u0103simi animale, proteine \u200b\u200bdeshidratate de origine animal\u0103 (p\u0103s\u0103ri de curte), proteine \u200b\u200bvegetale izolate *, minerale, hidrolizat de proteine \u200b\u200banimale (aditivi aromatizan\u021bi), fibre vegetale, ulei de soia, ulei de pe\u0219te, fructooligozaharide, extract de g\u0103lbenele ( surs\u0103 de lutein\u0103).<\/p>\n<p>Adaosuri (la 1 kg)<\/p>\n<p>Suplimente nutritive:<br \/>\nVitamina A: 15.500 UI, Vitamina D3: 1.000 UI, E1 (fier): 44 mg, E2 (iod): 4,4 mg, E4 (cupru): 13 mg, E5 (mangan): 57 mg, E6 (zinc) : 147 mg, E8 (seleniu): 0,06 mg ..<br \/>\nConservan\u021bi: Antioxidan\u021bi.<\/p>\n<p>Con\u021binut nutrient:<\/p>\n<p>Proteine: 18,0% - Gr\u0103simi: 17,0% - Minerale: 6,3% - Fibre alimentare: 2,2% - Calciu: 0,5% - Fosfor: 0,5% - Magneziu: 0,06% - EPA \/ DHA: 0,21%.<\/p>\n<p>* L.I.P.: Proteine \u200b\u200bspecial selectate, cu digestibilitate ridicat\u0103.<\/p>","protected":false},"excerpt":{"rendered":"<p>Royal Canin Urinary S\/O\u00a0\u2014hran\u0103 medicinal\u0103 veterinar\u0103 pentru tratamentul \u0219i prevenirea urolitiazei la c\u00e2ini. Dizolv\u0103 struvitul \u0219i previne formarea de fosfa\u021bi triplu \u0219i oxala\u021bi.<\/p>\n<p>Indica\u021bii:<\/p>\n<ul>\n<li>Cistita bacterian\u0103<\/li>\n<li>Dizolvarea struvitei<\/li>\n<li>Prevenirea reapari\u021biei urolitiazei cauzat\u0103 de struvit \u0219i oxalat de calciu<\/li>\n<\/ul>\n<p>\u00cenainte de a administra Royal Canin Urinary S \/ O unui c\u00e2ine \u00een v\u00e2rst\u0103, asigura\u021bi-v\u0103 c\u0103 rinichii lor func\u021bioneaz\u0103 corect.<\/p>\n<p>Contraindica\u021bii:<\/p>\n<ul>\n<li>Sarcin\u0103, al\u0103ptarea, cre\u0219tere<\/li>\n<li>Insuficien\u021b\u0103 renal\u0103 cronic\u0103, tulbur\u0103ri metabolice<\/li>\n<li>Pancreatit\u0103 (inclusiv cele anterioare)<\/li>\n<li>Hiperlipidemie<\/li>\n<li>Insuficienta cardiaca<\/li>\n<li>Prescrierea medicamentelor care acidific\u0103 urina<\/li>\n<\/ul>\n<p>Not\u0103: Dietele veterinare, inclusiv Royal Canin Urinary S \/ O, sunt concepute pentru a fi administrate sub supravegherea unui medic veterinar. Royal Canin v\u0103 recomand\u0103 s\u0103 solicita\u021bi \u00eentotdeauna sfatul medicului veterinar \u00eenainte de a \u00eencepe sau de a continua cu dieta veterinar\u0103.<\/p>","protected":false},"featured_media":12551,"template":"","meta":[],"product_cat":[80,81,103,105],"product_tag":[],"_links":{"self":[{"href":"https:\/\/onlinezooshop.md\/ro\/wp-json\/wp\/v2\/product\/9274"}],"collection":[{"href":"https:\/\/onlinezooshop.md\/ro\/wp-json\/wp\/v2\/product"}],"about":[{"href":"https:\/\/onlinezooshop.md\/ro\/wp-json\/wp\/v2\/types\/product"}],"wp:featuredmedia":[{"embeddable":true,"href":"https:\/\/onlinezooshop.md\/ro\/wp-json\/wp\/v2\/media\/12551"}],"wp:attachment":[{"href":"https:\/\/onlinezooshop.md\/ro\/wp-json\/wp\/v2\/media?parent=9274"}],"wp:term":[{"taxonomy":"product_cat","embeddable":true,"href":"https:\/\/onlinezooshop.md\/ro\/wp-json\/wp\/v2\/product_cat?post=9274"},{"taxonomy":"product_tag","embeddable":true,"href":"https:\/\/onlinezooshop.md\/ro\/wp-json\/wp\/v2\/product_tag?post=9274"}],"curies":[{"name":"wp","href":"https:\/\/api.w.org\/{rel}","templated":true}]}}