{"id":9306,"date":"2020-11-11T11:11:45","date_gmt":"2020-11-11T08:11:45","guid":{"rendered":"https:\/\/onlinezooshop.md\/?post_type=product&#038;p=9306"},"modified":"2025-12-17T16:40:50","modified_gmt":"2025-12-17T13:40:50","slug":"royal-canin-chihuahua-adult-15kg","status":"publish","type":"product","link":"https:\/\/onlinezooshop.md\/ro\/magazin\/royal-canin-chihuahua-adult-15kg\/","title":{"rendered":"Royal Canin Chihuahua adult 1,5kg"},"content":{"rendered":"<p>Ingrediente:<\/p>\n<p>Orez, gr\u00e2u, izolat de proteine \u200b\u200bvegetale *, proteine \u200b\u200bdeshidratate de origine animal\u0103 (p\u0103s\u0103ri de curte), gr\u0103simi animale, hidrolizat de proteine \u200b\u200banimale (aditivi aromatizan\u021bi), fibre vegetale, minerale, ulei de soia, ulei de pe\u0219te, fructooligozaharide, ulei de borage, extract de g\u0103lbenele (surs\u0103 de lutein\u0103), extract de ceai verde (surs\u0103 de polifenoli), hidrolizat din coji de crustacee (surs\u0103 de glucozamin\u0103), hidrolizat din cartilaj (surs\u0103 de condroitin\u0103).<\/p>\n<p>* L.I.P.: Proteine \u200b\u200bselectate pentru o absorb\u021bie maxim\u0103.<\/p>\n<p>Adaosuri (la 1 kg)<\/p>\n<p>Suplimente nutritive: Vitamina A: 30.000 ME, Vitamina D3: 800 ME, Fier: 36 mg, Iod: 3.6 mg, Cupru: 11 mg, Mangan: 47 mg, Zinc: 140 mg, Celen: 0.09 mg - Tehnologic aditivi: Clinoptilolit de origine sedimentar\u0103: 5 g, Tripolifosfat de sodiu: 3,5 g - Conservan\u021bi - Antioxidan\u021bi.<\/p>\n<p>Con\u021binut nutrient:<\/p>\n<p>Proteine: 28% - Gr\u0103simi: 16% - Minerale: 5,3% - Total fibre: 2,1%<\/p>","protected":false},"excerpt":{"rendered":"<p>ROYAL CANIN CHIHUAHUA ADULT \u2014 HRAN\u0102 COMPLET\u0102 PENTRU C\u00ceINI DIN RASA CHIHUAHUA, DE LA 8 LUNI, PE TOAT\u0102 VIA\u021aA<\/p>","protected":false},"featured_media":12646,"template":"","meta":[],"product_cat":[80,81,84,100,103],"product_tag":[],"_links":{"self":[{"href":"https:\/\/onlinezooshop.md\/ro\/wp-json\/wp\/v2\/product\/9306"}],"collection":[{"href":"https:\/\/onlinezooshop.md\/ro\/wp-json\/wp\/v2\/product"}],"about":[{"href":"https:\/\/onlinezooshop.md\/ro\/wp-json\/wp\/v2\/types\/product"}],"wp:featuredmedia":[{"embeddable":true,"href":"https:\/\/onlinezooshop.md\/ro\/wp-json\/wp\/v2\/media\/12646"}],"wp:attachment":[{"href":"https:\/\/onlinezooshop.md\/ro\/wp-json\/wp\/v2\/media?parent=9306"}],"wp:term":[{"taxonomy":"product_cat","embeddable":true,"href":"https:\/\/onlinezooshop.md\/ro\/wp-json\/wp\/v2\/product_cat?post=9306"},{"taxonomy":"product_tag","embeddable":true,"href":"https:\/\/onlinezooshop.md\/ro\/wp-json\/wp\/v2\/product_tag?post=9306"}],"curies":[{"name":"wp","href":"https:\/\/api.w.org\/{rel}","templated":true}]}}