{"id":9309,"date":"2020-11-11T11:13:22","date_gmt":"2020-11-11T08:13:22","guid":{"rendered":"https:\/\/onlinezooshop.md\/?post_type=product&#038;p=9309"},"modified":"2025-12-17T16:41:18","modified_gmt":"2025-12-17T13:41:18","slug":"royal-canin-chihuahua-puppy-500g","status":"publish","type":"product","link":"https:\/\/onlinezooshop.md\/ro\/magazin\/royal-canin-chihuahua-puppy-500g\/","title":{"rendered":"Royal Canin Chihuahua puppy 500gr"},"content":{"rendered":"<p>Ingrediente:<\/p>\n<p>Proteine \u200b\u200bdeshidratate de origine animal\u0103 (p\u0103s\u0103ri de curte), orez, gr\u0103simi animale, porumb, izolat de proteine \u200b\u200bvegetale *, pulp\u0103 de sfecl\u0103, hidrolizat de proteine \u200b\u200banimale (arome), minerale, ulei de soia, ulei de pe\u0219te, fibre vegetale, fructooligozaharide, hidrolizat de drojdie oligozaharide mananice), extract de g\u0103lbenele (surs\u0103 de lutein\u0103).<\/p>\n<p>* L.I.P.: Proteine \u200b\u200bselectate pentru o absorb\u021bie maxim\u0103.<\/p>\n<p>Adaosuri (la 1 kg)<\/p>\n<p>Suplimente nutritive: Vitamina A: 28000 ME, Vitamina D3: 700 ME, Fier: 48 mg, Iod: 4,8 mg, Cupru: 9 mg, Mangan: 62 mg, Zinc: 187 mg, Seleniu: 0,11 mg - Tehnologic aditivi: Tripolifosfat de sodiu: 3,5 g - Conservan\u021bi - Antioxidan\u021bi.<\/p>\n<p>Con\u021binut nutrient:<\/p>\n<p>Proteine: 30% - Gr\u0103simi: 20% - Minerale: 6,6% - Fibre totale: 2%<\/p>","protected":false},"excerpt":{"rendered":"<p>ROYAL CANIN CHIHUAHUA PUPPY \u2014 HRAN\u0102 COMPLET\u0102 PENTRU C\u0102\u021aEI DIN RASA CHIHUAHUA, P\u00ceN\u0102 LA 8 LUNI<\/p>","protected":false},"featured_media":12649,"template":"","meta":[],"product_cat":[80,81,84,100,103],"product_tag":[],"_links":{"self":[{"href":"https:\/\/onlinezooshop.md\/ro\/wp-json\/wp\/v2\/product\/9309"}],"collection":[{"href":"https:\/\/onlinezooshop.md\/ro\/wp-json\/wp\/v2\/product"}],"about":[{"href":"https:\/\/onlinezooshop.md\/ro\/wp-json\/wp\/v2\/types\/product"}],"wp:featuredmedia":[{"embeddable":true,"href":"https:\/\/onlinezooshop.md\/ro\/wp-json\/wp\/v2\/media\/12649"}],"wp:attachment":[{"href":"https:\/\/onlinezooshop.md\/ro\/wp-json\/wp\/v2\/media?parent=9309"}],"wp:term":[{"taxonomy":"product_cat","embeddable":true,"href":"https:\/\/onlinezooshop.md\/ro\/wp-json\/wp\/v2\/product_cat?post=9309"},{"taxonomy":"product_tag","embeddable":true,"href":"https:\/\/onlinezooshop.md\/ro\/wp-json\/wp\/v2\/product_tag?post=9309"}],"curies":[{"name":"wp","href":"https:\/\/api.w.org\/{rel}","templated":true}]}}