{"id":9318,"date":"2020-11-11T11:17:55","date_gmt":"2020-11-11T08:17:55","guid":{"rendered":"https:\/\/onlinezooshop.md\/?post_type=product&#038;p=9318"},"modified":"2023-05-03T23:08:30","modified_gmt":"2023-05-03T20:08:30","slug":"royal-canin-dachshund-adult-15kg","status":"publish","type":"product","link":"https:\/\/onlinezooshop.md\/ro\/magazin\/royal-canin-dachshund-adult-15kg\/","title":{"rendered":"Royal Canin Dachshund adult 1,5kg"},"content":{"rendered":"<p>Ingrediente:<\/p>\n<p>Orez, proteine \u200b\u200bdeshidratate de origine animal\u0103 (p\u0103s\u0103ri de curte), proteine \u200b\u200bvegetale izolate *, f\u0103in\u0103 din cereale, gr\u0103simi animale, hidrolizat de proteine \u200b\u200banimale (arome), fibre vegetale, minerale, ulei de pe\u0219te, ulei de soia, fructooligozaharide, ulei de borage, extract de g\u0103lbenele (surs\u0103 de lutein\u0103), hidrolizat din coji de crustacee (surs\u0103 de glucozamin\u0103), extract de ceai verde (surs\u0103 de polifenoli), hidrolizat din cartilaj (surs\u0103 de condroitin\u0103).<\/p>\n<p>* L.I.P.: Proteine \u200b\u200bselectate pentru o absorb\u021bie maxim\u0103.<\/p>\n<p>Adaosuri (la 1 kg)<\/p>\n<p>Suplimente nutritive: Vitamina A: 31500 ME, Vitamina D3: 800 ME, Fier: 40 mg, Iod 4 mg, Cupru: 12 mg, Mangan: 51 mg, Zinc: 154 mg, Celen: 0,08 mg - Aditivi tehnologici: Clinoptilolit origine sedimentar\u0103: 10 g - Conservan\u021bi - Antioxidan\u021bi.<\/p>\n<p>Con\u021binut nutrient:<\/p>\n<p>Proteine: 28% - Gr\u0103simi: 14% - Minerale: 6,8% - Fibre totale: 2,6%<\/p>","protected":false},"excerpt":{"rendered":"<p>ROYAL CANIN DACHSHUND ADULT \u2014 HRAN\u0102 PENTRU C\u00ceINI DIN RASA DACHSHUND, PESTE 10 LUNI<\/p>","protected":false},"featured_media":9319,"template":"","meta":[],"product_cat":[80,81,84,98,103],"product_tag":[],"_links":{"self":[{"href":"https:\/\/onlinezooshop.md\/ro\/wp-json\/wp\/v2\/product\/9318"}],"collection":[{"href":"https:\/\/onlinezooshop.md\/ro\/wp-json\/wp\/v2\/product"}],"about":[{"href":"https:\/\/onlinezooshop.md\/ro\/wp-json\/wp\/v2\/types\/product"}],"wp:featuredmedia":[{"embeddable":true,"href":"https:\/\/onlinezooshop.md\/ro\/wp-json\/wp\/v2\/media\/9319"}],"wp:attachment":[{"href":"https:\/\/onlinezooshop.md\/ro\/wp-json\/wp\/v2\/media?parent=9318"}],"wp:term":[{"taxonomy":"product_cat","embeddable":true,"href":"https:\/\/onlinezooshop.md\/ro\/wp-json\/wp\/v2\/product_cat?post=9318"},{"taxonomy":"product_tag","embeddable":true,"href":"https:\/\/onlinezooshop.md\/ro\/wp-json\/wp\/v2\/product_tag?post=9318"}],"curies":[{"name":"wp","href":"https:\/\/api.w.org\/{rel}","templated":true}]}}