{"id":9321,"date":"2020-11-11T11:23:15","date_gmt":"2020-11-11T08:23:15","guid":{"rendered":"https:\/\/onlinezooshop.md\/?post_type=product&#038;p=9321"},"modified":"2023-05-03T23:13:30","modified_gmt":"2023-05-03T20:13:30","slug":"royal-canin-french-bulldog-adult-3kg","status":"publish","type":"product","link":"https:\/\/onlinezooshop.md\/ro\/magazin\/royal-canin-french-bulldog-adult-3kg\/","title":{"rendered":"Royal Canin French Bulldog adult 3kg"},"content":{"rendered":"<p>Ingrediente:<\/p>\n<p>Orez, gr\u00e2u, proteine \u200b\u200banimale deshidratate (porc), gr\u0103simi animale, proteine \u200b\u200banimale deshidratate (p\u0103s\u0103ri de curte), hidrolizat de proteine \u200b\u200banimale (arome), fibre vegetale, izolat de proteine \u200b\u200bvegetale *, ulei de pe\u0219te, minerale, ulei de soia, fructooligozaharide , hidrolizat din coaj\u0103 de crustacee (surs\u0103 de glucozamin\u0103), extract de g\u0103lbenele (surs\u0103 de lutein\u0103), extract de ceai verde (surs\u0103 de polifenoli), hidrolizat din cartilaj (surs\u0103 de condroitin\u0103).<\/p>\n<p>* L.I.P.: Proteine \u200b\u200bselectate pentru o absorb\u021bie maxim\u0103.<\/p>\n<p>Adaosuri (la 1 kg)<\/p>\n<p>Suplimente nutritive: Vitamina A: 30.000 ME, Vitamina D3: 800 ME, Fier: 44 mg, Iod: 4.5 mg, Cupru: 14 mg, Mangan: 58 mg, Zinc: 173 mg, Seleniu: 0.08 mg - Tehnologic aditivi: Clinoptilolit de origine sedimentar\u0103: 10 g, Tripolifosfat de sodiu: 3,5 g - Conservan\u021bi - Antioxidan\u021bi.<\/p>\n<p>Con\u021binut nutrient:<\/p>\n<p>Proteine: 26% - Gr\u0103simi: 18% - Minerale: 5,7% - Fibre totale: 1,5%<\/p>","protected":false},"excerpt":{"rendered":"<p>ROYAL CANIN FRENCH BULLDOG ADULT \u2014 HRAN\u0102 COMPLET\u0102 PENTRU C\u00ceINI DIN RASA BULDOG FRANCEZ, PESTE 12 LUNI<\/p>","protected":false},"featured_media":9323,"template":"","meta":[],"product_cat":[80,81,84,99,103],"product_tag":[],"_links":{"self":[{"href":"https:\/\/onlinezooshop.md\/ro\/wp-json\/wp\/v2\/product\/9321"}],"collection":[{"href":"https:\/\/onlinezooshop.md\/ro\/wp-json\/wp\/v2\/product"}],"about":[{"href":"https:\/\/onlinezooshop.md\/ro\/wp-json\/wp\/v2\/types\/product"}],"wp:featuredmedia":[{"embeddable":true,"href":"https:\/\/onlinezooshop.md\/ro\/wp-json\/wp\/v2\/media\/9323"}],"wp:attachment":[{"href":"https:\/\/onlinezooshop.md\/ro\/wp-json\/wp\/v2\/media?parent=9321"}],"wp:term":[{"taxonomy":"product_cat","embeddable":true,"href":"https:\/\/onlinezooshop.md\/ro\/wp-json\/wp\/v2\/product_cat?post=9321"},{"taxonomy":"product_tag","embeddable":true,"href":"https:\/\/onlinezooshop.md\/ro\/wp-json\/wp\/v2\/product_tag?post=9321"}],"curies":[{"name":"wp","href":"https:\/\/api.w.org\/{rel}","templated":true}]}}