{"id":9328,"date":"2020-11-11T11:26:33","date_gmt":"2020-11-11T08:26:33","guid":{"rendered":"https:\/\/onlinezooshop.md\/?post_type=product&#038;p=9328"},"modified":"2023-05-03T22:33:27","modified_gmt":"2023-05-03T19:33:27","slug":"royal-canin-german-shepherd-adult-12kg","status":"publish","type":"product","link":"https:\/\/onlinezooshop.md\/ro\/magazin\/royal-canin-german-shepherd-adult-12kg\/","title":{"rendered":"Royal Canin German Shepherd adult 11\u043a\u0433"},"content":{"rendered":"<p>Ingrediente:<br \/>\nOrez, proteine \u200b\u200banimale deshidratate (carne de pas\u0103re), gr\u0103simi animale, izolat de proteine \u200b\u200bvegetale *, fibre vegetale, hidrolizat de proteine \u200b\u200banimale (arome), minerale, f\u0103in\u0103 de cereale, ulei de pe\u0219te, ulei de soia, hidrolizat de drojdie (surs\u0103 de oligozaharide de manan ), hidrolizat din coji de crustacee (surs\u0103 de glucozamin\u0103), extract de g\u0103lbenele (surs\u0103 de lutein\u0103), extract de ceai verde (surs\u0103 de polifenoli), hidrolizat din cartilaj (surs\u0103 de condroitin\u0103).<\/p>\n<p>* L.I.P.: Proteine \u200b\u200bselectate pentru o absorb\u021bie maxim\u0103.<\/p>\n<p>Adaosuri (la 1 kg)<br \/>\nSuplimente nutritive: Vitamina A: 28500 ME, Vitamina D3: 800 ME, Fier: 43 mg, Iod: 4,3 mg, Cupru: 13 mg, Mangan: 56 mg, Zinc: 168 mg, Celen: 0,09 mg - Tehnologic aditivi: Clinoptilolit de origine sedimentar\u0103: 10 g - Conservan\u021bi - Antioxidan\u021bi.<\/p>\n<p>Con\u021binut nutrient:<br \/>\nProteine: 24% - Gr\u0103simi: 19% - Minerale: 6,8% - Fibre totale: 4,2%<\/p>","protected":false},"excerpt":{"rendered":"<div class=\"woocommerce-product-details__short-description\">\n<p>ROYAL CANIN GERMAN SHEPHERD ADULT \u2014 HRAN\u0102 PENTRU C\u00ceINE CIOB\u0102NESC GERMAN, PESTE 15 LUNI<\/p>\n<\/div>\n<form class=\"cart\" action=\"http:\/\/zooroyal.md\/ru\/shop\/%d0%b4%d0%bb%d1%8f-%d1%81%d0%be%d0%b1%d0%b0%d0%ba\/%d0%ba%d0%be%d1%80%d0%bc\/%d0%b2%d1%8b%d0%b1%d0%be%d1%80-%d0%ba%d0%be%d1%80%d0%bc%d0%b0-%d0%bf%d0%be-%d0%bf%d0%be%d1%80%d0%be%d0%b4%d0%b0%d0%bc-%d1%81%d0%be%d0%b1%d0%b0%d0%ba\/german-shepherd-%d0%bd%d0%b5%d0%bc%d0%b5%d1%86%d0%ba%d0%b0%d1%8f-%d0%be%d0%b2%d1%87%d0%b0%d1%80%d0%ba%d0%b0\/royal-canin-bhn-german-shep-adult-12-k\/\" enctype=\"multipart\/form-data\" method=\"post\" data-trp-original-action=\"http:\/\/zooroyal.md\/ru\/shop\/%d0%b4%d0%bb%d1%8f-%d1%81%d0%be%d0%b1%d0%b0%d0%ba\/%d0%ba%d0%be%d1%80%d0%bc\/%d0%b2%d1%8b%d0%b1%d0%be%d1%80-%d0%ba%d0%be%d1%80%d0%bc%d0%b0-%d0%bf%d0%be-%d0%bf%d0%be%d1%80%d0%be%d0%b4%d0%b0%d0%bc-%d1%81%d0%be%d0%b1%d0%b0%d0%ba\/german-shepherd-%d0%bd%d0%b5%d0%bc%d0%b5%d1%86%d0%ba%d0%b0%d1%8f-%d0%be%d0%b2%d1%87%d0%b0%d1%80%d0%ba%d0%b0\/royal-canin-bhn-german-shep-adult-12-k\/\">\n<div class=\"quantity\"><\/div>\n<input type=\"hidden\" name=\"trp-form-language\" value=\"ro\"\/><\/form>","protected":false},"featured_media":9329,"template":"","meta":[],"product_cat":[80,81,84,96,103],"product_tag":[],"_links":{"self":[{"href":"https:\/\/onlinezooshop.md\/ro\/wp-json\/wp\/v2\/product\/9328"}],"collection":[{"href":"https:\/\/onlinezooshop.md\/ro\/wp-json\/wp\/v2\/product"}],"about":[{"href":"https:\/\/onlinezooshop.md\/ro\/wp-json\/wp\/v2\/types\/product"}],"wp:featuredmedia":[{"embeddable":true,"href":"https:\/\/onlinezooshop.md\/ro\/wp-json\/wp\/v2\/media\/9329"}],"wp:attachment":[{"href":"https:\/\/onlinezooshop.md\/ro\/wp-json\/wp\/v2\/media?parent=9328"}],"wp:term":[{"taxonomy":"product_cat","embeddable":true,"href":"https:\/\/onlinezooshop.md\/ro\/wp-json\/wp\/v2\/product_cat?post=9328"},{"taxonomy":"product_tag","embeddable":true,"href":"https:\/\/onlinezooshop.md\/ro\/wp-json\/wp\/v2\/product_tag?post=9328"}],"curies":[{"name":"wp","href":"https:\/\/api.w.org\/{rel}","templated":true}]}}