{"id":9334,"date":"2020-11-11T11:28:59","date_gmt":"2020-11-11T08:28:59","guid":{"rendered":"https:\/\/onlinezooshop.md\/?post_type=product&#038;p=9334"},"modified":"2025-12-16T15:07:22","modified_gmt":"2025-12-16T12:07:22","slug":"royal-canin-giant-adult-15kg","status":"publish","type":"product","link":"https:\/\/onlinezooshop.md\/ro\/magazin\/royal-canin-giant-adult-15kg\/","title":{"rendered":"Royal Canin Giant adult 15kg"},"content":{"rendered":"<p>Ingrediente:<\/p>\n<p>F\u0103in\u0103 de cereale, proteine \u200b\u200bdeshidratate de origine animal\u0103 (p\u0103s\u0103ri de curte), gr\u0103simi animale, gr\u00e2u, proteine \u200b\u200bvegetale izolate *, orez, fibre vegetale, hidrolizat de proteine \u200b\u200banimale (arome), ulei de pe\u0219te, ulei de soia, drojdie \u0219i subproduse de fermenta\u021bie, minerale substan\u021be, ulei de borage, extract de g\u0103lbenele (surs\u0103 de lutein\u0103), hidrolizat din coaja crustaceelor \u200b\u200b(surs\u0103 de glucozamin\u0103), hidrolizat din cartilaj (surs\u0103 de condroitin\u0103).<\/p>\n<p>* L.I.P.: Proteine \u200b\u200bselectate pentru o absorb\u021bie maxim\u0103.<\/p>\n<p>Adaosuri (la 1 kg)<\/p>\n<p>Suplimente nutritive: Vitamina A: 21.500 ME, Vitamina D3: 1000 ME, Fier: 40 mg, Iod: 4 mg, Cupru: 12 mg, Mangan: 51 mg, Zinc: 154 mg, Celen: 0.08 mg, Taurin\u0103: 1 , 3 g - Conservan\u021bi - Antioxidan\u021bi.<\/p>\n<p>Con\u021binut nutrient:<\/p>\n<p>Proteine: 28% - Gr\u0103simi: 20% - Minerale: 5,5% - Total fibre: 2,1%<\/p>","protected":false},"excerpt":{"rendered":"<div class=\"woocommerce-product-details__short-description\">\n<p>ROYAL CANIN GIANT ADULT \u2014 Hrana uscat\u0103 complet\u0103 pentru c\u00e2inii adul\u021bi foarte mari (c\u00e2inele adult c\u00e2nt\u0103re\u0219te mai mult de 45 kg) peste v\u00e2rsta de 18\/24 luni<\/p>\n<\/div>\n<form class=\"cart\" action=\"http:\/\/zooroyal.md\/ru\/shop\/%d0%b4%d0%bb%d1%8f-%d1%81%d0%be%d0%b1%d0%b0%d0%ba\/royal-canin-shn-giant-adult\/\" enctype=\"multipart\/form-data\" method=\"post\" data-trp-original-action=\"http:\/\/zooroyal.md\/ru\/shop\/%d0%b4%d0%bb%d1%8f-%d1%81%d0%be%d0%b1%d0%b0%d0%ba\/royal-canin-shn-giant-adult\/\">\n<div class=\"quantity\"><\/div>\n<input type=\"hidden\" name=\"trp-form-language\" value=\"ro\"\/><\/form>","protected":false},"featured_media":12558,"template":"","meta":[],"product_cat":[80,81,103,104],"product_tag":[],"_links":{"self":[{"href":"https:\/\/onlinezooshop.md\/ro\/wp-json\/wp\/v2\/product\/9334"}],"collection":[{"href":"https:\/\/onlinezooshop.md\/ro\/wp-json\/wp\/v2\/product"}],"about":[{"href":"https:\/\/onlinezooshop.md\/ro\/wp-json\/wp\/v2\/types\/product"}],"wp:featuredmedia":[{"embeddable":true,"href":"https:\/\/onlinezooshop.md\/ro\/wp-json\/wp\/v2\/media\/12558"}],"wp:attachment":[{"href":"https:\/\/onlinezooshop.md\/ro\/wp-json\/wp\/v2\/media?parent=9334"}],"wp:term":[{"taxonomy":"product_cat","embeddable":true,"href":"https:\/\/onlinezooshop.md\/ro\/wp-json\/wp\/v2\/product_cat?post=9334"},{"taxonomy":"product_tag","embeddable":true,"href":"https:\/\/onlinezooshop.md\/ro\/wp-json\/wp\/v2\/product_tag?post=9334"}],"curies":[{"name":"wp","href":"https:\/\/api.w.org\/{rel}","templated":true}]}}