{"id":9337,"date":"2020-11-11T11:30:36","date_gmt":"2020-11-11T08:30:36","guid":{"rendered":"https:\/\/onlinezooshop.md\/?post_type=product&#038;p=9337"},"modified":"2026-04-17T13:47:37","modified_gmt":"2026-04-17T10:47:37","slug":"royal-canin-giant-junior-15kg","status":"publish","type":"product","link":"https:\/\/onlinezooshop.md\/ro\/magazin\/royal-canin-giant-junior-15kg\/","title":{"rendered":"Royal Canin Giant junior 15kg"},"content":{"rendered":"<p>Ingrediente:<\/p>\n<p>Proteine \u200b\u200banimale deshidratate (p\u0103s\u0103ri de curte), f\u0103in\u0103 de cereale, orez, izolat de proteine \u200b\u200bvegetale *, gr\u00e2u, gr\u0103simi animale, fibre vegetale, hidrolizat de proteine \u200b\u200banimale (arome), minerale, ulei de pe\u0219te, ulei de soia, drojdie \u0219i produse secundare fermenta\u021bie, coaj\u0103 \u0219i semin\u021be de psyllium, fructooligozaharide, hidrolizat de drojdie (surs\u0103 de mangan oligozaharide), extracte de drojdie (surs\u0103 de beta-glucani), extract de g\u0103lbenele (surs\u0103 de lutein\u0103), hidrolizat din coaj\u0103 de crustacee (surs\u0103 de glucozamin\u0103), hidrolizat.<\/p>\n<p>Adaosuri (la 1 kg)<\/p>\n<p>Suplimente nutritive: Vitamina A: 16500 ME, Vitamina D3: 1100 ME, Vitamina E: 340 mg, Fier: 36 mg, Iod: 3,6 mg, Cupru: 11 mg, Mangan: 47 mg, Zinc: 141 mg, Celen: 0,06 mg, extract de Yucca: 125 mg - Aditivi tehnologici: Clinoptilolit de origine sedimentar\u0103: 10 g - Conservan\u021bi - Antioxidan\u021bi.<\/p>\n<p>Con\u021binut nutrient:<\/p>\n<p>Proteine: 31% - Gr\u0103simi: 16% - Minerale: 7,1% - Fibre alimentare: 1,5% - Calciu: 1,26% - Fosfor: 1% - L-carnitin\u0103: 300 mg \/ kg.<\/p>\n<p>* L.I.P.: Proteine \u200b\u200bspecial selectate, cu digestibilitate ridicat\u0103.<\/p>","protected":false},"excerpt":{"rendered":"<div class=\"woocommerce-product-details__short-description\">\n<p>ROYAL CANIN GIANT JUNIOR \u2014Hrana uscat\u0103 complet\u0103 pentru puii de c\u00e2ini foarte mari (greutatea unui c\u00e2ine adult de peste 45 kg) de la v\u00e2rsta de 8 p\u00e2n\u0103 la 18\/24 luni.<\/p>\n<\/div>\n<form class=\"cart\" action=\"http:\/\/zooroyal.md\/ru\/shop\/%d0%b4%d0%bb%d1%8f-%d1%81%d0%be%d0%b1%d0%b0%d0%ba\/royal-canin-shn-giant-junior-15\/\" enctype=\"multipart\/form-data\" method=\"post\" data-trp-original-action=\"http:\/\/zooroyal.md\/ru\/shop\/%d0%b4%d0%bb%d1%8f-%d1%81%d0%be%d0%b1%d0%b0%d0%ba\/royal-canin-shn-giant-junior-15\/\">\n<div class=\"quantity\"><\/div>\n<input type=\"hidden\" name=\"trp-form-language\" value=\"ro\"\/><\/form>","protected":false},"featured_media":12559,"template":"","meta":[],"product_cat":[80,81,103,104],"product_tag":[],"_links":{"self":[{"href":"https:\/\/onlinezooshop.md\/ro\/wp-json\/wp\/v2\/product\/9337"}],"collection":[{"href":"https:\/\/onlinezooshop.md\/ro\/wp-json\/wp\/v2\/product"}],"about":[{"href":"https:\/\/onlinezooshop.md\/ro\/wp-json\/wp\/v2\/types\/product"}],"wp:featuredmedia":[{"embeddable":true,"href":"https:\/\/onlinezooshop.md\/ro\/wp-json\/wp\/v2\/media\/12559"}],"wp:attachment":[{"href":"https:\/\/onlinezooshop.md\/ro\/wp-json\/wp\/v2\/media?parent=9337"}],"wp:term":[{"taxonomy":"product_cat","embeddable":true,"href":"https:\/\/onlinezooshop.md\/ro\/wp-json\/wp\/v2\/product_cat?post=9337"},{"taxonomy":"product_tag","embeddable":true,"href":"https:\/\/onlinezooshop.md\/ro\/wp-json\/wp\/v2\/product_tag?post=9337"}],"curies":[{"name":"wp","href":"https:\/\/api.w.org\/{rel}","templated":true}]}}