{"id":9340,"date":"2020-11-11T11:32:59","date_gmt":"2020-11-11T08:32:59","guid":{"rendered":"https:\/\/onlinezooshop.md\/?post_type=product&#038;p=9340"},"modified":"2023-08-14T17:24:27","modified_gmt":"2023-08-14T14:24:27","slug":"royal-canin-jack-russell-adult-3kg","status":"publish","type":"product","link":"https:\/\/onlinezooshop.md\/ro\/magazin\/royal-canin-jack-russell-adult-3kg\/","title":{"rendered":"Royal Canin Jack Russell adult 3kg"},"content":{"rendered":"<p>Ingrediente:<\/p>\n<p>Proteine \u200b\u200bdeshidratate de origine animal\u0103 (p\u0103s\u0103ri de curte), orez, porumb, izolat de proteine \u200b\u200bvegetale *, gr\u00e2u, gr\u0103simi animale, hidrolizat de proteine \u200b\u200banimale (arome), gluten de porumb, pulp\u0103 de sfecl\u0103, minerale, ulei de pe\u0219te, ulei de soia, drojdie, fructooligozaharide, hidrolizat de drojdie (surs\u0103 de oligozaharide mananice), ulei de borage (0,1%), extract de g\u0103lbenele (surs\u0103 de lutein\u0103), extracte de ceai verde \u0219i struguri (surse de polifenoli), hidrolizat din coji de crustacee (surs\u0103 de glucozamin\u0103), hidrolizat din cartilaj (surs\u0103 Condroitin\u0103).<\/p>\n<p>Adaosuri (la 1 kg)<\/p>\n<p>Suplimente nutritive: Vitamina A: 29400 ME, Vitamina D3: 800 ME, Fier: 43 mg, Iod: 4,3 mg, Cupru: 5 mg, Mangan: 56 mg, Zinc: 168 mg, Seleniu: 0,09 mg - Conservan\u021bi - Antioxidan\u021bi.<\/p>\n<p>Con\u021binut nutrient:<\/p>\n<p>Proteine: 30% - Gr\u0103simi: 16% - Minerale: 5,9% - Total fibre: 1,3%<\/p>\n<p>* L.I.P.: Proteine \u200b\u200bselectate pentru o absorb\u021bie maxim\u0103.<\/p>","protected":false},"excerpt":{"rendered":"<p>ROYAL CANIN JACK RUSSELL ADULT \u2014PENTRU C\u00ceINI ADUL\u021aI DIN RASA JACK RUSSELL TERRIER, DE LA 10 LUNI<\/p>","protected":false},"featured_media":9342,"template":"","meta":[],"product_cat":[80,81,84,103],"product_tag":[],"_links":{"self":[{"href":"https:\/\/onlinezooshop.md\/ro\/wp-json\/wp\/v2\/product\/9340"}],"collection":[{"href":"https:\/\/onlinezooshop.md\/ro\/wp-json\/wp\/v2\/product"}],"about":[{"href":"https:\/\/onlinezooshop.md\/ro\/wp-json\/wp\/v2\/types\/product"}],"wp:featuredmedia":[{"embeddable":true,"href":"https:\/\/onlinezooshop.md\/ro\/wp-json\/wp\/v2\/media\/9342"}],"wp:attachment":[{"href":"https:\/\/onlinezooshop.md\/ro\/wp-json\/wp\/v2\/media?parent=9340"}],"wp:term":[{"taxonomy":"product_cat","embeddable":true,"href":"https:\/\/onlinezooshop.md\/ro\/wp-json\/wp\/v2\/product_cat?post=9340"},{"taxonomy":"product_tag","embeddable":true,"href":"https:\/\/onlinezooshop.md\/ro\/wp-json\/wp\/v2\/product_tag?post=9340"}],"curies":[{"name":"wp","href":"https:\/\/api.w.org\/{rel}","templated":true}]}}