{"id":9344,"date":"2020-11-11T11:34:07","date_gmt":"2020-11-11T08:34:07","guid":{"rendered":"https:\/\/onlinezooshop.md\/?post_type=product&#038;p=9344"},"modified":"2023-05-03T23:15:33","modified_gmt":"2023-05-03T20:15:33","slug":"royal-canin-jack-russell-puppy-3kg","status":"publish","type":"product","link":"https:\/\/onlinezooshop.md\/ro\/magazin\/royal-canin-jack-russell-puppy-3kg\/","title":{"rendered":"Royal Canin Jack Russell puppy 3kg"},"content":{"rendered":"<p>Ingrediente:<\/p>\n<p>Proteine \u200b\u200bdeshidratate de origine animal\u0103 (p\u0103s\u0103ri de curte), orez, izolat de proteine \u200b\u200bvegetale *, gr\u00e2u, gr\u0103simi animale, porumb, hidrolizat de proteine \u200b\u200banimale (arome), past\u0103 de sfecl\u0103, gluten de porumb, minerale, ulei de pe\u0219te, ulei de soia, drojdie, fructooligozaharide, hidrolizat de drojdie (surs\u0103 de oligozaharide de manan), ulei de borage, extract de g\u0103lbenele (surs\u0103 de lutein\u0103).<\/p>\n<p>* L.I.P.: Proteine \u200b\u200bselectate pentru o absorb\u021bie maxim\u0103.<\/p>\n<p>Adaosuri (la 1 kg)<\/p>\n<p>Suplimente nutritive: Vitamina A: 29400 ME, Vitamina D3: 800 ME, Fier: 42 mg, Iod: 4,2 mg, Cupru: 5 mg, Mangan: 55 mg, Zinc: 164 mg, Seleniu: 0,09 mg - Conservan\u021bi - Antioxidan\u021bi.<\/p>\n<p>Con\u021binut nutrient:<\/p>\n<p>Proteine: 32% - Gr\u0103simi: 18% - Minerale: 6,9% - Total fibre: 1,4%<\/p>","protected":false},"excerpt":{"rendered":"<p>ROYAL CANIN JACK RUSSELL PUPPY \u2014 HRAN\u0102 COMPLET\u0102 PENTRU C\u0102\u021aEI DIN RASA JACK RUSSELL TERRIER ,P\u00ceN\u0102 LA 10 LUNI<\/p>","protected":false},"featured_media":9341,"template":"","meta":[],"product_cat":[80,81,84,103],"product_tag":[],"_links":{"self":[{"href":"https:\/\/onlinezooshop.md\/ro\/wp-json\/wp\/v2\/product\/9344"}],"collection":[{"href":"https:\/\/onlinezooshop.md\/ro\/wp-json\/wp\/v2\/product"}],"about":[{"href":"https:\/\/onlinezooshop.md\/ro\/wp-json\/wp\/v2\/types\/product"}],"wp:featuredmedia":[{"embeddable":true,"href":"https:\/\/onlinezooshop.md\/ro\/wp-json\/wp\/v2\/media\/9341"}],"wp:attachment":[{"href":"https:\/\/onlinezooshop.md\/ro\/wp-json\/wp\/v2\/media?parent=9344"}],"wp:term":[{"taxonomy":"product_cat","embeddable":true,"href":"https:\/\/onlinezooshop.md\/ro\/wp-json\/wp\/v2\/product_cat?post=9344"},{"taxonomy":"product_tag","embeddable":true,"href":"https:\/\/onlinezooshop.md\/ro\/wp-json\/wp\/v2\/product_tag?post=9344"}],"curies":[{"name":"wp","href":"https:\/\/api.w.org\/{rel}","templated":true}]}}