{"id":9346,"date":"2020-11-11T11:35:27","date_gmt":"2020-11-11T08:35:27","guid":{"rendered":"https:\/\/onlinezooshop.md\/?post_type=product&#038;p=9346"},"modified":"2023-05-03T22:31:26","modified_gmt":"2023-05-03T19:31:26","slug":"royal-canin-labrador-retriever-adult-12kg","status":"publish","type":"product","link":"https:\/\/onlinezooshop.md\/ro\/magazin\/royal-canin-labrador-retriever-adult-12kg\/","title":{"rendered":"Royal Canin Labrador adult 12\u043a\u0433"},"content":{"rendered":"<p>Ingrediente:<\/p>\n<p>Orez, proteine \u200b\u200banimale deshidratate (p\u0103s\u0103ri de curte), fibre vegetale, f\u0103in\u0103 de cereale, proteine \u200b\u200banimale deshidratate (carne de porc), gr\u0103simi animale, proteine \u200b\u200bvegetale izolate *, proteine \u200b\u200banimale hidrolizate (arome), gr\u00e2u, drojdie \u0219i subproduse de fermenta\u021bie , ulei de pe\u0219te, minerale, ulei de soia, coaj\u0103 \u0219i semin\u021be de psyllium, fructooligozaharide, hidrolizat din coaj\u0103 de crustacee (surs\u0103 de glucozamin\u0103), ulei de borage (0,1%), extract de ceai verde (surs\u0103 de polifenoli), extract de g\u0103lbenele (surs\u0103 de lutein\u0103 ), hidrolizat din cartilaj (surs\u0103 de condroitin\u0103).<\/p>\n<p>* L.I.P.: Proteine \u200b\u200bselectate pentru o absorb\u021bie maxim\u0103.<\/p>\n<p>Adaosuri (la 1 kg)<\/p>\n<p>Suplimente nutritive: Vitamina A: 27500 ME, Vitamina D3: 700 ME, Fier: 69 mg, Iod: 4,5 mg, Cupru: 7 mg, Mangan: 50 mg, Zinc: 172 mg, Seleniu: 0,21 mg - Tehnologic aditivi: Clinoptilolit de origine sedimentar\u0103: 10 g - Conservan\u021bi - Antioxidan\u021bi.<\/p>\n<p>Con\u021binut nutrient:<\/p>\n<p>Proteine: 30% - Gr\u0103simi: 13% - Minerale: 6,8% - Total fibre: 4,5%<\/p>","protected":false},"excerpt":{"rendered":"<p>ROYAL CANIN LABRADOR RETRIEVER ADULT \u2014 hran\u0103 pentru rasa Labrador mai mari de 15 luni<\/p>\n<p>Fiecare ras\u0103 are propriile sale caracteristici \u0219i, ca urmare, propriile sale nevoi nutri\u021bionale. Formulele nutri\u021bionale ale Breed Health Nutrition sunt adaptate la anumite rase, iar forma \u0219i textura crochetului sunt adaptate structurii \u0219i aderen\u021bei unice a maxilarului.<\/p>","protected":false},"featured_media":9347,"template":"","meta":[],"product_cat":[80,81,84,92,103],"product_tag":[],"_links":{"self":[{"href":"https:\/\/onlinezooshop.md\/ro\/wp-json\/wp\/v2\/product\/9346"}],"collection":[{"href":"https:\/\/onlinezooshop.md\/ro\/wp-json\/wp\/v2\/product"}],"about":[{"href":"https:\/\/onlinezooshop.md\/ro\/wp-json\/wp\/v2\/types\/product"}],"wp:featuredmedia":[{"embeddable":true,"href":"https:\/\/onlinezooshop.md\/ro\/wp-json\/wp\/v2\/media\/9347"}],"wp:attachment":[{"href":"https:\/\/onlinezooshop.md\/ro\/wp-json\/wp\/v2\/media?parent=9346"}],"wp:term":[{"taxonomy":"product_cat","embeddable":true,"href":"https:\/\/onlinezooshop.md\/ro\/wp-json\/wp\/v2\/product_cat?post=9346"},{"taxonomy":"product_tag","embeddable":true,"href":"https:\/\/onlinezooshop.md\/ro\/wp-json\/wp\/v2\/product_tag?post=9346"}],"curies":[{"name":"wp","href":"https:\/\/api.w.org\/{rel}","templated":true}]}}