{"id":9349,"date":"2020-11-11T11:36:48","date_gmt":"2020-11-11T08:36:48","guid":{"rendered":"https:\/\/onlinezooshop.md\/?post_type=product&#038;p=9349"},"modified":"2023-05-03T22:24:12","modified_gmt":"2023-05-03T19:24:12","slug":"royal-canin-labrador-retriever-puppy-12kg","status":"publish","type":"product","link":"https:\/\/onlinezooshop.md\/ro\/magazin\/royal-canin-labrador-retriever-puppy-12kg\/","title":{"rendered":"Royal Canin Labrador puppy 12\u043a\u0433"},"content":{"rendered":"<p>Ingrediente:<\/p>\n<p>Orez, proteine \u200b\u200bdeshidratate de origine animal\u0103 (p\u0103s\u0103ri de curte), porumb, izolat de proteine \u200b\u200bvegetale *, gluten de porumb, gr\u0103simi animale, hidrolizat de proteine \u200b\u200banimale, minerale, past\u0103 de sfecl\u0103, ulei de pe\u0219te, fibre vegetale, ulei de soia, fructooligozaharide, caren\u0103 de psyllium \u0219i semin\u021be, hidrolizat de drojdie (surs\u0103 de mangan oligozaharide), hidrolizat din coji de crustacee (surs\u0103 de glucozamin\u0103), ulei de borage, extract de g\u0103lbenele (surs\u0103 de lutein\u0103), hidrolizat din cartilaj (surs\u0103 de condroitin\u0103).<\/p>\n<p>* L.I.P.: Proteine \u200b\u200bselectate pentru o absorb\u021bie maxim\u0103.<\/p>\n<p>Adaosuri (la 1 kg)<\/p>\n<p>Suplimente nutritive: Vitamina A: 24.300 ME, Vitamina D3: 800 ME, Fier: 40 mg, Iod: 2.8 mg, Mangan: 52 mg, Zinc: 198 mg, Celen: 0.1 mg - Conservant: Sorbat de potasiu - Antioxidan\u021bi : galat de propil, BGA. *<\/p>\n<p>Con\u021binut nutrient:<\/p>\n<p>Proteine: 33% - Gr\u0103simi: 14% - Minerale: 7,3% - Total fibre: 1,7%<\/p>","protected":false},"excerpt":{"rendered":"<p>ROYAL CANIN LABRADOR RETRIEVER PUPPY \u2014 hran\u0103 pentru c\u0103\u021bei din rasa Labrador, p\u00een\u0103 la 15 luni<\/p>\n<p>Fiecare ras\u0103 are propriile sale caracteristici \u0219i, ca urmare, propriile sale nevoi nutri\u021bionale. Formulele nutri\u021bionale ale Breed Health Nutrition sunt adaptate la anumite rase, iar forma \u0219i textura crochetului sunt adaptate structurii \u0219i aderen\u021bei unice a maxilarului.<\/p>","protected":false},"featured_media":9350,"template":"","meta":[],"product_cat":[80,81,84,92,103],"product_tag":[],"_links":{"self":[{"href":"https:\/\/onlinezooshop.md\/ro\/wp-json\/wp\/v2\/product\/9349"}],"collection":[{"href":"https:\/\/onlinezooshop.md\/ro\/wp-json\/wp\/v2\/product"}],"about":[{"href":"https:\/\/onlinezooshop.md\/ro\/wp-json\/wp\/v2\/types\/product"}],"wp:featuredmedia":[{"embeddable":true,"href":"https:\/\/onlinezooshop.md\/ro\/wp-json\/wp\/v2\/media\/9350"}],"wp:attachment":[{"href":"https:\/\/onlinezooshop.md\/ro\/wp-json\/wp\/v2\/media?parent=9349"}],"wp:term":[{"taxonomy":"product_cat","embeddable":true,"href":"https:\/\/onlinezooshop.md\/ro\/wp-json\/wp\/v2\/product_cat?post=9349"},{"taxonomy":"product_tag","embeddable":true,"href":"https:\/\/onlinezooshop.md\/ro\/wp-json\/wp\/v2\/product_tag?post=9349"}],"curies":[{"name":"wp","href":"https:\/\/api.w.org\/{rel}","templated":true}]}}