{"id":9352,"date":"2020-11-11T11:38:27","date_gmt":"2020-11-11T08:38:27","guid":{"rendered":"https:\/\/onlinezooshop.md\/?post_type=product&#038;p=9352"},"modified":"2023-08-14T17:23:01","modified_gmt":"2023-08-14T14:23:01","slug":"royal-canin-maltese-adult-15kg","status":"publish","type":"product","link":"https:\/\/onlinezooshop.md\/ro\/magazin\/royal-canin-maltese-adult-15kg\/","title":{"rendered":"Royal Canin Maltese adult 1,5kg"},"content":{"rendered":"<p>Ingrediente:<\/p>\n<p>porumb, orez, proteine \u200b\u200bdeshidratate de origine animal\u0103 (p\u0103s\u0103ri de curte), gr\u0103simi animale, proteine \u200b\u200bdeshidratate de origine animal\u0103 (carne de porc), hidrolizat de proteine \u200b\u200banimale (arome), izolat de proteine \u200b\u200bvegetale *, f\u0103in\u0103 de porumb, extract de cicoare, ulei de soia, minerale, pe\u0219te gr\u0103simi, drojdie, fructooligozaharide, ulei de borage (0,1%), extract de g\u0103lbenele (surs\u0103 de lutein\u0103), extracte de ceai verde \u0219i struguri (surse de polifenoli), hidrolizat din coji de crustacee (surs\u0103 de glucozamin\u0103), hidrolizat din cartilaj (surs\u0103 de condroitin\u0103)<\/p>\n<p>* L.I.P.: Proteine \u200b\u200bselectate pentru o absorb\u021bie maxim\u0103.<\/p>\n<p>Adaosuri (la 1 kg)<\/p>\n<p>Suplimente nutritive: Vitamina A: 29500 ME, Vitamina D3: 800 ME, Biotin\u0103: 3,07 mg, Fier: 52 mg, Iod: 5,2 mg, Cupru: 10 mg, Mangan: 67 mg, Zinc: 201 mg, Celen : 0,11 mg - Aditivi tehnologici: Tripolifosfat de sodiu: 3,5 g - Conservan\u021bi - Antioxidan\u021bi.<\/p>\n<p>Con\u021binut nutrient:<\/p>\n<p>Proteine: 24% - Gr\u0103simi: 18% - Minerale: 5,5% - Fibre totale: 1,4%<\/p>","protected":false},"excerpt":{"rendered":"<p>ROYAL CANIN MALTESE ADULT \u2014 hran\u0103 pentru c\u00eeini din rasa Maltese de la 10 luni<\/p>\n<p>Fiecare ras\u0103 are propriile sale caracteristici \u0219i, ca urmare, propriile sale nevoi nutri\u021bionale. Formulele nutri\u021bionale ale Breed Health Nutrition sunt adaptate la anumite rase, iar forma \u0219i textura crochetului sunt adaptate structurii \u0219i aderen\u021bei unice a maxilarului.<\/p>","protected":false},"featured_media":9353,"template":"","meta":[],"product_cat":[80,81,84,93,103],"product_tag":[],"_links":{"self":[{"href":"https:\/\/onlinezooshop.md\/ro\/wp-json\/wp\/v2\/product\/9352"}],"collection":[{"href":"https:\/\/onlinezooshop.md\/ro\/wp-json\/wp\/v2\/product"}],"about":[{"href":"https:\/\/onlinezooshop.md\/ro\/wp-json\/wp\/v2\/types\/product"}],"wp:featuredmedia":[{"embeddable":true,"href":"https:\/\/onlinezooshop.md\/ro\/wp-json\/wp\/v2\/media\/9353"}],"wp:attachment":[{"href":"https:\/\/onlinezooshop.md\/ro\/wp-json\/wp\/v2\/media?parent=9352"}],"wp:term":[{"taxonomy":"product_cat","embeddable":true,"href":"https:\/\/onlinezooshop.md\/ro\/wp-json\/wp\/v2\/product_cat?post=9352"},{"taxonomy":"product_tag","embeddable":true,"href":"https:\/\/onlinezooshop.md\/ro\/wp-json\/wp\/v2\/product_tag?post=9352"}],"curies":[{"name":"wp","href":"https:\/\/api.w.org\/{rel}","templated":true}]}}