{"id":9355,"date":"2020-11-11T11:40:26","date_gmt":"2020-11-11T08:40:26","guid":{"rendered":"https:\/\/onlinezooshop.md\/?post_type=product&#038;p=9355"},"modified":"2025-12-16T15:10:31","modified_gmt":"2025-12-16T12:10:31","slug":"royal-canin-maxi-puppy-15kg","status":"publish","type":"product","link":"https:\/\/onlinezooshop.md\/ro\/magazin\/royal-canin-maxi-puppy-15kg\/","title":{"rendered":"Royal Canin Maxi puppy 15kg"},"content":{"rendered":"<p>Ingrediente:<br \/>\nProteine \u200b\u200banimale deshidratate (p\u0103s\u0103ri de curte), orez, f\u0103in\u0103 de cereale, proteine \u200b\u200banimale deshidratate (porc), gr\u0103simi animale, izolat de proteine \u200b\u200bvegetale *, fibre vegetale, gr\u00e2u, minerale, f\u0103in\u0103 de gr\u00e2u, proteine \u200b\u200banimale hidrolizat (aditivi aromatizan\u021bi) , ulei de soia, ulei de pe\u0219te, coaj\u0103 de semin\u021be \u0219i semin\u021be, fructooligozaharide (0,34%), hidrolizat de drojdie (surs\u0103 de mangan oligozaharide), extracte de drojdie (surs\u0103 de beta-glucani), extract de g\u0103lbenele (surs\u0103 de lutein\u0103), hidrolizat din coji de crustacee ( surs\u0103 de glucozamin\u0103), hidrolizat din cartilaj (surs\u0103 de condroitin\u0103).<\/p>\n<p>Adaosuri (la 1 kg)<br \/>\nSuplimente nutritive: Vitamina A: 16.000 ME, Vitamina D3: 1.000 ME, Vitamina E: 490 mg, Fier: 43 mg, Iod: 4.3 mg, Cupru: 13 mg, Mangan: 56 mg, Zinc: 168 mg, Celen: 0,07 mg, extract de Yucca: 125 mg - Aditivi tehnologici: Clinoptilolit de origine sedimentar\u0103: 10 g - Conservan\u021bi - Antioxidan\u021bi.<\/p>\n<p>Con\u021binut nutrient:<br \/>\nProteine: 30% - Gr\u0103simi: 16% - Minerale: 8,2% - Fibre alimentare: 2,7%.<\/p>\n<p>* L.I.P.: Proteine \u200b\u200bspecial selectate, cu digestibilitate ridicat\u0103.<\/p>","protected":false},"excerpt":{"rendered":"<p>ROYAL CANIN MAXI PUPPY \u2014 HRAN\u0102 PENTRU C\u0102\u021aEI DE LA 2 LA 15 LUNI<\/p>\n<p>M\u00e2ncare uscat\u0103 complet\u0103 pentru pui de c\u00e2ini mari (greutatea unui c\u00e2ine adult de la 25 la 45 kg) de la 2 la 15 luni.<\/p>","protected":false},"featured_media":12561,"template":"","meta":[],"product_cat":[80,81,103,104],"product_tag":[],"_links":{"self":[{"href":"https:\/\/onlinezooshop.md\/ro\/wp-json\/wp\/v2\/product\/9355"}],"collection":[{"href":"https:\/\/onlinezooshop.md\/ro\/wp-json\/wp\/v2\/product"}],"about":[{"href":"https:\/\/onlinezooshop.md\/ro\/wp-json\/wp\/v2\/types\/product"}],"wp:featuredmedia":[{"embeddable":true,"href":"https:\/\/onlinezooshop.md\/ro\/wp-json\/wp\/v2\/media\/12561"}],"wp:attachment":[{"href":"https:\/\/onlinezooshop.md\/ro\/wp-json\/wp\/v2\/media?parent=9355"}],"wp:term":[{"taxonomy":"product_cat","embeddable":true,"href":"https:\/\/onlinezooshop.md\/ro\/wp-json\/wp\/v2\/product_cat?post=9355"},{"taxonomy":"product_tag","embeddable":true,"href":"https:\/\/onlinezooshop.md\/ro\/wp-json\/wp\/v2\/product_tag?post=9355"}],"curies":[{"name":"wp","href":"https:\/\/api.w.org\/{rel}","templated":true}]}}