{"id":9367,"date":"2020-11-11T11:44:54","date_gmt":"2020-11-11T08:44:54","guid":{"rendered":"https:\/\/onlinezooshop.md\/?post_type=product&#038;p=9367"},"modified":"2025-12-16T15:17:14","modified_gmt":"2025-12-16T12:17:14","slug":"royal-canin-medium-adult-4kg","status":"publish","type":"product","link":"https:\/\/onlinezooshop.md\/ro\/magazin\/royal-canin-medium-adult-4kg\/","title":{"rendered":"Royal Canin Medium adult 4kg"},"content":{"rendered":"<p>Ingrediente:<\/p>\n<p>F\u0103in\u0103 din cereale, gr\u00e2u, proteine \u200b\u200bdeshidratate de origine animal\u0103 (carne de porc), proteine \u200b\u200bdeshidratate de origine animal\u0103 (p\u0103s\u0103ri de curte), gr\u0103simi animale, orez, hidrolizat de proteine \u200b\u200banimale (arome), minerale, fibre vegetale, ulei de pe\u0219te, ulei de soia, drojdie \u0219i subproduse de fermenta\u021bie, hidrolizat de drojdie (surs\u0103 de manano oligozaharide).<\/p>\n<p>* L.I.P.: Proteine \u200b\u200bselectate pentru o absorb\u021bie maxim\u0103.<\/p>\n<p>Adaosuri (la 1 kg)<\/p>\n<p>Suplimente nutritive: Vitamina A: 11500 ME, Vitamina D3: 700 ME, Fier: 40 mg, Iod: 4 mg, Cupru: 12 mg, Mangan: 51 mg, Zinc: 154 mg, Seleniu: 0,1 mg - Conservan\u021bi - Antioxidan\u021bi.<\/p>\n<p>Con\u021binut nutrient:<\/p>\n<p>Proteine: 25% - Gr\u0103simi: 14% - Minerale: 6,4% - Fibre totale: 1,3%<\/p>","protected":false},"excerpt":{"rendered":"<p>ROYAL CANIN MEDIUM ADULT \u2014 HRAN\u0102 PENTRU C\u00ceINI DE DIMENSIUNI MEDII<\/p>\n<p>M\u00e2ncare complet\u0103 pentru c\u00e2ini adul\u021bi de dimensiuni medii (cu greutatea de la 10 p\u00e2n\u0103 la 25 kg) cu v\u00e2rsta cuprins\u0103 \u00eentre 12 luni \u0219i 7 ani<\/p>","protected":false},"featured_media":12562,"template":"","meta":[],"product_cat":[80,81,103,104],"product_tag":[],"_links":{"self":[{"href":"https:\/\/onlinezooshop.md\/ro\/wp-json\/wp\/v2\/product\/9367"}],"collection":[{"href":"https:\/\/onlinezooshop.md\/ro\/wp-json\/wp\/v2\/product"}],"about":[{"href":"https:\/\/onlinezooshop.md\/ro\/wp-json\/wp\/v2\/types\/product"}],"wp:featuredmedia":[{"embeddable":true,"href":"https:\/\/onlinezooshop.md\/ro\/wp-json\/wp\/v2\/media\/12562"}],"wp:attachment":[{"href":"https:\/\/onlinezooshop.md\/ro\/wp-json\/wp\/v2\/media?parent=9367"}],"wp:term":[{"taxonomy":"product_cat","embeddable":true,"href":"https:\/\/onlinezooshop.md\/ro\/wp-json\/wp\/v2\/product_cat?post=9367"},{"taxonomy":"product_tag","embeddable":true,"href":"https:\/\/onlinezooshop.md\/ro\/wp-json\/wp\/v2\/product_tag?post=9367"}],"curies":[{"name":"wp","href":"https:\/\/api.w.org\/{rel}","templated":true}]}}