{"id":9372,"date":"2020-11-11T11:47:04","date_gmt":"2020-11-11T08:47:04","guid":{"rendered":"https:\/\/onlinezooshop.md\/?post_type=product&#038;p=9372"},"modified":"2025-12-16T15:21:52","modified_gmt":"2025-12-16T12:21:52","slug":"royal-canin-medium-puppy-4kg","status":"publish","type":"product","link":"https:\/\/onlinezooshop.md\/ro\/magazin\/royal-canin-medium-puppy-4kg\/","title":{"rendered":"Royal Canin Medium puppy 4kg"},"content":{"rendered":"<p>Ingrediente:<\/p>\n<p>Proteine \u200b\u200bdeshidratate de origine animal\u0103 (p\u0103s\u0103ri de curte), gr\u00e2u, gr\u0103simi animale, izolat de proteine \u200b\u200bvegetale *, f\u0103in\u0103 de gr\u00e2u, fibre vegetale, proteine \u200b\u200bdeshidratate de origine animal\u0103 (carne de porc), orez, hidrolizat de proteine \u200b\u200banimale (arome), f\u0103in\u0103 din cereale, minerale , ulei de pe\u0219te, ulei de soia, drojdie \u0219i subproduse de fermenta\u021bie, fructooligozaharide (0,34%), hidrolizat de drojdie (surs\u0103 de mangan oligozaharide), extracte de drojdie (surs\u0103 de beta-glucani), extract de g\u0103lbenele (surs\u0103 de lutein\u0103).<\/p>\n<p>Adaosuri (la 1 kg)<\/p>\n<p>Suplimente nutritive: Vitamina A: 16000 ME, Vitamina D3: 1000 ME, Vitamina E: 520 mg, Fier: 39 mg, Iod: 4 mg, Cupru: 12 mg, Mangan: 51 mg, Zinc: 154 mg, Celen: 0, 06 mg, extract de Yucca: 125 mg - Aditivi tehnologici: Clinoptilolit de origine sedimentar\u0103: 10 g - Conservan\u021bi - Antioxidan\u021bi.<\/p>\n<p>Con\u021binut nutrient:<\/p>\n<p>Proteine: 32% - Gr\u0103simi: 20% - Minerale: 7,7% - Fibre alimentare: 1,8%.<\/p>\n<p>* L.I.P.: Proteine \u200b\u200bspecial selectate, cu digestibilitate ridicat\u0103.<\/p>","protected":false},"excerpt":{"rendered":"<p>ROYAL CANIN MEDIUM PUPPY \u2014 HRAN\u0102 PENTRU PUI DE C\u00ceINI DE DIMENSIUNI MEDII<\/p>\n<p>M\u00e2ncare complet\u0103 pentru c\u0103\u021belu\u0219i de c\u00e2ini de dimensiuni medii (cu greutatea de 10-25 kg) de la 2 luni la 12 luni<\/p>","protected":false},"featured_media":12563,"template":"","meta":[],"product_cat":[80,81,103,104],"product_tag":[],"_links":{"self":[{"href":"https:\/\/onlinezooshop.md\/ro\/wp-json\/wp\/v2\/product\/9372"}],"collection":[{"href":"https:\/\/onlinezooshop.md\/ro\/wp-json\/wp\/v2\/product"}],"about":[{"href":"https:\/\/onlinezooshop.md\/ro\/wp-json\/wp\/v2\/types\/product"}],"wp:featuredmedia":[{"embeddable":true,"href":"https:\/\/onlinezooshop.md\/ro\/wp-json\/wp\/v2\/media\/12563"}],"wp:attachment":[{"href":"https:\/\/onlinezooshop.md\/ro\/wp-json\/wp\/v2\/media?parent=9372"}],"wp:term":[{"taxonomy":"product_cat","embeddable":true,"href":"https:\/\/onlinezooshop.md\/ro\/wp-json\/wp\/v2\/product_cat?post=9372"},{"taxonomy":"product_tag","embeddable":true,"href":"https:\/\/onlinezooshop.md\/ro\/wp-json\/wp\/v2\/product_tag?post=9372"}],"curies":[{"name":"wp","href":"https:\/\/api.w.org\/{rel}","templated":true}]}}