{"id":9377,"date":"2020-11-11T11:49:02","date_gmt":"2020-11-11T08:49:02","guid":{"rendered":"https:\/\/onlinezooshop.md\/?post_type=product&#038;p=9377"},"modified":"2025-12-16T15:19:48","modified_gmt":"2025-12-16T12:19:48","slug":"royal-canin-mini-adult-8kg","status":"publish","type":"product","link":"https:\/\/onlinezooshop.md\/ro\/magazin\/royal-canin-mini-adult-8kg\/","title":{"rendered":"Royal Canin Mini adult 8kg"},"content":{"rendered":"<p>Ingrediente:<\/p>\n<p>Orez, proteine \u200b\u200banimale deshidratate (p\u0103s\u0103ri de curte), f\u0103in\u0103 de cereale, izolat de proteine \u200b\u200bvegetale *, gr\u00e2u, gr\u0103simi animale, hidrolizat de proteine \u200b\u200banimale (arome), fibre vegetale, minerale, ulei de pe\u0219te, ulei de soia, drojdie \u0219i produse secundare fermentare, fructooligozaharide.<\/p>\n<p>Adaosuri (la 1 kg)<\/p>\n<p>Suplimente nutritive: Vitamina A: 22.200 ME, Vitamina D3: 1.000 ME, Fier: 47 mg, Iod: 4,7 mg, Cupru: 8 mg, Mangan: 60 mg, Zinc: 181 mg, Celen: 0,08 mg, L -carnitin\u0103: 50 mg - Aditivi tehnologici: Tripolifosfat de sodiu: 3,5 g - Conservan\u021bi - Antioxidan\u021bi.<\/p>\n<p>Con\u021binut nutrient:<\/p>\n<p>Proteine: 27% - Gr\u0103simi: 16% - Minerale: 4,7% - Fibre totale: 1,5%<\/p>\n<p>* L.I.P.: Proteine \u200b\u200bspecial selectate, cu digestibilitate ridicat\u0103.<\/p>","protected":false},"excerpt":{"rendered":"<div class=\"woocommerce-product-details__short-description\">\n<p>ROYAL CANIN MINI ADULT \u2014 PENTRU C\u00ceINI ADUL\u021aI DE DIMENSIUNI MEDII (MASA C\u00ceINELUI ADULT DE LA 4 LA 10KG), CU V\u00ceRSTA DE LA 10 LUNI LA 8 ANI<\/p>\n<\/div>\n<form class=\"cart\" action=\"http:\/\/zooroyal.md\/ru\/shop\/%d0%b4%d0%bb%d1%8f-%d1%81%d0%be%d0%b1%d0%b0%d0%ba\/royal-canin-shn-mini-adult-8-k\/\" enctype=\"multipart\/form-data\" method=\"post\" data-trp-original-action=\"http:\/\/zooroyal.md\/ru\/shop\/%d0%b4%d0%bb%d1%8f-%d1%81%d0%be%d0%b1%d0%b0%d0%ba\/royal-canin-shn-mini-adult-8-k\/\">\n<div class=\"quantity\"><\/div>\n<input type=\"hidden\" name=\"trp-form-language\" value=\"ro\"\/><\/form>","protected":false},"featured_media":12564,"template":"","meta":[],"product_cat":[80,81,103,104],"product_tag":[],"_links":{"self":[{"href":"https:\/\/onlinezooshop.md\/ro\/wp-json\/wp\/v2\/product\/9377"}],"collection":[{"href":"https:\/\/onlinezooshop.md\/ro\/wp-json\/wp\/v2\/product"}],"about":[{"href":"https:\/\/onlinezooshop.md\/ro\/wp-json\/wp\/v2\/types\/product"}],"wp:featuredmedia":[{"embeddable":true,"href":"https:\/\/onlinezooshop.md\/ro\/wp-json\/wp\/v2\/media\/12564"}],"wp:attachment":[{"href":"https:\/\/onlinezooshop.md\/ro\/wp-json\/wp\/v2\/media?parent=9377"}],"wp:term":[{"taxonomy":"product_cat","embeddable":true,"href":"https:\/\/onlinezooshop.md\/ro\/wp-json\/wp\/v2\/product_cat?post=9377"},{"taxonomy":"product_tag","embeddable":true,"href":"https:\/\/onlinezooshop.md\/ro\/wp-json\/wp\/v2\/product_tag?post=9377"}],"curies":[{"name":"wp","href":"https:\/\/api.w.org\/{rel}","templated":true}]}}