{"id":9382,"date":"2020-11-11T11:51:25","date_gmt":"2020-11-11T08:51:25","guid":{"rendered":"https:\/\/onlinezooshop.md\/?post_type=product&#038;p=9382"},"modified":"2025-12-16T15:19:09","modified_gmt":"2025-12-16T12:19:09","slug":"royal-canin-mini-digestive-care-1kg","status":"publish","type":"product","link":"https:\/\/onlinezooshop.md\/ro\/magazin\/royal-canin-mini-digestive-care-1kg\/","title":{"rendered":"Royal Canin Mini digestive care 1kg"},"content":{"rendered":"<p>Ingrediente:<\/p>\n<p>Proteine \u200b\u200bde pas\u0103re deshidratate, orez, gr\u0103simi animale, hidrolizat de proteine \u200b\u200banimale, izolat de proteine \u200b\u200bvegetale *, f\u0103in\u0103 de gr\u00e2u, gr\u00e2u, orz, gluten de porumb, pulp\u0103 de sfecl\u0103, drojdie \u0219i produse de fermentare, ulei de pe\u0219te, ulei de soia, fibre vegetale, minerale, fructooligozaharide, extract de g\u0103lbenele (surs\u0103 de lutein\u0103).<\/p>\n<p>Adaosuri (la kg)<\/p>\n<p>Vitamina A: 30.500 UI, Vitamina D3: 800 UI, E1 (fier): 37 mg, E2 (iod): 3,7 mg, E4 (cupru): 11 mg, E5 (mangan): 48 mg, E6 (zinc) : 135 mg, E8 (seleniu): 0,08 mg. Aditivi tehnologici: Clinoptilolit de origine sedimentar\u0103: 10 g - Conservan\u021bi - Antioxidan\u021bi.<\/p>\n<p>Con\u021binut nutrient:<\/p>\n<p>Proteine: 30% - Gr\u0103simi: 22% - Minerale: 6,1% - Total fibre: 1,8%, BEV ** - 32,1%<\/p>\n<p>* L. I. P. (Protein\u0103 sc\u0103zut\u0103 indigestibil\u0103): proteine \u200b\u200bde \u00eenalt\u0103 calitate cu digestibilitate maxim\u0103.<br \/>\n** BEV - substan\u021be extractive f\u0103r\u0103 azot<\/p>","protected":false},"excerpt":{"rendered":"<p>ROYAL CANIN MINI DIGESTIVE CARE \u2014 HRAN\u0102 PENTRU C\u00ceINI CU DIGESTIE SENSIBIL\u0102<\/p>\n<div class=\"detail-width-icon__desc\">\n<p>Un program nutri\u021bional conceput special pentru c\u00e2inii cu dizabilit\u0103\u021bi. Formulele unice de produse con\u021bin substan\u021be nutritive vizate pentru a asigura rezultate vizibile \u00een timp.<\/p>\n<\/div>","protected":false},"featured_media":12565,"template":"","meta":[],"product_cat":[80,81,103,104],"product_tag":[],"_links":{"self":[{"href":"https:\/\/onlinezooshop.md\/ro\/wp-json\/wp\/v2\/product\/9382"}],"collection":[{"href":"https:\/\/onlinezooshop.md\/ro\/wp-json\/wp\/v2\/product"}],"about":[{"href":"https:\/\/onlinezooshop.md\/ro\/wp-json\/wp\/v2\/types\/product"}],"wp:featuredmedia":[{"embeddable":true,"href":"https:\/\/onlinezooshop.md\/ro\/wp-json\/wp\/v2\/media\/12565"}],"wp:attachment":[{"href":"https:\/\/onlinezooshop.md\/ro\/wp-json\/wp\/v2\/media?parent=9382"}],"wp:term":[{"taxonomy":"product_cat","embeddable":true,"href":"https:\/\/onlinezooshop.md\/ro\/wp-json\/wp\/v2\/product_cat?post=9382"},{"taxonomy":"product_tag","embeddable":true,"href":"https:\/\/onlinezooshop.md\/ro\/wp-json\/wp\/v2\/product_tag?post=9382"}],"curies":[{"name":"wp","href":"https:\/\/api.w.org\/{rel}","templated":true}]}}