{"id":9385,"date":"2020-11-11T11:52:37","date_gmt":"2020-11-11T08:52:37","guid":{"rendered":"https:\/\/onlinezooshop.md\/?post_type=product&#038;p=9385"},"modified":"2025-12-16T15:18:32","modified_gmt":"2025-12-16T12:18:32","slug":"royal-canin-mini-exigent-1kg","status":"publish","type":"product","link":"https:\/\/onlinezooshop.md\/ro\/magazin\/royal-canin-mini-exigent-1kg\/","title":{"rendered":"Royal Canin Mini exigent 1kg"},"content":{"rendered":"<p>Ingrediente:<\/p>\n<p>Proteine \u200b\u200bdin carne de pas\u0103re deshidratat\u0103, gr\u0103simi animale, orez, izolat de proteine \u200b\u200bvegetale *, f\u0103in\u0103 de gr\u00e2u dup\u0103 tratament termic, f\u0103in\u0103 de porumb, hidrolizat de proteine \u200b\u200banimale, fibre vegetale, pulp\u0103 de sfecl\u0103, minerale, ulei de pe\u0219te, fructooligozaharide, ulei de borage, extract de g\u0103lbenele ( surs\u0103 de lutein\u0103).<\/p>\n<p>Adaosuri (la kg)<\/p>\n<p>Vitamina A: 29.500 UI, Vitamina D3: 800 UI, E1 (fier): 38 mg, E2 (iod): 3,9 mg, E4 (cupru): 12 mg, E5 (mangan): 50 mg, E6 (zinc) : 133 mg, E8 (seleniu): 0,08 mg - Conservan\u021bi - Antioxidan\u021bi.<\/p>\n<p>Con\u021binut nutrient:<\/p>\n<p>Proteine: 30% - Gr\u0103simi: 22% - Minerale: 4,8% - Total fibre: 2,6%, BEV ** - 32,6%<\/p>\n<p>* L. I. P. (Protein\u0103 sc\u0103zut\u0103 indigestibil\u0103): proteine \u200b\u200bde \u00eenalt\u0103 calitate cu digestibilitate maxim\u0103.<br \/>\n** BEV - substan\u021be extractive f\u0103r\u0103 azot<\/p>","protected":false},"excerpt":{"rendered":"<p>ROYAL CANIN MINI EXIGENT \u2014HRAN\u0102 PENTRU C\u00ceINI DELICA\u021aI LA M\u00ceNCARE<\/p>\n<p>Un program nutri\u021bional conceput special pentru c\u00e2inii cu dizabilit\u0103\u021bi. Formulele unice de produse con\u021bin substan\u021be nutritive vizate pentru a asigura rezultate vizibile \u00een timp.<\/p>","protected":false},"featured_media":12566,"template":"","meta":[],"product_cat":[80,81,103,104],"product_tag":[],"_links":{"self":[{"href":"https:\/\/onlinezooshop.md\/ro\/wp-json\/wp\/v2\/product\/9385"}],"collection":[{"href":"https:\/\/onlinezooshop.md\/ro\/wp-json\/wp\/v2\/product"}],"about":[{"href":"https:\/\/onlinezooshop.md\/ro\/wp-json\/wp\/v2\/types\/product"}],"wp:featuredmedia":[{"embeddable":true,"href":"https:\/\/onlinezooshop.md\/ro\/wp-json\/wp\/v2\/media\/12566"}],"wp:attachment":[{"href":"https:\/\/onlinezooshop.md\/ro\/wp-json\/wp\/v2\/media?parent=9385"}],"wp:term":[{"taxonomy":"product_cat","embeddable":true,"href":"https:\/\/onlinezooshop.md\/ro\/wp-json\/wp\/v2\/product_cat?post=9385"},{"taxonomy":"product_tag","embeddable":true,"href":"https:\/\/onlinezooshop.md\/ro\/wp-json\/wp\/v2\/product_tag?post=9385"}],"curies":[{"name":"wp","href":"https:\/\/api.w.org\/{rel}","templated":true}]}}