{"id":9397,"date":"2020-11-11T11:59:05","date_gmt":"2020-11-11T08:59:05","guid":{"rendered":"https:\/\/onlinezooshop.md\/?post_type=product&#038;p=9397"},"modified":"2025-12-16T15:15:02","modified_gmt":"2025-12-16T12:15:02","slug":"royal-canin-mini-puppy-8kg","status":"publish","type":"product","link":"https:\/\/onlinezooshop.md\/ro\/magazin\/royal-canin-mini-puppy-8kg\/","title":{"rendered":"Royal Canin Mini puppy 8kg"},"content":{"rendered":"<p>Ingrediente:<\/p>\n<p>Proteine \u200b\u200banimale deshidratate (p\u0103s\u0103ri de curte), orez, gr\u0103simi animale, izolat de proteine \u200b\u200bvegetale *, fibre vegetale, gr\u00e2u, f\u0103in\u0103 din cereale, hidrolizat de proteine \u200b\u200banimale (arome), minerale, ulei de pe\u0219te, ulei de soia, fructooligozaharide, hidrolizat de drojdie (surs\u0103 de oligozaharide mananice), extracte de drojdie (surs\u0103 de beta-glucani), extract de g\u0103lbenele (surs\u0103 de lutein\u0103).<\/p>\n<p>Adaosuri (la 1 kg)<\/p>\n<p>Suplimente nutritive: Vitamina A: 21500 ME, Vitamina D3: 1000 ME, Vitamina E: 510 mg, Fier: 36 mg, Iod: 3,6 mg, Cupru: 11 mg, Mangan: 47 mg, Zinc: 140 mg, Celen: 0,05 mg - Aditivi tehnologici: Clinoptilolit de origine sedimentar\u0103: 10 g - Aditivi senzoriali: Extract de yucca: 125 mg - Conservan\u021bi - Antioxidan\u021bi.<\/p>\n<p>Con\u021binut nutrient:<\/p>\n<p>Proteine: 31,0% - Gr\u0103simi: 20,0% - Minerale: 7,4% - Fibre alimentare: 1,6%.<\/p>\n<p>* L.I.P.: Proteine \u200b\u200bspecial selectate, cu digestibilitate ridicat\u0103.<\/p>","protected":false},"excerpt":{"rendered":"<div class=\"woocommerce-product-details__short-description\">\n<p>ROYAL CANIN MINI PUPPY \u2014 PENTRU C\u0102\u021aEI DE C\u00ceINI DE DIMENSIUNI MICI (MASA C\u00ceINELUI ADULT DE LA 4 LA 10KG) CU V\u00ceRSTA DE LA 2 LA 10 LUNI<\/p>\n<\/div>\n<form class=\"cart\" action=\"http:\/\/zooroyal.md\/ru\/shop\/%d0%b4%d0%bb%d1%8f-%d1%81%d0%be%d0%b1%d0%b0%d0%ba\/%d0%ba%d0%be%d1%80%d0%bc\/%d1%81%d1%83%d1%85%d0%be%d0%b9-%d0%ba%d0%be%d1%80%d0%bc\/shn-mini-puppy-8-k\/\" enctype=\"multipart\/form-data\" method=\"post\" data-trp-original-action=\"http:\/\/zooroyal.md\/ru\/shop\/%d0%b4%d0%bb%d1%8f-%d1%81%d0%be%d0%b1%d0%b0%d0%ba\/%d0%ba%d0%be%d1%80%d0%bc\/%d1%81%d1%83%d1%85%d0%be%d0%b9-%d0%ba%d0%be%d1%80%d0%bc\/shn-mini-puppy-8-k\/\">\n<div class=\"quantity\"><\/div>\n<input type=\"hidden\" name=\"trp-form-language\" value=\"ro\"\/><\/form>","protected":false},"featured_media":12568,"template":"","meta":[],"product_cat":[80,81,103,104],"product_tag":[],"_links":{"self":[{"href":"https:\/\/onlinezooshop.md\/ro\/wp-json\/wp\/v2\/product\/9397"}],"collection":[{"href":"https:\/\/onlinezooshop.md\/ro\/wp-json\/wp\/v2\/product"}],"about":[{"href":"https:\/\/onlinezooshop.md\/ro\/wp-json\/wp\/v2\/types\/product"}],"wp:featuredmedia":[{"embeddable":true,"href":"https:\/\/onlinezooshop.md\/ro\/wp-json\/wp\/v2\/media\/12568"}],"wp:attachment":[{"href":"https:\/\/onlinezooshop.md\/ro\/wp-json\/wp\/v2\/media?parent=9397"}],"wp:term":[{"taxonomy":"product_cat","embeddable":true,"href":"https:\/\/onlinezooshop.md\/ro\/wp-json\/wp\/v2\/product_cat?post=9397"},{"taxonomy":"product_tag","embeddable":true,"href":"https:\/\/onlinezooshop.md\/ro\/wp-json\/wp\/v2\/product_tag?post=9397"}],"curies":[{"name":"wp","href":"https:\/\/api.w.org\/{rel}","templated":true}]}}