{"id":9399,"date":"2020-11-11T12:00:32","date_gmt":"2020-11-11T09:00:32","guid":{"rendered":"https:\/\/onlinezooshop.md\/?post_type=product&#038;p=9399"},"modified":"2025-12-16T15:14:19","modified_gmt":"2025-12-16T12:14:19","slug":"royal-canin-mini-starter-1kg","status":"publish","type":"product","link":"https:\/\/onlinezooshop.md\/ro\/magazin\/royal-canin-mini-starter-1kg\/","title":{"rendered":"Royal Canin Mini Starter 1kg"},"content":{"rendered":"<p>Ingrediente:<\/p>\n<p>Proteine \u200b\u200banimale deshidratate (p\u0103s\u0103ri de curte), orez, gr\u0103simi animale, izolat de proteine \u200b\u200bvegetale *, gr\u00e2u, fibre vegetale, hidrolizat de proteine \u200b\u200banimale (arome), minerale, ulei de soia, ulei de pe\u0219te, fructooligozaharide, hidrolizat de drojdie (surs\u0103 de manano oligozaharide) , sare de acizi gra\u0219i, extracte de drojdie (surs\u0103 de beta-glucani), extract de g\u0103lbenele (surs\u0103 de lutein\u0103).<\/p>\n<p>Adaosuri (la 1 kg)<\/p>\n<p>Suplimente nutritive: Vitamina A: 19000 ME, Vitamina D3: 1200 ME, Fier: 38 mg, Iod: 3,8 mg, Cupru: 12 mg, Mangan: 49 mg, Zinc: 147 mg, Seleniu: 0,06 mg - Tehnologic aditivi: Clinoptilolit de origine sedimentar\u0103: 10 g - Conservan\u021bi - Antioxidan\u021bi.<\/p>\n<p>Con\u021binut nutrient:<\/p>\n<p>Proteine: 30,0% - Gr\u0103simi: 22,0% - Minerale: 7,9% - Fibre alimentare: 1,5%.<\/p>\n<p>* L.I.P.: Proteine \u200b\u200bspecial selectate, cu digestibilitate ridicat\u0103.<\/p>","protected":false},"excerpt":{"rendered":"<div class=\"woocommerce-product-details__short-description\">\n<p>ROYAL CANIN MINI STARTER \u2014 PENTRU C\u0102INII DE MINIATUR\u0102 \u0218I M\u0102RIMI MICI (GREUTATEA UNUI C\u00c2INE ADULT P\u00c2N\u0102 LA 10 KG) LA SF\u00c2R\u0218ITUL SARCINII \u0218I \u00ceN TIMPUL AL\u0102T\u0102RII, P\u00ceN\u0102 LA 2 LUNI<\/p>\n<\/div>\n<form class=\"cart\" action=\"http:\/\/zooroyal.md\/ru\/shop\/%d0%b4%d0%bb%d1%8f-%d1%81%d0%be%d0%b1%d0%b0%d0%ba\/%d0%ba%d0%be%d1%80%d0%bc\/%d1%81%d1%83%d1%85%d0%be%d0%b9-%d0%ba%d0%be%d1%80%d0%bc\/royal-canin-shn-mini-starter-1-k\/\" enctype=\"multipart\/form-data\" method=\"post\" data-trp-original-action=\"http:\/\/zooroyal.md\/ru\/shop\/%d0%b4%d0%bb%d1%8f-%d1%81%d0%be%d0%b1%d0%b0%d0%ba\/%d0%ba%d0%be%d1%80%d0%bc\/%d1%81%d1%83%d1%85%d0%be%d0%b9-%d0%ba%d0%be%d1%80%d0%bc\/royal-canin-shn-mini-starter-1-k\/\">\n<div class=\"quantity\"><\/div>\n<input type=\"hidden\" name=\"trp-form-language\" value=\"ro\"\/><\/form>","protected":false},"featured_media":12568,"template":"","meta":[],"product_cat":[80,81,103,104],"product_tag":[],"_links":{"self":[{"href":"https:\/\/onlinezooshop.md\/ro\/wp-json\/wp\/v2\/product\/9399"}],"collection":[{"href":"https:\/\/onlinezooshop.md\/ro\/wp-json\/wp\/v2\/product"}],"about":[{"href":"https:\/\/onlinezooshop.md\/ro\/wp-json\/wp\/v2\/types\/product"}],"wp:featuredmedia":[{"embeddable":true,"href":"https:\/\/onlinezooshop.md\/ro\/wp-json\/wp\/v2\/media\/12568"}],"wp:attachment":[{"href":"https:\/\/onlinezooshop.md\/ro\/wp-json\/wp\/v2\/media?parent=9399"}],"wp:term":[{"taxonomy":"product_cat","embeddable":true,"href":"https:\/\/onlinezooshop.md\/ro\/wp-json\/wp\/v2\/product_cat?post=9399"},{"taxonomy":"product_tag","embeddable":true,"href":"https:\/\/onlinezooshop.md\/ro\/wp-json\/wp\/v2\/product_tag?post=9399"}],"curies":[{"name":"wp","href":"https:\/\/api.w.org\/{rel}","templated":true}]}}