{"id":9404,"date":"2020-11-11T12:03:53","date_gmt":"2020-11-11T09:03:53","guid":{"rendered":"https:\/\/onlinezooshop.md\/?post_type=product&#038;p=9404"},"modified":"2023-05-03T23:07:40","modified_gmt":"2023-05-03T20:07:40","slug":"royal-canin-poodle-adult-15kg","status":"publish","type":"product","link":"https:\/\/onlinezooshop.md\/ro\/magazin\/royal-canin-poodle-adult-15kg\/","title":{"rendered":"ROYAL CANIN POODLE ADULT 1,5kg"},"content":{"rendered":"<p>Ingrediente:<\/p>\n<p>izolat de proteine \u200b\u200bvegetale *, proteine \u200b\u200bdeshidratate de origine animal\u0103 (p\u0103s\u0103ri de curte), gr\u00e2u, f\u0103in\u0103 de cereale, gr\u0103simi animale, orez, hidrolizat de proteine \u200b\u200banimale (aditivi aromatizan\u021bi), ulei de soia, minerale, ulei de pe\u0219te, fibre vegetale, drojdie, fructooligozaharide, ulei de borag\u0103 (0,1%), extract de g\u0103lbenele (surs\u0103 de lutein\u0103), extract de ceai verde (surs\u0103 de polifenoli), hidrolizat din coaj\u0103 de crustaceu (surs\u0103 de glucozamin\u0103), hidrolizat din cartilaj (surs\u0103 de condroitin\u0103).<\/p>\n<p>* L.I.P.: Proteine \u200b\u200bselectate pentru o absorb\u021bie maxim\u0103.<\/p>\n<p>Adaosuri (la 1 kg)<\/p>\n<p>Suplimente nutritive: Vitamina A: 29000 ME, Vitamina D3: 800 ME, Fier: 32 mg, Iod: 3,2 mg, Cupru: 10 mg, Mangan: 42 mg, Zinc: 126 mg, Celen: 0,07 mg - Tehnologic aditivi: Tripolifosfat de sodiu: 3,5 g, Clinoptilolit de origine sedimentar\u0103: 5 g - Conservan\u021bi - Antioxidan\u021b<\/p>\n<p>Con\u021binut nutrient:<\/p>\n<p>Proteine: 30% - Gr\u0103simi: 19% - Minerale: 5,5% - Total fibre: 2%<\/p>","protected":false},"excerpt":{"rendered":"<p>ROYAL CANIN POODLE ADULT \u2014  HRAN\u0102 COMPLET\u0102 PENTRU C\u00ceINI DIN RASA POODLE, DE LA 10 LUNI<\/p>\n<p>Fiecare ras\u0103 are propriile sale caracteristici \u0219i, ca urmare, propriile sale nevoi nutri\u021bionale. Formulele nutri\u021bionale ale Breed Health Nutrition sunt adaptate la anumite rase, iar forma \u0219i textura crochetului sunt adaptate structurii \u0219i aderen\u021bei unice a maxilarului.<\/p>","protected":false},"featured_media":9405,"template":"","meta":[],"product_cat":[80,81,84,97,103],"product_tag":[],"_links":{"self":[{"href":"https:\/\/onlinezooshop.md\/ro\/wp-json\/wp\/v2\/product\/9404"}],"collection":[{"href":"https:\/\/onlinezooshop.md\/ro\/wp-json\/wp\/v2\/product"}],"about":[{"href":"https:\/\/onlinezooshop.md\/ro\/wp-json\/wp\/v2\/types\/product"}],"wp:featuredmedia":[{"embeddable":true,"href":"https:\/\/onlinezooshop.md\/ro\/wp-json\/wp\/v2\/media\/9405"}],"wp:attachment":[{"href":"https:\/\/onlinezooshop.md\/ro\/wp-json\/wp\/v2\/media?parent=9404"}],"wp:term":[{"taxonomy":"product_cat","embeddable":true,"href":"https:\/\/onlinezooshop.md\/ro\/wp-json\/wp\/v2\/product_cat?post=9404"},{"taxonomy":"product_tag","embeddable":true,"href":"https:\/\/onlinezooshop.md\/ro\/wp-json\/wp\/v2\/product_tag?post=9404"}],"curies":[{"name":"wp","href":"https:\/\/api.w.org\/{rel}","templated":true}]}}