{"id":9407,"date":"2020-11-11T12:05:32","date_gmt":"2020-11-11T09:05:32","guid":{"rendered":"https:\/\/onlinezooshop.md\/?post_type=product&#038;p=9407"},"modified":"2025-12-17T16:44:54","modified_gmt":"2025-12-17T13:44:54","slug":"royal-canin-pug-adult-15kg","status":"publish","type":"product","link":"https:\/\/onlinezooshop.md\/ro\/magazin\/royal-canin-pug-adult-15kg\/","title":{"rendered":"Royal Canin Pug adult 1,5kg"},"content":{"rendered":"<p>Ingrediente:<\/p>\n<p>Gr\u00e2u, orez, f\u0103in\u0103 din cereale, proteine \u200b\u200bdeshidratate de origine animal\u0103 (p\u0103s\u0103ri de curte), proteine \u200b\u200bvegetale izolate *, gr\u0103simi animale, hidrolizat de proteine \u200b\u200banimale (aditivi aromatizan\u021bi), fibre vegetale, minerale, ulei de pe\u0219te, ulei de soia, fructooligozaharide, ulei de borage farmacie, extract de g\u0103lbenele (surs\u0103 de lutein\u0103), extract de ceai verde (surs\u0103 de polifenoli), hidrolizat din coaj\u0103 de crustaceu (surs\u0103 de glucozamin\u0103).<\/p>\n<p>* L.I.P.: Proteine \u200b\u200bselectate pentru o absorb\u021bie maxim\u0103.<\/p>\n<p>Adaosuri (la 1 kg)<\/p>\n<p>Suplimente nutritive: Vitamina A: 29000 ME, Vitamina D3: 800 ME, Fier: 38 mg, Iod: 3,8 mg, Cupru: 12 mg, Mangan: 50 mg, Zinc: 150 mg, Seleniu: 0,08 mg - Tehnologic aditivi: Tripolifosfat de sodiu: 3,5 g, Clinoptilolit de origine sedimentar\u0103: 10 g - Conservan\u021bi - Antioxidan\u021bi.<\/p>\n<p>Con\u021binut nutrient:<\/p>\n<p>Proteine: 25% - Gr\u0103simi: 16% - Minerale: 5,7% - Total fibre: 1,5%<\/p>","protected":false},"excerpt":{"rendered":"<p>ROYAL CANIN PUG ADULT \u2014 hran\u0103 pentru c\u00eeini din rasa Pug de la 10 luni<\/p>\n<p>Fiecare ras\u0103 are propriile sale caracteristici \u0219i, ca urmare, propriile sale nevoi nutri\u021bionale. Formulele nutri\u021bionale ale Breed Health Nutrition sunt adaptate la anumite rase, iar forma \u0219i textura crochetului sunt adaptate structurii \u0219i aderen\u021bei unice a maxilarului.<\/p>","protected":false},"featured_media":12648,"template":"","meta":[],"product_cat":[80,81,84,95,103],"product_tag":[],"_links":{"self":[{"href":"https:\/\/onlinezooshop.md\/ro\/wp-json\/wp\/v2\/product\/9407"}],"collection":[{"href":"https:\/\/onlinezooshop.md\/ro\/wp-json\/wp\/v2\/product"}],"about":[{"href":"https:\/\/onlinezooshop.md\/ro\/wp-json\/wp\/v2\/types\/product"}],"wp:featuredmedia":[{"embeddable":true,"href":"https:\/\/onlinezooshop.md\/ro\/wp-json\/wp\/v2\/media\/12648"}],"wp:attachment":[{"href":"https:\/\/onlinezooshop.md\/ro\/wp-json\/wp\/v2\/media?parent=9407"}],"wp:term":[{"taxonomy":"product_cat","embeddable":true,"href":"https:\/\/onlinezooshop.md\/ro\/wp-json\/wp\/v2\/product_cat?post=9407"},{"taxonomy":"product_tag","embeddable":true,"href":"https:\/\/onlinezooshop.md\/ro\/wp-json\/wp\/v2\/product_tag?post=9407"}],"curies":[{"name":"wp","href":"https:\/\/api.w.org\/{rel}","templated":true}]}}