{"id":9411,"date":"2020-11-11T12:07:24","date_gmt":"2020-11-11T09:07:24","guid":{"rendered":"https:\/\/onlinezooshop.md\/?post_type=product&#038;p=9411"},"modified":"2025-12-17T16:44:05","modified_gmt":"2025-12-17T13:44:05","slug":"royal-canin-pug-puppy-15kg","status":"publish","type":"product","link":"https:\/\/onlinezooshop.md\/ro\/magazin\/royal-canin-pug-puppy-15kg\/","title":{"rendered":"Royal Canin Pug puppy 1,5kg"},"content":{"rendered":"<p>Ingrediente:<\/p>\n<p>Proteine \u200b\u200bdeshidratate de origine animal\u0103 (p\u0103s\u0103ri de curte), orez, porumb, gr\u0103simi animale, past\u0103 de sfecl\u0103, proteine \u200b\u200bvegetale izolate *, f\u0103in\u0103 de porumb, gluten de porumb, hidrolizat de proteine \u200b\u200banimale (arome), minerale, ulei de pe\u0219te, ulei de soia, fructooligozaharide, hidrolizat drojdie (surs\u0103 de oligozaharide mananice), ulei de borage, extract de g\u0103lbenele (surs\u0103 de lutein\u0103).<\/p>\n<p>* L.I.P.: Proteine \u200b\u200bselectate pentru o absorb\u021bie maxim\u0103.<\/p>\n<p>Adaosuri (la 1 kg)<\/p>\n<p>Suplimente nutritive: Vitamina A: 31500 ME, Vitamina D3: 800 ME, Fier: 43 mg, Iod: 4,3 mg, Cupru: 8 mg, Mangan: 56 mg, Zinc: 168 mg, Celen: 0,07 mg - Tehnologic aditivi: Tripolifosfat de sodiu: 3,5 g - Conservan\u021bi - Antioxidan\u021bi.<\/p>\n<p>Con\u021binut nutrient:<\/p>\n<p>Proteine: 29% - Gr\u0103simi: 18% - Minerale: 7,1% - Fibre totale: 1,5%<\/p>","protected":false},"excerpt":{"rendered":"<p>ROYAL CANIN PUG PUPPY \u2014 Hran\u0103 complet\u0103 pentru c\u0103\u021bei din rasa Pug p\u00een\u0103 la 10 luni<\/p>\n<p>Fiecare ras\u0103 are propriile sale caracteristici \u0219i, ca urmare, propriile sale nevoi nutri\u021bionale. Formulele nutri\u021bionale ale Breed Health Nutrition sunt adaptate la anumite rase, iar forma \u0219i textura crochetului sunt adaptate structurii \u0219i aderen\u021bei unice a maxilarului.<\/p>","protected":false},"featured_media":12647,"template":"","meta":[],"product_cat":[80,81,84,95,103],"product_tag":[],"_links":{"self":[{"href":"https:\/\/onlinezooshop.md\/ro\/wp-json\/wp\/v2\/product\/9411"}],"collection":[{"href":"https:\/\/onlinezooshop.md\/ro\/wp-json\/wp\/v2\/product"}],"about":[{"href":"https:\/\/onlinezooshop.md\/ro\/wp-json\/wp\/v2\/types\/product"}],"wp:featuredmedia":[{"embeddable":true,"href":"https:\/\/onlinezooshop.md\/ro\/wp-json\/wp\/v2\/media\/12647"}],"wp:attachment":[{"href":"https:\/\/onlinezooshop.md\/ro\/wp-json\/wp\/v2\/media?parent=9411"}],"wp:term":[{"taxonomy":"product_cat","embeddable":true,"href":"https:\/\/onlinezooshop.md\/ro\/wp-json\/wp\/v2\/product_cat?post=9411"},{"taxonomy":"product_tag","embeddable":true,"href":"https:\/\/onlinezooshop.md\/ro\/wp-json\/wp\/v2\/product_tag?post=9411"}],"curies":[{"name":"wp","href":"https:\/\/api.w.org\/{rel}","templated":true}]}}