{"id":9417,"date":"2020-11-11T12:11:07","date_gmt":"2020-11-11T09:11:07","guid":{"rendered":"https:\/\/onlinezooshop.md\/?post_type=product&#038;p=9417"},"modified":"2025-12-16T15:12:54","modified_gmt":"2025-12-16T12:12:54","slug":"royal-canin-x-small-adult-15kg","status":"publish","type":"product","link":"https:\/\/onlinezooshop.md\/ro\/magazin\/royal-canin-x-small-adult-15kg\/","title":{"rendered":"Royal Canin X-Small adult 1,5kg"},"content":{"rendered":"<p>Ingrediente:<\/p>\n<p>F\u0103in\u0103 de cereale, proteine \u200b\u200bdeshidratate de origine animal\u0103 (p\u0103s\u0103ri de curte), gr\u00e2u, gr\u0103simi animale, orez, izolat de proteine \u200b\u200bvegetale *, hidrolizat de proteine \u200b\u200banimale (arome), fibre vegetale, minerale, ulei de soia, ulei de pe\u0219te, coaj\u0103 \u0219i semin\u021be de p\u0103tlagin\u0103 , drojdie \u0219i subproduse de fermenta\u021bie, fructooligozaharide.<\/p>\n<p>* L.I.P.: Proteine \u200b\u200bselectate pentru o absorb\u021bie maxim\u0103.<\/p>\n<p>Adaosuri (la 1 kg)<\/p>\n<p>Suplimente nutritive: Vitamina A: 21.500 UI, Vitamina D3: 1.000 UI, Fier: 40 mg, Iod: 4 mg, Cupru: 12 mg, Mangan: 51 mg, Zinc: 154 mg, Seleniu: 0,07 mg. Aditivi tehnologici: Tripolifosfat de sodiu: 3,5 g. Conservan\u021bi - Antioxidan\u021bi.<\/p>\n<p>Con\u021binut nutrient:<\/p>\n<p>Proteine: 24% - Gr\u0103simi: 18% - Minerale: 5,8% - Total fibre: 1,7%<\/p>","protected":false},"excerpt":{"rendered":"<p>ROYAL CANIN X-SMALL ADULT \u2014 PENTRU C\u00ceINI ADUL\u021aI DE DIMENSIUNI MINIATURE (MASA UNUI ADULT P\u00ceN\u0102 LA 4 KG), DE LA 10LUNI LA 8 ANI<\/p>","protected":false},"featured_media":12569,"template":"","meta":[],"product_cat":[80,81,103,104],"product_tag":[],"_links":{"self":[{"href":"https:\/\/onlinezooshop.md\/ro\/wp-json\/wp\/v2\/product\/9417"}],"collection":[{"href":"https:\/\/onlinezooshop.md\/ro\/wp-json\/wp\/v2\/product"}],"about":[{"href":"https:\/\/onlinezooshop.md\/ro\/wp-json\/wp\/v2\/types\/product"}],"wp:featuredmedia":[{"embeddable":true,"href":"https:\/\/onlinezooshop.md\/ro\/wp-json\/wp\/v2\/media\/12569"}],"wp:attachment":[{"href":"https:\/\/onlinezooshop.md\/ro\/wp-json\/wp\/v2\/media?parent=9417"}],"wp:term":[{"taxonomy":"product_cat","embeddable":true,"href":"https:\/\/onlinezooshop.md\/ro\/wp-json\/wp\/v2\/product_cat?post=9417"},{"taxonomy":"product_tag","embeddable":true,"href":"https:\/\/onlinezooshop.md\/ro\/wp-json\/wp\/v2\/product_tag?post=9417"}],"curies":[{"name":"wp","href":"https:\/\/api.w.org\/{rel}","templated":true}]}}