{"id":9420,"date":"2020-11-11T12:19:50","date_gmt":"2020-11-11T09:19:50","guid":{"rendered":"https:\/\/onlinezooshop.md\/?post_type=product&#038;p=9420"},"modified":"2025-12-16T15:12:04","modified_gmt":"2025-12-16T12:12:04","slug":"royal-canin-x-small-puppy-15kg","status":"publish","type":"product","link":"https:\/\/onlinezooshop.md\/ro\/magazin\/royal-canin-x-small-puppy-15kg\/","title":{"rendered":"Royal Canin X-Small puppy 1,5kg"},"content":{"rendered":"<p>Ingrediente:<\/p>\n<p>Proteine \u200b\u200bdeshidratate de origine animal\u0103 (p\u0103s\u0103ri de curte), orez, izolat de proteine \u200b\u200bvegetale *, gr\u0103simi animale, gr\u00e2u, hidrolizat de proteine \u200b\u200banimale (aditivi aromatizan\u021bi), fibre vegetale, minerale, ulei de soia, ulei de pe\u0219te, coaj\u0103 \u0219i semin\u021be de psyllium, fructooligozaharide, hidrolizat de drojdie (surs\u0103 de oligozaharide mananice), extracte de drojdie (surs\u0103 de beta-glucani), extract de g\u0103lbenele (surs\u0103 de lutein\u0103).<\/p>\n<p>Adaosuri (la 1 kg)<\/p>\n<p>Suplimente nutritive: Vitamina A: 21500 ME, Vitamina D3: 1000 ME, Vitamina E: 510 mg, Fier: 41 mg, Iod: 4,1 mg, Cupru: 13 mg, Mangan: 53 mg, Zinc: 159 mg, Celen: 0,07 mg, extract de Yucca: 125 mg - Aditivi tehnologici: Clinoptilolit de origine sedimentar\u0103: 10 g - Conservan\u021bi - Antioxidan\u021bi.<\/p>\n<p>Con\u021binut nutrient:<\/p>\n<p>Proteine: 31% - Gr\u0103simi: 20% - Minerale: 8% - Fibre alimentare: 1,6%.<\/p>\n<p>* L.I.P.: Proteine \u200b\u200bspecial selectate, cu digestibilitate ridicat\u0103.<\/p>","protected":false},"excerpt":{"rendered":"<p>ROYAL CANIN X-SMALL PUPPY \u2014 PENTRU C\u0102\u021aEI DE C\u00ceINI MINIATURI (MASA UNUI ADULT P\u00ceN\u0102 LA 4 KG), DE LA 2 LA 10 LUNI<\/p>","protected":false},"featured_media":12570,"template":"","meta":[],"product_cat":[80,81,103,104],"product_tag":[],"_links":{"self":[{"href":"https:\/\/onlinezooshop.md\/ro\/wp-json\/wp\/v2\/product\/9420"}],"collection":[{"href":"https:\/\/onlinezooshop.md\/ro\/wp-json\/wp\/v2\/product"}],"about":[{"href":"https:\/\/onlinezooshop.md\/ro\/wp-json\/wp\/v2\/types\/product"}],"wp:featuredmedia":[{"embeddable":true,"href":"https:\/\/onlinezooshop.md\/ro\/wp-json\/wp\/v2\/media\/12570"}],"wp:attachment":[{"href":"https:\/\/onlinezooshop.md\/ro\/wp-json\/wp\/v2\/media?parent=9420"}],"wp:term":[{"taxonomy":"product_cat","embeddable":true,"href":"https:\/\/onlinezooshop.md\/ro\/wp-json\/wp\/v2\/product_cat?post=9420"},{"taxonomy":"product_tag","embeddable":true,"href":"https:\/\/onlinezooshop.md\/ro\/wp-json\/wp\/v2\/product_tag?post=9420"}],"curies":[{"name":"wp","href":"https:\/\/api.w.org\/{rel}","templated":true}]}}