{"id":9423,"date":"2020-11-11T12:23:03","date_gmt":"2020-11-11T09:23:03","guid":{"rendered":"https:\/\/onlinezooshop.md\/?post_type=product&#038;p=9423"},"modified":"2025-12-17T16:55:50","modified_gmt":"2025-12-17T13:55:50","slug":"royal-canin-yorkshire-terrier-adult-75kg","status":"publish","type":"product","link":"https:\/\/onlinezooshop.md\/ro\/magazin\/royal-canin-yorkshire-terrier-adult-75kg\/","title":{"rendered":"Royal Canin Yorkshire Terrier adult 7,5kg"},"content":{"rendered":"<p>Ingrediente:<\/p>\n<p>Orez, proteine \u200b\u200bvegetale izolate *, proteine \u200b\u200bdeshidratate de origine animal\u0103 (p\u0103s\u0103ri de curte), gr\u00e2u, f\u0103in\u0103 de cereale, gr\u0103simi animale, hidrolizat de proteine \u200b\u200banimale (aditivi aromatizan\u021bi), fibre vegetale, minerale, ulei de pe\u0219te, drojdie, ulei de soia, fructooligozaharide, hidrolizat de drojdie (surs\u0103 de oligozaharide mananice), ulei de borage (0,1%), extract de g\u0103lbenele (surs\u0103 de lutein\u0103), extract de ceai verde (surs\u0103 de polifenoli), hidrolizat din coaj\u0103 de crustacee (surs\u0103 de glucozamin\u0103), hidrolizat de cartilaj (surs\u0103 de condrotin\u0103)<\/p>\n<p>* L.I.P.: Proteine \u200b\u200bselectate pentru o absorb\u021bie maxim\u0103.<\/p>\n<p>Adaosuri (la 1 kg)<\/p>\n<p>Suplimente nutritive: Vitamina A: 29.000 ME, Vitamina D3: 800 ME, Biotin\u0103: 3.07 mg, Fier: 41 mg, Iod: 4.1 mg, Cupru: 13 mg, Mangan: 53 mg, Zinc: 159 mg, Celen : 0,09 mg - Aditivi tehnologici: Clinoptilolit de origine sedimentar\u0103: 5 g - Conservan\u021bi - Antioxidan\u021bi.<\/p>\n<p>Con\u021binut nutrient:<\/p>\n<p>Proteine: 28% - Gr\u0103simi: 18% - Minerale: 5,2% - Total fibre: 2,9%<\/p>","protected":false},"excerpt":{"rendered":"<p>ROYAL CANIN YORKSHIRE TERRIER ADULT \u2014 Hran\u0103 complet\u0103 pentru c\u00eeini din rasa Yorkshire Terrier, de la 10 luni<\/p>\n<p>Fiecare ras\u0103 are propriile sale caracteristici \u0219i, ca urmare, propriile sale nevoi nutri\u021bionale. Formulele nutri\u021bionale ale Breed Health Nutrition sunt adaptate la anumite rase, iar forma \u0219i textura crochetului sunt adaptate structurii \u0219i aderen\u021bei unice a maxilarului.<\/p>","protected":false},"featured_media":12650,"template":"","meta":[],"product_cat":[80,81,84,89,103],"product_tag":[],"_links":{"self":[{"href":"https:\/\/onlinezooshop.md\/ro\/wp-json\/wp\/v2\/product\/9423"}],"collection":[{"href":"https:\/\/onlinezooshop.md\/ro\/wp-json\/wp\/v2\/product"}],"about":[{"href":"https:\/\/onlinezooshop.md\/ro\/wp-json\/wp\/v2\/types\/product"}],"wp:featuredmedia":[{"embeddable":true,"href":"https:\/\/onlinezooshop.md\/ro\/wp-json\/wp\/v2\/media\/12650"}],"wp:attachment":[{"href":"https:\/\/onlinezooshop.md\/ro\/wp-json\/wp\/v2\/media?parent=9423"}],"wp:term":[{"taxonomy":"product_cat","embeddable":true,"href":"https:\/\/onlinezooshop.md\/ro\/wp-json\/wp\/v2\/product_cat?post=9423"},{"taxonomy":"product_tag","embeddable":true,"href":"https:\/\/onlinezooshop.md\/ro\/wp-json\/wp\/v2\/product_tag?post=9423"}],"curies":[{"name":"wp","href":"https:\/\/api.w.org\/{rel}","templated":true}]}}